{"id":281294,"date":"2023-10-04T00:20:15","date_gmt":"2023-10-03T22:20:15","guid":{"rendered":"https:\/\/www.huntersfriend.eu\/product\/endanflug-letzter-ueberflug-specklebelly-silhouette-lockvoegel\/"},"modified":"2025-12-22T09:28:41","modified_gmt":"2025-12-22T07:28:41","slug":"endanflug-letzter-ueberflug-specklebelly-silhouette-lockvoegel","status":"publish","type":"product","link":"https:\/\/www.huntersfriend.eu\/de\/produkt\/endanflug-letzter-ueberflug-specklebelly-silhouette-lockvoegel\/","title":{"rendered":"Endanflug letzter \u00dcberflug Specklebelly-Silhouette Lockv\u00f6gel"},"content":{"rendered":"<p>Diese Lockv\u00f6gel haben ein bedeutendes Upgrade erhalten! Sie verf\u00fcgen \u00fcber eine neue hochaufl\u00f6sende Drucktechnologie, die dem Lockvogel ein \u00e4u\u00dferst realistisches Erscheinungsbild verleiht und den Glanz reduziert. Die naturgetreuen Details und Farben werden Ihren Lockvogel-Aufbau zum Leben erwecken. Der Griffstab wurde verbessert, um Platz f\u00fcr die Finger zu bieten und zu verhindern, dass der Stab vollst\u00e4ndig in den Lockvogel gedr\u00fcckt wird. Dieses Set besteht aus vier K\u00f6rperhaltungen: aufrecht, kurzhalsiger Fresser, Fresser und langhalsiger Fresser. Diese Lockv\u00f6gel sind leicht, einfach ins Feld zu transportieren und langlebig. Ob Sie nach weiteren Lockv\u00f6geln suchen, um Ihren Aufbau zu erweitern, oder ob Sie eine kompaktere Option w\u00fcnschen, diese sind die perfekte Wahl.      <\/p>\n<h2>MERKMALE<\/h2>\n<ul>\n<li>Hochaufl\u00f6sender Druckprozess<\/li>\n<li>Lebensechte K\u00f6rperhaltungen<\/li>\n<li>Glanzreduzierte Oberfl\u00e4che<\/li>\n<li>Langlebiges Coroplast-Material<\/li>\n<li>Ergonomischer Ez-Grab-Griff<\/li>\n<li>Federstahl-Stab<\/li>\n<li>12er-Set beinhaltet: 2 aufrechte, 2 kurzhalsige Fresser, 3 Fresser, 5 langhalsige Fresser<\/li>\n<\/ul>\n<p><strong>Bestellungen sind aufgrund der Gr\u00f6\u00dfe auf einen Karton begrenzt. Wenn Sie an einer gr\u00f6\u00dferen Menge interessiert sind, kontaktieren Sie uns bitte direkt, um die Versandkosten zu besprechen. <\/strong><\/p>\n","protected":false},"excerpt":{"rendered":"<p>12er-Set<\/p>\n","protected":false},"featured_media":255208,"comment_status":"open","ping_status":"closed","template":"","meta":[],"product_brand":[],"product_cat":[1394],"product_tag":[],"class_list":{"0":"post-281294","1":"product","2":"type-product","3":"status-publish","4":"has-post-thumbnail","6":"product_cat-ganse-lockvogel","7":"product_shipping_class-medium-de","9":"first","10":"instock","11":"sale","12":"taxable","13":"shipping-taxable","14":"purchasable","15":"product-type-simple"},"composite_virtual":false,"composite_layout":"","composite_add_to_cart_form_location":"","composite_editable_in_cart":false,"composite_sold_individually_context":"","composite_shop_price_calc":"","composite_components":[],"composite_scenarios":[],"group_of_quantity":0,"min_quantity":0,"max_quantity":"","exclude_order_quantity_value_rules":"no","exclude_category_quantity_rules":"no","combine_variations":"no","exclude_global_add_ons":[],"addons":[],"_links":{"self":[{"href":"https:\/\/www.huntersfriend.eu\/de\/wp-json\/wp\/v2\/product\/281294","targetHints":{"allow":["GET"]}}],"collection":[{"href":"https:\/\/www.huntersfriend.eu\/de\/wp-json\/wp\/v2\/product"}],"about":[{"href":"https:\/\/www.huntersfriend.eu\/de\/wp-json\/wp\/v2\/types\/product"}],"replies":[{"embeddable":true,"href":"https:\/\/www.huntersfriend.eu\/de\/wp-json\/wp\/v2\/comments?post=281294"}],"wp:featuredmedia":[{"embeddable":true,"href":"https:\/\/www.huntersfriend.eu\/de\/wp-json\/wp\/v2\/media\/255208"}],"wp:attachment":[{"href":"https:\/\/www.huntersfriend.eu\/de\/wp-json\/wp\/v2\/media?parent=281294"}],"wp:term":[{"taxonomy":"product_brand","embeddable":true,"href":"https:\/\/www.huntersfriend.eu\/de\/wp-json\/wp\/v2\/product_brand?post=281294"},{"taxonomy":"product_cat","embeddable":true,"href":"https:\/\/www.huntersfriend.eu\/de\/wp-json\/wp\/v2\/product_cat?post=281294"},{"taxonomy":"product_tag","embeddable":true,"href":"https:\/\/www.huntersfriend.eu\/de\/wp-json\/wp\/v2\/product_tag?post=281294"}],"curies":[{"name":"wp","href":"https:\/\/api.w.org\/{rel}","templated":true}]}}