{"id":281293,"date":"2023-09-22T09:21:31","date_gmt":"2025-06-23T09:56:18","guid":{"rendered":"https:\/\/www.huntersfriend.eu\/product\/scott-archery-hero-x-blaue-ausloesevorrichtung\/"},"modified":"2025-06-23T11:56:18","modified_gmt":"2025-06-23T09:56:18","slug":"scott-archery-hero-x-blaue-ausloesevorrichtung","status":"publish","type":"product","link":"https:\/\/www.huntersfriend.eu\/de\/produkt\/scott-archery-hero-x-blaue-ausloesevorrichtung\/","title":{"rendered":"Scott Archery Hero X Blaue Ausl\u00f6sevorrichtung"},"content":{"rendered":"<p><i>Einstellbar, zuverl\u00e4ssig und perfekt f\u00fcr den heranwachsenden Bogensch\u00fctzen<\/i><\/p>\n<p>F\u00fcr die n\u00e4chste Generation wurde der Hero X mit einem Jugend-Schnallengurt und einem Nylon-Verbindungsgurt (NCS) f\u00fcr eine unbegrenzte L\u00e4ngeneinstellung konstruiert. Der pr\u00e4zise Ausl\u00f6ser ist in zwei lebhaften Farben erh\u00e4ltlich und verf\u00fcgt \u00fcber Scotts bew\u00e4hrtes, selbstschlie\u00dfendes HyperJaw\u2122-Design, das exklusiv modifiziert wurde, um den Hero X-Kopf und den wachsenden Bogensch\u00fctzen zu ber\u00fccksichtigen. <\/p>\n<p><strong>Eigenschaften:<\/strong><\/p>\n<ul>\n<li>Erh\u00e4ltlich in leuchtendem Blau oder Violett<span class=\"apple-converted-space\"> <\/span><\/li>\n<li>Selbstschlie\u00dfende, exklusiv modifizierte HyperJaws<sup>TM<\/sup><span class=\"apple-converted-space\"> von Scott f\u00fcr un\u00fcbertroffene \u00d6ffnungsreaktion bei gleichzeitiger Eliminierung der Sehnenverwindung und Erh\u00f6hung der Genauigkeit<\/span><\/li>\n<li>Kompaktes ergonomisches Geh\u00e4usedesign bietet einen komfortableren und wiederholbaren Ankerpunkt<span class=\"apple-converted-space\"> <\/span><\/li>\n<li>Lederschnallengurt mit NCS-Verbindungsgurtsystem f\u00fcr unbegrenzte L\u00e4ngeneinstellung<span class=\"apple-converted-space\"> <\/span><\/li>\n<\/ul>\n","protected":false},"excerpt":{"rendered":"<p>Blau<\/p>\n","protected":false},"featured_media":254468,"comment_status":"open","ping_status":"closed","template":"","meta":[],"product_brand":[],"product_cat":[1095],"product_tag":[],"class_list":{"0":"post-281293","1":"product","2":"type-product","3":"status-publish","4":"has-post-thumbnail","6":"product_cat-handgelenks-release","8":"first","9":"instock","10":"taxable","11":"shipping-taxable","12":"purchasable","13":"product-type-simple"},"composite_virtual":false,"composite_layout":"","composite_add_to_cart_form_location":"","composite_editable_in_cart":false,"composite_sold_individually_context":"","composite_shop_price_calc":"","composite_components":[],"composite_scenarios":[],"group_of_quantity":0,"min_quantity":0,"max_quantity":"","exclude_order_quantity_value_rules":"no","exclude_category_quantity_rules":"no","combine_variations":"no","exclude_global_add_ons":[],"addons":[],"_links":{"self":[{"href":"https:\/\/www.huntersfriend.eu\/de\/wp-json\/wp\/v2\/product\/281293","targetHints":{"allow":["GET"]}}],"collection":[{"href":"https:\/\/www.huntersfriend.eu\/de\/wp-json\/wp\/v2\/product"}],"about":[{"href":"https:\/\/www.huntersfriend.eu\/de\/wp-json\/wp\/v2\/types\/product"}],"replies":[{"embeddable":true,"href":"https:\/\/www.huntersfriend.eu\/de\/wp-json\/wp\/v2\/comments?post=281293"}],"wp:featuredmedia":[{"embeddable":true,"href":"https:\/\/www.huntersfriend.eu\/de\/wp-json\/wp\/v2\/media\/254468"}],"wp:attachment":[{"href":"https:\/\/www.huntersfriend.eu\/de\/wp-json\/wp\/v2\/media?parent=281293"}],"wp:term":[{"taxonomy":"product_brand","embeddable":true,"href":"https:\/\/www.huntersfriend.eu\/de\/wp-json\/wp\/v2\/product_brand?post=281293"},{"taxonomy":"product_cat","embeddable":true,"href":"https:\/\/www.huntersfriend.eu\/de\/wp-json\/wp\/v2\/product_cat?post=281293"},{"taxonomy":"product_tag","embeddable":true,"href":"https:\/\/www.huntersfriend.eu\/de\/wp-json\/wp\/v2\/product_tag?post=281293"}],"curies":[{"name":"wp","href":"https:\/\/api.w.org\/{rel}","templated":true}]}}