{"id":281292,"date":"2023-12-09T01:03:28","date_gmt":"2025-06-23T09:56:04","guid":{"rendered":"https:\/\/www.huntersfriend.eu\/product\/anar-hetta-sitzrucksack\/"},"modified":"2025-09-01T12:44:57","modified_gmt":"2025-09-01T10:44:57","slug":"anar-hetta-sitzrucksack","status":"publish","type":"product","link":"https:\/\/www.huntersfriend.eu\/de\/produkt\/anar-hetta-sitzrucksack\/","title":{"rendered":"Anar Hetta Sitzrucksack"},"content":{"rendered":"<p>Der Anar Hetta Sitzrucksack ist die ideale Wahl f\u00fcr Jagd-, Angel- und Vogelbeobachtungsausfl\u00fcge. Der Rucksack verf\u00fcgt \u00fcber einen robusten integrierten Aluminiumrahmen und einen gepolsterten Sitzbereich, was das Sitzen auf dem Rucksack \u00e4u\u00dferst komfortabel gestaltet. Dank seines leichten Rahmens ist der Rucksack zudem einfach zu tragen. Der Hetta Sitzrucksack erweist sich als praktische Wahl, da das Hinsetzen zum Verzehr von Snacks und zur Betrachtung der Landschaft ein wesentlicher Bestandteil des Wanderns in der freien Natur ist.  <\/p>\n<div class=\"summary entry-summary\">\n<div class=\"woocommerce-tabs wc-tabs-wrapper\">\n<div id=\"tab-description\" class=\"woocommerce-Tabs-panel woocommerce-Tabs-panel--description panel entry-content wc-tab\" role=\"tabpanel\" aria-labelledby=\"tab-title-description\">\n<p>Der Rucksack ist aus strapazierf\u00e4higem Baumwollmischgewebe gefertigt. Dank seiner gewachsten Oberfl\u00e4che weist das Material Wasser ab und kann bei Bedarf mit Anar EcoWax Textilwachs nachbehandelt werden. Der Rucksack wird zudem mit einem Regenschutz geliefert, der bei starkem Regen den gesamten Rucksack sch\u00fctzen kann.  <\/p>\n<p>Der Rucksack verf\u00fcgt \u00fcber vielseitige Taschen und reichlich Platz f\u00fcr Ausr\u00fcstung und Wanderverpflegung. Die \u00d6ffnung des Rucksacks wird mit einer Kordel zugezogen und besitzt eine sch\u00fctzende Abdeckklappe. Um auf den Inhalt des Rucksacks zuzugreifen, ist es nicht erforderlich, sich vom Sitz zu erheben; ein Rei\u00dfverschluss an der Vorderseite erm\u00f6glicht das \u00d6ffnen des Hauptfachs, ohne die Abdeckklappe zu \u00f6ffnen. An beiden Seiten befinden sich ger\u00e4umige Rei\u00dfverschlusstaschen zur Aufbewahrung von Ausr\u00fcstung. An der Vorderseite befindet sich eine Tasche, die beispielsweise einen kleinen Eimer f\u00fcr einen Angelausflug aufnehmen kann. Die Rei\u00dfverschlusstasche der Abdeckklappe eignet sich hervorragend zur bequemen Aufbewahrung von Karte und Kompass. Das orangefarbene Futter erleichtert das Auffinden von Gegenst\u00e4nden im Rucksack.      <\/p>\n<p>Der gepolsterte R\u00fccken, die Schultergurte und der H\u00fcftgurt des Rucksacks erh\u00f6hen den Tragekomfort. Die Schultergurte und der H\u00fcftgurt sind verstellbar, und der Brustgurt sorgt f\u00fcr eine ausgewogene Lastverteilung, indem er die Schultergurte in Position h\u00e4lt. <\/p>\n<p>Lederdetails verleihen dem Rucksack den letzten Schliff.<\/p>\n<ul>\n<li>Die perfekte Wahl f\u00fcr Jagd-, Angel- und Vogelbeobachtungsausfl\u00fcge.<\/li>\n<li>Au\u00dfenma\u00dfe: H\u00f6he 52 cm, Breite 26 cm, Tiefe 24 cm<\/li>\n<li>Material ist gewachstes Baumwollmischgewebe<\/li>\n<li>Gewachstes Gewebe, das Wasser gut abweist. Bei Bedarf kann der Rucksack mit Anar EcoWax Textilwachs nachgewachst werden. <\/li>\n<li>Der Rucksack verf\u00fcgt \u00fcber einen integrierten Aluminiumrahmen und einen gepolsterten Sitz<\/li>\n<li>Gepolsterter R\u00fccken, Schultergurte und H\u00fcftgurt<\/li>\n<li>Verstellbare Schultergurte, Brustgurt und H\u00fcftgurt<\/li>\n<li>Die \u00d6ffnung des Rucksacks wird mit einer Kordel zugezogen<\/li>\n<li>Die Abdeckklappe kann mit zwei Kunststoffschnallen verschlossen werden<\/li>\n<li>Rei\u00dfverschluss vorne f\u00fcr das Hauptfach des Rucksacks<\/li>\n<li>Seitentaschen mit Rei\u00dfverschl\u00fcssen<\/li>\n<li>Rei\u00dfverschlusstasche an der Abdeckklappe<\/li>\n<li>Ledergriffe an den Seiten und am R\u00fccken<\/li>\n<li>Zwei Netztaschen im Inneren<\/li>\n<li>Rei\u00dfverschlusstasche am Boden mit einem Regenschutz f\u00fcr den Rucksack<\/li>\n<li>Bei Bedarf kann der Boden mit einem Rei\u00dfverschluss ge\u00f6ffnet werden<\/li>\n<li>Orangefarbenes Futter erleichtert das Auffinden von Gegenst\u00e4nden im Rucksack<\/li>\n<li>Lederdetails<\/li>\n<li>Entworfen und getestet in Finnland<\/li>\n<\/ul>\n<\/div>\n<\/div>\n<\/div>\n","protected":false},"excerpt":{"rendered":"<p>Der Anar Hetta Sitzrucksack ist die ideale Wahl f\u00fcr Jagd-, Angel- und Vogelbeobachtungsausfl\u00fcge. Der Rucksack verf\u00fcgt \u00fcber einen robusten integrierten Aluminiumrahmen und einen gepolsterten Sitzbereich, was das Sitzen auf dem Rucksack \u00e4u\u00dferst komfortabel gestaltet. Dank seines leichten Rahmens ist der Rucksack zudem einfach zu tragen. Der Hetta Sitzrucksack erweist sich als praktische Wahl, da das [&#8230;]\n","protected":false},"featured_media":259003,"comment_status":"open","ping_status":"closed","template":"","meta":[],"product_brand":[],"product_cat":[2043,1407],"product_tag":[],"class_list":{"0":"post-281292","1":"product","2":"type-product","3":"status-publish","4":"has-post-thumbnail","6":"product_cat-rucksacke","7":"product_cat-jagdrucksacke","8":"product_shipping_class-medium-de","10":"first","11":"onbackorder","12":"taxable","13":"shipping-taxable","14":"purchasable","15":"product-type-simple"},"composite_virtual":false,"composite_layout":"","composite_add_to_cart_form_location":"","composite_editable_in_cart":false,"composite_sold_individually_context":"","composite_shop_price_calc":"","composite_components":[],"composite_scenarios":[],"group_of_quantity":0,"min_quantity":0,"max_quantity":"","exclude_order_quantity_value_rules":"no","exclude_category_quantity_rules":"no","combine_variations":"no","exclude_global_add_ons":[],"addons":[],"_links":{"self":[{"href":"https:\/\/www.huntersfriend.eu\/de\/wp-json\/wp\/v2\/product\/281292","targetHints":{"allow":["GET"]}}],"collection":[{"href":"https:\/\/www.huntersfriend.eu\/de\/wp-json\/wp\/v2\/product"}],"about":[{"href":"https:\/\/www.huntersfriend.eu\/de\/wp-json\/wp\/v2\/types\/product"}],"replies":[{"embeddable":true,"href":"https:\/\/www.huntersfriend.eu\/de\/wp-json\/wp\/v2\/comments?post=281292"}],"wp:featuredmedia":[{"embeddable":true,"href":"https:\/\/www.huntersfriend.eu\/de\/wp-json\/wp\/v2\/media\/259003"}],"wp:attachment":[{"href":"https:\/\/www.huntersfriend.eu\/de\/wp-json\/wp\/v2\/media?parent=281292"}],"wp:term":[{"taxonomy":"product_brand","embeddable":true,"href":"https:\/\/www.huntersfriend.eu\/de\/wp-json\/wp\/v2\/product_brand?post=281292"},{"taxonomy":"product_cat","embeddable":true,"href":"https:\/\/www.huntersfriend.eu\/de\/wp-json\/wp\/v2\/product_cat?post=281292"},{"taxonomy":"product_tag","embeddable":true,"href":"https:\/\/www.huntersfriend.eu\/de\/wp-json\/wp\/v2\/product_tag?post=281292"}],"curies":[{"name":"wp","href":"https:\/\/api.w.org\/{rel}","templated":true}]}}