{"id":281291,"date":"2023-11-21T11:51:23","date_gmt":"2023-11-21T09:51:23","guid":{"rendered":"https:\/\/www.huntersfriend.eu\/product\/easton-sonic-6-0-individualpfeile\/"},"modified":"2026-04-24T07:51:11","modified_gmt":"2026-04-24T05:51:11","slug":"easton-sonic-6-0-individualpfeile","status":"publish","type":"product","link":"https:\/\/www.huntersfriend.eu\/de\/produkt\/easton-sonic-6-0-individualpfeile\/","title":{"rendered":"Easton Sonic 6.0 Ma\u00dfpfeile"},"content":{"rendered":"<p><em><strong>Alle Ma\u00dfpfeile werden handgefertigt und nach Ihren W\u00fcnschen fertiggestellt. Nach Fertigstellung ben\u00f6tigen Sie lediglich eine \u00dcbungs- oder Jagdspitze, und schon sind Sie schussbereit. <\/strong><\/em><\/p>\n<p><strong>DER NAME IST PROGRAMM: <\/strong><br \/>\nSchnell oder schwer! Es gibt heute so viele Pfeiloptionen auf dem Markt, dass es \u00fcberw\u00e4ltigend ist und die Informationsflut schnell verwirrend werden kann! Ich sage immer, dass die Wahl wirklich davon abh\u00e4ngt, was Sie mit diesen Pfeilen vorhaben. Wenn Sie Geschwindigkeit w\u00fcnschen, w\u00e4hlen Sie einen leichten Pfeil; wenn Sie mehr kinetische Energie (KE) suchen, ist ein schwererer Pfeil das Richtige f\u00fcr Sie. Wenn Sie auf der Geschwindigkeitsseite dieser Gleichung stehen, dann sind Sie hier genau richtig. Der Easton Sonic 6.0 ist ein 6 mm Hochleistungs-Jagdpfeil, der auf hohe Geschwindigkeit und Jagdpr\u00e4zision ausgelegt ist. Der Sonic 6.0 wird in den USA von Grund auf neu gefertigt, unter Verwendung von Eastons nahtlosem Acu-Carbon-Verfahren f\u00fcr 100%ige Gewichts- und Spine-Konsistenz von Schaft zu Schaft und von Dutzend zu Dutzend. Ein geringeres Gesamtgewicht erm\u00f6glicht auch eine gr\u00f6\u00dfere Auswahl an Pfeilbauoptionen; von leichten Geschwindigkeits-Setups bis hin zu schweren Pfeilen mit hohem FOC\/hohem Impuls. Der Sonic 6.0 ist einer der besten \u201eSpeed\u201c-Pfeile, die wir seit Langem gesehen haben.         <strong><br \/>\n<\/strong><span style=\"color: #333333;\"><br \/>\nSPEZIFIKATIONEN<\/span><\/p>\n<table>\n<tbody>\n<tr>\n<td><strong>300er<\/strong><br \/>\n.300&#8243; Deflection<br \/>\n8.8 GPI<br \/>\n+\/-.003&#8243; Geradheit<br \/>\n.286&#8243; Au\u00dfendurchmesser<\/td>\n<td><strong>350er<\/strong><br \/>\n.350&#8243; Deflection<br \/>\n7.8 GPI<br \/>\n+\/-.003&#8243; Geradheit<br \/>\n.279&#8243; Au\u00dfendurchmesser<\/td>\n<td><strong>400er<\/strong><br \/>\n.400&#8243; Deflection<br \/>\n7.2 GPI<br \/>\n+\/-.003&#8243; Geradheit<br \/>\n.275&#8243; Au\u00dfendurchmesser<\/td>\n<td><strong>500er<\/strong><br \/>\n.500&#8243; Deflection<br \/>\n6.7 GPI<br \/>\n+\/-.003&#8243; Geradheit<br \/>\n.273&#8243; Au\u00dfendurchmesser<\/td>\n<\/tr>\n<\/tbody>\n<\/table>\n<div class=\"elementor-element elementor-element-0117952 elementor-widget elementor-widget-text-editor\" data-id=\"0117952\" data-element_type=\"widget\" data-widget_type=\"text-editor.default\">\n<div class=\"elementor-widget-container\">\n<div class=\"elementor-text-editor elementor-clearfix\">\n<p>EIGENSCHAFTEN:<span data-ccp-props=\"{\"> <\/span><\/p>\n<ul>\n<li><span data-contrast=\"auto\">6 mm ST Inserts enthalten<\/span> (18 Grains)<\/li>\n<li data-leveltext=\"?\" data-font=\"Symbol\" data-listid=\"1\" data-aria-posinset=\"1\" data-aria-level=\"1\"><span data-contrast=\"auto\">6 mm Konstruktion aus 100 % Carbonfaser mit reduziertem Durchmesser<\/span><span data-ccp-props=\"{\"> <\/span><\/li>\n<li data-leveltext=\"?\" data-font=\"Symbol\" data-listid=\"1\" data-aria-posinset=\"3\" data-aria-level=\"1\"><span data-contrast=\"auto\">Vorinstallierte 6 mm Nocken<\/span><span data-ccp-props=\"{\"> <\/span><\/li>\n<li data-leveltext=\"?\" data-font=\"Symbol\" data-listid=\"1\" data-aria-posinset=\"5\" data-aria-level=\"1\"><span data-contrast=\"auto\">Geradheit +\/- .003\u201d<br \/>\n<\/span><span data-contrast=\"auto\">Hergestellt in den USA<\/span><\/li>\n<\/ul>\n<\/div>\n<\/div>\n<\/div>\n<p><strong>LEGEND\u00c4RE QUALIT\u00c4T:<br \/>\n<\/strong>Easton ist seit den 1940er Jahren f\u00fchrend bei Jagdpfeilen. Ihre Erfahrung und Technologie zeigen sich in jedem Produkt, das sie herstellen. Easton-Sch\u00e4fte werden von mehr Bogenj\u00e4gern, Armbrustj\u00e4gern, 3D-Wettk\u00e4mpfern, Ziel- und Olympischen Bogensch\u00fctzen verwendet als alle anderen Marken zusammen. Solche Zahlen l\u00fcgen nicht \u2013 Easton steht f\u00fcr erstklassige Qualit\u00e4t. Seien Sie unbesorgt und besorgen Sie sich Pfeile von Easton, Sie werden nicht entt\u00e4uscht sein.    <\/p>\n<p><strong>STANDARDISIERTE PFEILSCHAFTERTIEFE\/-DEFEKTIONSTABELLEN<\/strong><\/p>\n<p>Diese Tabelle ist f\u00fcr moderne Compoundb\u00f6gen mit IBO-Geschwindigkeiten zwischen 280-330 fps normalisiert. F\u00fcr schnellere B\u00f6gen lesen Sie die Tabelle ein Feld nach unten und rechts. F\u00fcr langsamere B\u00f6gen lesen Sie die Tabelle ein Feld nach oben und links. Die Tabelle ist nicht f\u00fcr traditionelle B\u00f6gen anwendbar. HINWEIS: Die tats\u00e4chlichen Pfeilschaftdeflektionen stimmen nicht unbedingt mit den vom Hersteller beworbenen Spine-Gr\u00f6\u00dfen \u00fcberein (Gold Tip 5575, Carbon Force 200, Carbon Express 60\/75 usw.). Die Spine-Gr\u00f6\u00dfensysteme der Hersteller <strong>k\u00f6nnen willk\u00fcrlich sein<\/strong> (100, 200, 300, 400) und spiegeln m\u00f6glicherweise die tats\u00e4chlichen Pfeilschaftdeflektionen nicht wider. Zum Beispiel hat ein \u201eCarbon Express Maxima 250\u201c eine tats\u00e4chliche Spine-Deflektion von .404&#8243;, nicht .250&#8243;, wie die Gr\u00f6\u00dfenangabe vermuten l\u00e4sst. In diesem Fall ist das Bewertungssystem willk\u00fcrlich. Um sicherzugehen, gehen Sie NICHT davon aus, dass die ver\u00f6ffentlichte Spine-Gr\u00f6\u00dfe eines Pfeils mit der tats\u00e4chlichen Deflektion des Pfeils \u00fcbereinstimmt. Beachten Sie die tats\u00e4chlichen Pfeilspezifikationsdaten oben, bevor Sie diese Tabelle zur Auswahl einer geeigneten Spine-Steifigkeit f\u00fcr Ihren Bogen verwenden. Wenn Sie Hilfe ben\u00f6tigen, rufen Sie unseren Pro-Shop an oder senden Sie uns eine E-Mail f\u00fcr Unterst\u00fctzung.          <\/p>\n<p><strong>\u00dcBER UNSER INDIVIDUELLES PFEILPROGRAMM:<\/strong><\/p>\n<p><strong>JEDER PFEIL WIRD VON HAND AUS BLANKEN SCH\u00c4FTEN GEFERTIGT. Dadurch erhalten wir gewisse Vorteile in der Herstellung gegen\u00fcber anderen Pfeilen der Wettbewerber.<\/strong> Jeder Rohschaft und seine Komponenten werden vor der Montage auf Herstellungsfehler \u00fcberpr\u00fcft. Jeder Schaft wird ordnungsgem\u00e4\u00df vorbereitet und jede Befiederung wird von Hand auf korrekte Haftung gepr\u00fcft. Anschlie\u00dfend werden alle Nocken ausgerichtet und jeder Pfeil wird auf einer unserer 8.000 U\/min Hochgeschwindigkeits-Pfeils\u00e4gen auf Ihre Spezifikationen zugeschnitten. Wir installieren dann Ihre Inserts, \u00dcbungsspitzen (falls separat bestellt) und reinigen die Pfeile, um \u00d6le oder Klebereste zu entfernen. Fertige Pfeils\u00e4tze m\u00fcssen dann eine gr\u00fcndliche Mehrpunktinspektion bestehen, bevor sie f\u00fcr den Versand an unsere Kunden freigegeben werden. Wir wissen, dass wir hier keine ballistischen Raketen bauen, aber wir nehmen unsere Pfeile sehr ernst. Wenn Ihre ma\u00dfgefertigten Pfeile ankommen, m\u00f6chten wir, dass Sie beeindruckt sind. Unsere ma\u00dfgefertigten Pfeile werden genau nach Ihren Spezifikationen geliefert und sind zu 100 % schussbereit. Dies ist die Art von Service, die Sie nur von einem echten Bogensport-Pro-Shop erhalten k\u00f6nnen, und wir sind stolz darauf, einen Qualit\u00e4tsstandard zu setzen, den eine Maschine einfach nicht erreichen kann.        <\/p>\n<p><strong> JEDER PFEIL IST DIREKT ZUM SCHIESSEN BEREIT Lassen Sie sich nicht von den sogenannten &#8222;field ready arrows&#8220; t\u00e4uschen, die in gro\u00dfen L\u00e4den und bei vielen H\u00e4ndlern angeboten werden.<\/strong> Dabei handelt es sich <u>nicht<\/u> um fertige Pfeile. Pfeile aus Gro\u00dfm\u00e4rkten sind einfach Rohsch\u00e4fte in voller L\u00e4nge, die maschinell mit den billigsten verf\u00fcgbaren Materialien (oft aus \u00dcbersee) befiedert wurden. Sie sind sicherlich NICHT f\u00fcr den Feldeinsatz bereit und ihre Qualit\u00e4t kann nicht mit handgefertigten Ma\u00dfanfertigungen verglichen werden. Ganz zu schweigen davon, dass der Kunde beim Kauf maschinell befiederter Fertigpfeile nur sehr wenig Auswahl hat. Meistens bekommt man einfach das, was in der Packung ist, und muss damit leben. Wir halten das f\u00fcr einen ziemlich niedrigen Standard.    <\/p>\n<p><strong>SPEZIELL F\u00dcR SIE PRODUZIERT<\/strong>Die handgefertigten Pfeile werden nach ihren angebenen Spezifikationen geschnitten und gebaut. Nichts wird im Voraus gefertigt. Kein Prozess beginnt, bevor Sie Ihre Bestellung aufgeben. Aber beachten Sie: Sobald wir die Eier aufschlagen und Ihr Omelett zubereiten, k\u00f6nnen wir es sp\u00e4ter nicht mehr f\u00fcr jemand anderen in die Schale zur\u00fccklegen. Ma\u00dfpfeile k\u00f6nnen nicht wieder eingelagert werden. Sobald sie befiedert, mit Inserts versehen oder auf L\u00e4nge zugeschnitten wurden, k\u00f6nnen Bestellungen f\u00fcr Ma\u00dfpfeile nicht storniert, zur\u00fcckgegeben oder umgetauscht werden \u2013 au\u00dfer in seltenen F\u00e4llen von Herstellerfehlern oder Fehlern des Shops bei der Bestellung. Stellen Sie also sicher, dass Ihre Spezifikationen vor der Bestellung korrekt sind. Sobald ein ma\u00dfgefertigter Satz Pfeile NUR F\u00dcR SIE gebaut wurde, geh\u00f6ren sie Ihnen. Nat\u00fcrlich, wenn es ein berechtigtes Problem gibt, stehen wir gerne zu unserer Arbeit und beheben die Dinge. Aber das wird nicht n\u00f6tig sein. Wir werden sicherstellen, dass Ihre Pfeile von Anfang an gro\u00dfartig sind. Sie werden sehen &#8230;          <\/p>\n<p><strong>WIE LANGE DAUERT ES? WANN ERHALTE ICH MEINE PFEILE?  <\/strong>Die Mehrheit (etwa 94 %) unserer kundenspezifischen Pro-Shop-Bestellungen wird innerhalb von 2-4 Werktagen bearbeitet, gebaut, gepr\u00fcft und versandt. In den ruhigeren Monaten (Januar-Juli) unterbieten wir diesen Durchschnitt normalerweise um einen Tag. In den gesch\u00e4ftigeren Monaten (August-Dezember) ben\u00f6tigen wir tendenziell einen zus\u00e4tzlichen Tag. Alles in allem ist eine offizielle Lieferzeit von 1-5 Tagen die ehrlichste Sch\u00e4tzung, die wir anbieten k\u00f6nnen. Wir wissen, dass unsere Kunden begierig darauf sind, ihre Ware in die H\u00e4nde zu bekommen und loszulegen, daher arbeiten wir konzentriert und versenden unsere Bestellungen so schnell wie m\u00f6glich. Sollte es zu Verz\u00f6gerungen oder Ausnahmen kommen, werden wir Sie informieren.      Aber im Allgemeinen k\u00f6nnen Sie davon ausgehen, dass Ihre kundenspezifische Pro-Shop-Bestellung innerhalb weniger Werktage auf dem Weg ist. Unser Kundenservice-E-Mail-System h\u00e4lt Sie \u00fcber den Status Ihrer Bestellung auf dem Laufenden. Die tats\u00e4chlichen Lieferzeiten variieren je nach Entfernung zum Pro-Shop\/Lager in Finnland.  <\/p>\n","protected":false},"excerpt":{"rendered":"<p>Wir verkaufen in Packungen zu 12, 24 St\u00fcck&#8230;<\/p>\n","protected":false},"featured_media":257640,"comment_status":"open","ping_status":"closed","template":"","meta":[],"product_brand":[],"product_cat":[1189],"product_tag":[],"class_list":{"0":"post-281291","1":"product","2":"type-product","3":"status-publish","4":"has-post-thumbnail","6":"product_cat-carbon-handgefertigt","8":"first","9":"instock","10":"taxable","11":"shipping-taxable","12":"purchasable","13":"product-type-composite"},"composite_virtual":false,"composite_layout":"single","composite_add_to_cart_form_location":"default","composite_editable_in_cart":false,"composite_sold_individually_context":"product","composite_shop_price_calc":"min_max","composite_components":[{"id":"1700568465","title":"Pfeilschaft","description":"","query_type":"product_ids","query_ids":[281286],"default_option_id":281286,"thumbnail_id":"","thumbnail_src":"","quantity_min":12,"quantity_max":"","priced_individually":true,"shipped_individually":false,"optional":false,"discount":"","options_style":"dropdowns","pagination_style":"classic","display_prices":"absolute","show_sorting_options":false,"show_filtering_options":false,"attribute_filter_ids":[],"select_action":"view","product_title_visible":true,"product_descr_visible":true,"product_price_visible":true,"product_thumb_visible":true,"subtotal_visible_product":true,"subtotal_visible_cart":true,"subtotal_visible_orders":true,"product_addons_visible":true},{"id":"1700568466","title":"Leitfederfarbe","description":"<p>Dies ist eine der drei Federn am Pfeil. Alle drei Federn m\u00fcssen vom gleichen Typ, aber nicht unbedingt von der gleichen Farbe sein. <\/p>\n","query_type":"product_ids","query_ids":[280926,281033,281044,281053,281009,281832,280908],"default_option_id":281033,"thumbnail_id":"","thumbnail_src":"","quantity_min":12,"quantity_max":"","priced_individually":false,"shipped_individually":false,"optional":false,"discount":"","options_style":"dropdowns","pagination_style":"classic","display_prices":"absolute","show_sorting_options":false,"show_filtering_options":false,"attribute_filter_ids":[],"select_action":"view","product_title_visible":true,"product_descr_visible":true,"product_price_visible":true,"product_thumb_visible":true,"subtotal_visible_product":true,"subtotal_visible_cart":true,"subtotal_visible_orders":true,"product_addons_visible":true},{"id":"1700568467","title":"Beifederfarbe","description":"<p>Dies sind zwei der drei Federn am Pfeil. Alle drei Federn m\u00fcssen vom gleichen Typ, aber nicht unbedingt von der gleichen Farbe sein. <\/p>\n","query_type":"product_ids","query_ids":[280926,281033,281044,281053,281009,281832,280908],"default_option_id":281033,"thumbnail_id":"","thumbnail_src":"","quantity_min":24,"quantity_max":"","priced_individually":false,"shipped_individually":false,"optional":false,"discount":"","options_style":"dropdowns","pagination_style":"classic","display_prices":"absolute","show_sorting_options":false,"show_filtering_options":false,"attribute_filter_ids":[],"select_action":"view","product_title_visible":true,"product_descr_visible":true,"product_price_visible":true,"product_thumb_visible":true,"subtotal_visible_product":true,"subtotal_visible_cart":true,"subtotal_visible_orders":true,"product_addons_visible":true}],"composite_scenarios":[],"group_of_quantity":0,"min_quantity":0,"max_quantity":"","exclude_order_quantity_value_rules":"no","exclude_category_quantity_rules":"no","combine_variations":"no","exclude_global_add_ons":false,"addons":[{"name":"Befiederungsstil","type":"multiple_choice","position":0,"required":true,"title_format":"label","default":"","description_enable":false,"description":null,"placeholder_enable":false,"placeholder":null,"display":"select","restrictions_type":"any_text","adjust_price":false,"price":"","price_type":"flat_fee","restrictions":false,"min":"0","max":"0","options":[{"label":"Offset","price":"","price_type":"flat_fee","image":0,"visibility":true},{"label":"Helikal","price":"","price_type":"flat_fee","image":0,"visibility":true},{"label":"Gerade","price":"","price_type":"flat_fee","image":0,"visibility":true}],"id":1719833849}],"_links":{"self":[{"href":"https:\/\/www.huntersfriend.eu\/de\/wp-json\/wp\/v2\/product\/281291","targetHints":{"allow":["GET"]}}],"collection":[{"href":"https:\/\/www.huntersfriend.eu\/de\/wp-json\/wp\/v2\/product"}],"about":[{"href":"https:\/\/www.huntersfriend.eu\/de\/wp-json\/wp\/v2\/types\/product"}],"replies":[{"embeddable":true,"href":"https:\/\/www.huntersfriend.eu\/de\/wp-json\/wp\/v2\/comments?post=281291"}],"wp:featuredmedia":[{"embeddable":true,"href":"https:\/\/www.huntersfriend.eu\/de\/wp-json\/wp\/v2\/media\/257640"}],"wp:attachment":[{"href":"https:\/\/www.huntersfriend.eu\/de\/wp-json\/wp\/v2\/media?parent=281291"}],"wp:term":[{"taxonomy":"product_brand","embeddable":true,"href":"https:\/\/www.huntersfriend.eu\/de\/wp-json\/wp\/v2\/product_brand?post=281291"},{"taxonomy":"product_cat","embeddable":true,"href":"https:\/\/www.huntersfriend.eu\/de\/wp-json\/wp\/v2\/product_cat?post=281291"},{"taxonomy":"product_tag","embeddable":true,"href":"https:\/\/www.huntersfriend.eu\/de\/wp-json\/wp\/v2\/product_tag?post=281291"}],"curies":[{"name":"wp","href":"https:\/\/api.w.org\/{rel}","templated":true}]}}