{"id":281281,"date":"2023-11-21T11:26:14","date_gmt":"2023-11-21T09:26:14","guid":{"rendered":"https:\/\/www.huntersfriend.eu\/product\/easton-sonic-6-0-fertig-befiederter-pfeil\/"},"modified":"2025-11-05T14:45:02","modified_gmt":"2025-11-05T12:45:02","slug":"easton-sonic-6-0-fertig-befiederter-pfeil","status":"publish","type":"product","link":"https:\/\/www.huntersfriend.eu\/de\/produkt\/easton-sonic-6-0-fertig-befiederter-pfeil\/","title":{"rendered":"Easton Sonic 6.0 fertig befiederter Pfeil"},"content":{"rendered":"<p><strong>Befiedert mit 5,08 cm (2 Zoll) Bully-Federn<\/strong><\/p>\n<p><strong>DER NAME SAGT ALLES: <\/strong><br \/>\nSchnell oder schwer! Es gibt heutzutage eine \u00fcberw\u00e4ltigende Auswahl an Pfeilen auf dem Markt, und die Informationsflut kann rasch verwirrend werden! Ich sage immer, dass die Wahl wirklich davon abh\u00e4ngt, was Sie mit diesen Pfeilen vorhaben. Wenn Sie Geschwindigkeit w\u00fcnschen, w\u00e4hlen Sie einen leichten Pfeil; wenn Sie mehr kinetische Energie suchen, ist ein schwererer f\u00fcr Sie geeignet. Wenn Sie sich f\u00fcr die Geschwindigkeitsseite dieser Gleichung entscheiden, sind Sie hier richtig. Der Easton Sonic 6.0 ist ein 6-mm-Hochleistungs-Jagdpfeil, der mit Blick auf Hochgeschwindigkeit und Jagdpr\u00e4zision entwickelt wurde. Der Sonic 6.0 wird von Grund auf in den USA unter Verwendung von Eastons nahtlosem Acu-Carbon-Verfahren hergestellt, was 100%ige Gewichts- und Spinekonsistenz von Schaft zu Schaft und von Dutzend zu Dutzend gew\u00e4hrleistet. Das geringere Gesamtmassengewicht erm\u00f6glicht auch eine breitere Palette von Pfeilkonfigurationen; von leichtgewichtigen Geschwindigkeitsaufbauten bis hin zu Schwergewichten mit hohem FOC und hohem Impuls. Der Sonic 6.0 ist einer der qualitativ hochwertigsten \u201eGeschwindigkeits\u201c pfeile, die wir seit langem gesehen haben.         <strong><br \/>\n<\/strong><span style=\"color: #333333;\"><br \/>\nSPEZIFIKATIONEN<\/span><\/p>\n<table>\n<tbody>\n<tr>\n<td><strong>300er<\/strong><br \/>\n.300&#8243; Durchbiegung<br \/>\n8,8 GPI<br \/>\n+\/-.003&#8243; Geradheit<br \/>\n.286&#8243; Au\u00dfendurchmesser<\/td>\n<td><strong>350er<\/strong><br \/>\n.350&#8243; Durchbiegung<br \/>\n7,8 GPI<br \/>\n+\/-.003&#8243; Geradheit<br \/>\n.279&#8243; Au\u00dfendurchmesser<\/td>\n<td><strong>400er<\/strong><br \/>\n.400&#8243; Durchbiegung<br \/>\n7,2 GPI<br \/>\n+\/-.003&#8243; Geradheit<br \/>\n.275&#8243; Au\u00dfendurchmesser<\/td>\n<td><strong>500er<\/strong><br \/>\n.500&#8243; Durchbiegung<br \/>\n6,7 GPI<br \/>\n+\/-.003&#8243; Geradheit<br \/>\n.273&#8243; Au\u00dfendurchmesser<\/td>\n<\/tr>\n<\/tbody>\n<\/table>\n<div class=\"elementor-element elementor-element-0117952 elementor-widget elementor-widget-text-editor\" data-id=\"0117952\" data-element_type=\"widget\" data-widget_type=\"text-editor.default\">\n<div class=\"elementor-widget-container\">\n<div class=\"elementor-text-editor elementor-clearfix\">\n<p>MERKMALE:<span data-ccp-props=\"{\"> <\/span><\/p>\n<ul>\n<li><span data-contrast=\"auto\">6mm ST Eins\u00e4tze inklusive<\/span> (18 Grain)<\/li>\n<li data-leveltext=\"?\" data-font=\"Symbol\" data-listid=\"1\" data-aria-posinset=\"1\" data-aria-level=\"1\"><span data-contrast=\"auto\">6mm Konstruktion aus 100% Kohlefaser mit reduziertem Durchmesser<\/span><span data-ccp-props=\"{\"> <\/span><\/li>\n<li data-leveltext=\"?\" data-font=\"Symbol\" data-listid=\"1\" data-aria-posinset=\"3\" data-aria-level=\"1\"><span data-contrast=\"auto\">Vorinstallierte 6mm Nocken<\/span><span data-ccp-props=\"{\"> <\/span><\/li>\n<li data-leveltext=\"?\" data-font=\"Symbol\" data-listid=\"1\" data-aria-posinset=\"5\" data-aria-level=\"1\"><span data-contrast=\"auto\">Geradheit +\/- .003&#8243;<br \/>\n<\/span><span data-contrast=\"auto\">Hergestellt in den USA<\/span><\/li>\n<\/ul>\n<\/div>\n<\/div>\n<\/div>\n<p><strong>LEGEND\u00c4RE QUALIT\u00c4T:<br \/>\n<\/strong>Easton ist seit den 1940er Jahren f\u00fchrend bei Jagdpfeilen. Ihre Erfahrung und Technologie zeigt sich in allen produzierten Produkten. Easton-Sch\u00e4fte werden von Bogenj\u00e4gern, Armbrustj\u00e4gern, 3D-Sch\u00fctzen, Ziel- und olympischen Bogensch\u00fctzen genutzt. Mehr als von alle anderen Marken zusammen. Die Zahlen l\u00fcgen nicht &#8211; Easton bietet erstklassige Qualit\u00e4t. Easton-Pfeile werden dich nicht entt\u00e4uschen.<\/p>\n<h3>STANDARDISIERTE PFEIL-SPINE\/DURCHBIEGUNGS-TABELLEN:<\/h3>\n<p>Diese Tabelle ist f\u00fcr moderne Compound-B\u00f6gen mit IBO-Geschwindigkeiten zwischen 280-330 fps normalisiert. F\u00fcr schnellere B\u00f6gen lesen Sie die Tabelle einen Block nach unten und rechts. F\u00fcr langsamere B\u00f6gen lesen Sie die Tabelle einen Block nach oben und links. Die Tabelle ist nicht anwendbar f\u00fcr traditionelle B\u00f6gen. HINWEIS: Die tats\u00e4chlichen Pfeil-Spine-Durchbiegungen entsprechen nicht unbedingt den vom Hersteller beworbenen Spine-Gr\u00f6\u00dfen (Gold Tip 5575, Carbon Force 200, Carbon Express 60\/75, etc.). Die Spine-Gr\u00f6\u00dfensysteme der Hersteller <strong>k\u00f6nnen willk\u00fcrlich sein<\/strong> (100, 200, 300, 400) und spiegeln m\u00f6glicherweise nicht die tats\u00e4chlichen Spine-Durchbiegungen der Pfeile wider. Zum Beispiel hat ein &#8222;Carbon Express Maxima 250&#8243; eine tats\u00e4chliche Spine-Durchbiegung von .404&#8243;, nicht .250&#8220;, wie die Gr\u00f6\u00dfenangabe vermuten l\u00e4sst. In diesem Fall ist das Bewertungssystem willk\u00fcrlich. Um auf der sicheren Seite zu sein, gehen Sie NICHT davon aus, dass die ver\u00f6ffentlichte Spine-Gr\u00f6\u00dfe eines Pfeils der tats\u00e4chlichen Durchbiegung des Pfeils entspricht. Beachten Sie die tats\u00e4chlichen Pfeilspezifikationsdaten oben, bevor Sie diese Tabelle verwenden, um eine geeignete Spine-Steifigkeit f\u00fcr Ihren Bogen auszuw\u00e4hlen. Wenn Sie Hilfe ben\u00f6tigen, rufen Sie unseren Pro-Shop an oder senden Sie uns eine E-Mail f\u00fcr Unterst\u00fctzung.          <\/p>\n<p><strong>Diese Pfeile sind werkseitig befiedert, daher k\u00f6nnen Farbe oder Form der Federn nicht angepasst werden! Wenn Sie die Befiederung anpassen m\u00f6chten, gehen Sie bitte zu unserer <a href=\"https:\/\/www.huntersfriend.eu\/de\/produkt-kategorie\/pfeile-schafte-und-bolzen\/eigene-pfeile\/\">Auswahl an individuellen Pfeilen<\/a>.<\/strong><\/p>\n","protected":false},"excerpt":{"rendered":"<p>Befiedert mit 5,08 cm (2 Zoll) Bully-Federn DER NAME SAGT ALLES: Schnell oder schwer! Es gibt heutzutage eine \u00fcberw\u00e4ltigende Auswahl an Pfeilen auf dem Markt, und die Informationsflut kann rasch verwirrend werden! Ich sage immer, dass die Wahl wirklich davon abh\u00e4ngt, was Sie mit diesen Pfeilen vorhaben. Wenn Sie Geschwindigkeit w\u00fcnschen, w\u00e4hlen Sie einen leichten [&#8230;]\n","protected":false},"featured_media":257640,"comment_status":"open","ping_status":"closed","template":"","meta":[],"product_brand":[],"product_cat":[1100],"product_tag":[],"class_list":{"0":"post-281281","1":"product","2":"type-product","3":"status-publish","4":"has-post-thumbnail","6":"product_cat-karbon-jagd-pfeile","8":"first","9":"instock","10":"taxable","11":"shipping-taxable","12":"purchasable","13":"product-type-variable"},"composite_virtual":false,"composite_layout":"","composite_add_to_cart_form_location":"","composite_editable_in_cart":false,"composite_sold_individually_context":"","composite_shop_price_calc":"","composite_components":[],"composite_scenarios":[],"group_of_quantity":0,"min_quantity":0,"max_quantity":"","exclude_order_quantity_value_rules":"no","exclude_category_quantity_rules":"no","combine_variations":"no","exclude_global_add_ons":false,"addons":[{"name":"Zuschnitt","type":"multiple_choice","position":0,"required":true,"title_format":"label","default":"","description_enable":false,"description":null,"placeholder_enable":false,"placeholder":null,"display":"select","restrictions_type":"any_text","adjust_price":false,"price":"","price_type":"flat_fee","restrictions":false,"min":"0","max":"0","options":[{"label":"Nicht schneiden","price":"","price_type":"flat_fee","image":0,"visibility":true},{"label":"Bitte schneiden - f\u00fcgen Sie die gew\u00fcnschte L\u00e4nge im Infofeld beim Auschecken hinzu","price":"","price_type":"flat_fee","image":0,"visibility":true}],"id":1751468004},{"name":"Eins\u00e4tze","type":"multiple_choice","position":1,"required":true,"title_format":"label","default":"","description_enable":false,"description":null,"placeholder_enable":false,"placeholder":null,"display":"select","restrictions_type":"any_text","adjust_price":false,"price":"","price_type":"flat_fee","restrictions":false,"min":"0","max":"0","options":[{"label":"Eins\u00e4tze installieren (Dies ist dauerhaft!)","price":"","price_type":"flat_fee","image":0,"visibility":true},{"label":"Eins\u00e4tze nicht installieren (lose beilegen)","price":"","price_type":"flat_fee","image":0,"visibility":true}],"id":1751468005}],"_links":{"self":[{"href":"https:\/\/www.huntersfriend.eu\/de\/wp-json\/wp\/v2\/product\/281281","targetHints":{"allow":["GET"]}}],"collection":[{"href":"https:\/\/www.huntersfriend.eu\/de\/wp-json\/wp\/v2\/product"}],"about":[{"href":"https:\/\/www.huntersfriend.eu\/de\/wp-json\/wp\/v2\/types\/product"}],"replies":[{"embeddable":true,"href":"https:\/\/www.huntersfriend.eu\/de\/wp-json\/wp\/v2\/comments?post=281281"}],"wp:featuredmedia":[{"embeddable":true,"href":"https:\/\/www.huntersfriend.eu\/de\/wp-json\/wp\/v2\/media\/257640"}],"wp:attachment":[{"href":"https:\/\/www.huntersfriend.eu\/de\/wp-json\/wp\/v2\/media?parent=281281"}],"wp:term":[{"taxonomy":"product_brand","embeddable":true,"href":"https:\/\/www.huntersfriend.eu\/de\/wp-json\/wp\/v2\/product_brand?post=281281"},{"taxonomy":"product_cat","embeddable":true,"href":"https:\/\/www.huntersfriend.eu\/de\/wp-json\/wp\/v2\/product_cat?post=281281"},{"taxonomy":"product_tag","embeddable":true,"href":"https:\/\/www.huntersfriend.eu\/de\/wp-json\/wp\/v2\/product_tag?post=281281"}],"curies":[{"name":"wp","href":"https:\/\/api.w.org\/{rel}","templated":true}]}}