{"id":281280,"date":"2023-10-30T12:10:08","date_gmt":"2023-10-30T10:10:08","guid":{"rendered":"https:\/\/www.huntersfriend.eu\/product\/meat-seeker-rpg-massgeschneiderte-pfeile\/"},"modified":"2026-04-24T07:41:08","modified_gmt":"2026-04-24T05:41:08","slug":"meat-seeker-rpg-massgeschneiderte-pfeile","status":"publish","type":"product","link":"https:\/\/www.huntersfriend.eu\/de\/produkt\/meat-seeker-rpg-massgeschneiderte-pfeile\/","title":{"rendered":"Meat Seeker RPG Ma\u00dfgefertigte Pfeile"},"content":{"rendered":"<div>Die Meat Seeker Produktfamilie hat einen neuen Einsteigerpfeil RPG erhalten, der trotz seines niedrigen Preises ein vollwertiger Jagdpfeil ist und f\u00fcr jedes Wild geeignet ist!<\/div>\n<div><\/div>\n<div>0,006 Geradheit<\/div>\n<div>6,2 mm (0,244&#8243;) Innendurchmesser<\/div>\n<div>Sehr konsistente Pfeile<\/div>\n<div>GPI nach Spin<\/div>\n<div>300 bis 9,1 GPI<\/div>\n<div>350 bis 8,3 GPI<\/div>\n<div>400 bis 7,5 GPI<\/div>\n<div>500 bis 6,7 GPI<\/div>\n<div>Hergestellt aus hochwertiger Kohlefaser<\/div>\n<div>Inklusive S-Nocke \u2013 9 Grain<\/div>\n<div>Enth\u00e4lt hochwertige Meat Seeker Inserts \u2013 12 Grain<\/div>\n<p><span lang=\"EN-US\">Diese Spine-Tabelle ist f\u00fcr moderne Compoundb\u00f6gen mit IBO-Geschwindigkeiten zwischen 280-330 fps normalisiert. F\u00fcr schnellere B\u00f6gen lesen Sie die Tabelle einen Block nach unten und rechts. F\u00fcr langsamere B\u00f6gen lesen Sie die Tabelle einen Block nach oben und links. Die Tabelle ist nicht f\u00fcr traditionelle B\u00f6gen anwendbar. HINWEIS: Die tats\u00e4chlichen Pfeil-Spine-Durchbiegungen stimmen nicht unbedingt mit den vom Hersteller angegebenen Spine-Gr\u00f6\u00dfen \u00fcberein (Gold Tip 5575, Carbon Force 200, Carbon Express 60\/75 usw.). Die Spine-Gr\u00f6\u00dfensysteme der Hersteller       <\/span><strong><span lang=\"EN-US\">k\u00f6nnen willk\u00fcrlich sein<\/span><\/strong><span lang=\"EN-US\">  (100, 200, 300, 400) und spiegeln m\u00f6glicherweise die tats\u00e4chlichen Spine-Durchbiegungen der Pfeile wider oder auch nicht. Zum Beispiel hat ein \u201eCarbon Express Maxima 250\u201c eine tats\u00e4chliche Spine-Durchbiegung von 0,404&#8243;, nicht 0,250&#8243;, wie die Gr\u00f6\u00dfenangabe vermuten l\u00e4sst. In diesem Fall ist das Bewertungssystem willk\u00fcrlich. Um sicherzugehen, gehen Sie NICHT davon aus, dass die ver\u00f6ffentlichte Spine-Gr\u00f6\u00dfe eines Pfeils mit der tats\u00e4chlichen Durchbiegung des Pfeils \u00fcbereinstimmt. Beachten Sie die oben genannten tats\u00e4chlichen Pfeilspezifikationsdaten, bevor Sie diese Tabelle zur Auswahl einer geeigneten Spine-Steifigkeit f\u00fcr Ihren Bogen verwenden.      <em><strong>Wenn Sie Hilfe ben\u00f6tigen, rufen Sie unseren Pro-Shop unter +358 45 208 6292 an oder senden Sie uns eine E-Mail f\u00fcr Unterst\u00fctzung.<\/strong><\/em><\/span><\/p>\n<p><strong>\u00dcBER UNSER PROGRAMM F\u00dcR MASSGEFERTIGTE PFEILE:<\/strong><\/p>\n<p><strong>JEDER PFEIL WIRD VON HAND AUS BLANKEN SCH\u00c4FTEN GEFERTIGT. Dadurch erhalten wir gewisse Vorteile in der Herstellung gegen\u00fcber anderen Pfeilen der Wettbewerber.<\/strong> Jeder Rohschaft und seine Komponenten werden vor der Montage auf Herstellungsfehler \u00fcberpr\u00fcft. Jeder Schaft wird ordnungsgem\u00e4\u00df vorbereitet und jede Befiederung wird von Hand auf korrekte Haftung gepr\u00fcft. Anschlie\u00dfend werden alle Nocken ausgerichtet und jeder Pfeil wird auf einer unserer 8.000 U\/min Hochgeschwindigkeits-Pfeils\u00e4gen nach Ihren Vorgaben zugeschnitten. Wir installieren dann Ihre Inserts, \u00dcbungsspitzen (falls separat bestellt) und reinigen die Pfeile, um \u00d6le oder Klebereste zu entfernen. Fertige Pfeils\u00e4tze m\u00fcssen dann eine gr\u00fcndliche Mehrpunktpr\u00fcfung bestehen, bevor sie f\u00fcr den Versand an unsere Kunden freigegeben werden. Wir wissen, dass wir hier keine ballistischen Raketen bauen, aber wir nehmen unsere Pfeile sehr ernst. Wenn Ihre ma\u00dfgefertigten Pfeile ankommen, m\u00f6chten wir, dass Sie beeindruckt sind. Unsere ma\u00dfgefertigten Pfeile werden genau nach Ihren Spezifikationen geliefert und sind zu 100 % schussbereit. Diesen Service erhalten Sie nur von einem echten Bogensport-Pro-Shop, und wir sind stolz darauf, einen Qualit\u00e4tsstandard zu setzen, den eine Maschine einfach nicht erreichen kann.        <\/p>\n<p><strong> JEDER PFEIL IST DIREKT ZUM SCHIESSEN BEREIT Lassen Sie sich nicht von den sogenannten &#8222;field ready arrows&#8220; t\u00e4uschen, die in gro\u00dfen L\u00e4den und bei vielen H\u00e4ndlern angeboten werden.<\/strong> Dabei handelt es sich <u>nicht<\/u> um fertige Pfeile. Pfeile aus dem Gro\u00dfhandel sind einfach Rohsch\u00e4fte in voller L\u00e4nge, die maschinell mit den billigsten verf\u00fcgbaren Materialien (oft aus \u00dcbersee) befiedert wurden. Sie sind sicherlich NICHT f\u00fcr den Feldeinsatz bereit und ihre Qualit\u00e4t kann nicht mit handgefertigten Ma\u00dfanfertigungen verglichen werden. Ganz zu schweigen davon, dass der Kunde beim Kauf maschinell befiederter Fertigprodukte nur sehr wenig Auswahl hat. Meistens bekommt man einfach das, was in der Packung ist, und muss damit leben. Wir halten das f\u00fcr einen ziemlich niedrigen Standard.    <\/p>\n<p><strong>SPEZIELL F\u00dcR SIE PRODUZIERT<\/strong>Die handgefertigten Pfeile werden nach ihren angebenen Spezifikationen geschnitten und gebaut. Nichts wird im Voraus gefertigt. Kein Prozess beginnt, bevor Sie Ihre Bestellung aufgeben. Aber beachten Sie: Sobald wir die Eier aufschlagen und Ihr Omelett zubereiten, k\u00f6nnen wir es sp\u00e4ter nicht mehr f\u00fcr jemand anderen in die Schale zur\u00fccklegen. Ma\u00dfgefertigte Pfeile k\u00f6nnen nicht zur\u00fcckgenommen werden. Sobald sie befiedert, mit Inserts versehen oder auf L\u00e4nge zugeschnitten wurden, k\u00f6nnen Bestellungen f\u00fcr ma\u00dfgefertigte Pfeile nicht storniert, zur\u00fcckgegeben oder umgetauscht werden \u2013 au\u00dfer in seltenen F\u00e4llen von Herstellerfehlern oder Fehlern des Shops bei der Bestellung. Stellen Sie also sicher, dass Ihre Spezifikationen vor der Bestellung korrekt sind. Sobald ein ma\u00dfgefertigter Pfeilsatz NUR F\u00dcR SIE angefertigt wurde, geh\u00f6rt er Ihnen. Nat\u00fcrlich, wenn es ein berechtigtes Problem gibt, stehen wir gerne zu unserer Arbeit und beheben die Dinge. Aber das wird nicht n\u00f6tig sein. Wir werden sicherstellen, dass Ihre Pfeile von Anfang an gro\u00dfartig sind. Sie werden sehen &#8230;          <\/p>\n<p><strong>WIE LANGE DAUERT ES? WANN ERHALTE ICH MEINE PFEILE?   <\/strong>Die Mehrheit (etwa 94 %) unserer ma\u00dfgefertigten Pro-Shop-Bestellungen wird innerhalb von 2-4 Werktagen bearbeitet, gebaut, gepr\u00fcft und versandt. In den ruhigeren Monaten (Januar-Juli) unterbieten wir diesen Durchschnitt normalerweise um einen Tag. In den gesch\u00e4ftigeren Monaten (August-Dezember) ben\u00f6tigen wir tendenziell einen zus\u00e4tzlichen Tag. Alles in allem ist eine offizielle Lieferzeit von 1-5 Tagen die ehrlichste Sch\u00e4tzung, die wir anbieten k\u00f6nnen. Wir wissen, dass unsere Kunden begierig darauf sind, die Ware in die H\u00e4nde zu bekommen und loszulegen, daher arbeiten wir konzentriert und versenden unsere Bestellungen so schnell wie m\u00f6glich. Sollte es zu Verz\u00f6gerungen oder Ausnahmen kommen, werden wir Sie informieren.      Aber im Allgemeinen k\u00f6nnen Sie davon ausgehen, dass Ihre ma\u00dfgefertigte Pro-Shop-Bestellung innerhalb weniger Werktage auf dem Weg ist. Unser Kundenservice-E-Mail-System h\u00e4lt Sie \u00fcber den Status Ihrer Bestellung auf dem Laufenden. Die tats\u00e4chlichen Lieferzeiten variieren je nach Entfernung vom Pro-Shop\/Lager in Finnland.  <\/p>\n","protected":false},"excerpt":{"rendered":"<p>Wir verkaufen in Packungen zu 12, 18, 24 St\u00fcck&#8230;<\/p>\n","protected":false},"featured_media":256456,"comment_status":"open","ping_status":"closed","template":"","meta":[],"product_brand":[],"product_cat":[1189],"product_tag":[],"class_list":{"0":"post-281280","1":"product","2":"type-product","3":"status-publish","4":"has-post-thumbnail","6":"product_cat-carbon-handgefertigt","8":"first","9":"instock","10":"featured","11":"taxable","12":"shipping-taxable","13":"purchasable","14":"product-type-composite"},"composite_virtual":false,"composite_layout":"single","composite_add_to_cart_form_location":"default","composite_editable_in_cart":false,"composite_sold_individually_context":"product","composite_shop_price_calc":"min_max","composite_components":[{"id":"1698668506","title":"Pfeilsch\u00e4fte","description":"","query_type":"product_ids","query_ids":[281562],"default_option_id":281562,"thumbnail_id":"","thumbnail_src":"","quantity_min":12,"quantity_max":"","priced_individually":true,"shipped_individually":false,"optional":false,"discount":"","options_style":"dropdowns","pagination_style":"classic","display_prices":"absolute","show_sorting_options":false,"show_filtering_options":false,"attribute_filter_ids":[],"select_action":"view","product_title_visible":true,"product_descr_visible":true,"product_price_visible":true,"product_thumb_visible":true,"subtotal_visible_product":true,"subtotal_visible_cart":true,"subtotal_visible_orders":true,"product_addons_visible":true},{"id":"1550047977","title":"Farbe der Leitfeder","description":"<p>Dies ist eine der drei Federn am Pfeil. Alle drei Federn m\u00fcssen vom gleichen Typ, aber nicht unbedingt von der gleichen Farbe sein. <\/p>\n","query_type":"product_ids","query_ids":[280926,281033,281044,281053,281009,280908],"default_option_id":281033,"thumbnail_id":"","thumbnail_src":"","quantity_min":12,"quantity_max":"","priced_individually":false,"shipped_individually":false,"optional":false,"discount":"","options_style":"dropdowns","pagination_style":"classic","display_prices":"absolute","show_sorting_options":false,"show_filtering_options":false,"attribute_filter_ids":[],"select_action":"view","product_title_visible":true,"product_descr_visible":false,"product_price_visible":false,"product_thumb_visible":false,"subtotal_visible_product":true,"subtotal_visible_cart":true,"subtotal_visible_orders":true,"product_addons_visible":true},{"id":"1550047978","title":"Farbe der Beifeder","description":"<p>Dies sind zwei der drei Federn am Pfeil. Alle drei Federn m\u00fcssen vom gleichen Typ, aber nicht unbedingt von der gleichen Farbe sein. <\/p>\n","query_type":"product_ids","query_ids":[280926,281033,281044,281053,281009,280908],"default_option_id":281033,"thumbnail_id":"","thumbnail_src":"","quantity_min":24,"quantity_max":"","priced_individually":false,"shipped_individually":false,"optional":false,"discount":"","options_style":"dropdowns","pagination_style":"classic","display_prices":"absolute","show_sorting_options":false,"show_filtering_options":false,"attribute_filter_ids":[],"select_action":"view","product_title_visible":true,"product_descr_visible":false,"product_price_visible":false,"product_thumb_visible":false,"subtotal_visible_product":true,"subtotal_visible_cart":true,"subtotal_visible_orders":true,"product_addons_visible":true}],"composite_scenarios":[],"group_of_quantity":0,"min_quantity":0,"max_quantity":"","exclude_order_quantity_value_rules":"no","exclude_category_quantity_rules":"no","combine_variations":"no","exclude_global_add_ons":false,"addons":[{"name":"Befiederungsstil","type":"multiple_choice","position":0,"required":true,"title_format":"label","default":"","description_enable":false,"description":null,"placeholder_enable":false,"placeholder":null,"display":"select","restrictions_type":"any_text","adjust_price":false,"price":"","price_type":"flat_fee","restrictions":false,"min":"0","max":"0","options":[{"label":"Offset","price":"","price_type":"flat_fee","image":0,"visibility":true},{"label":"Helikal","price":"","price_type":"flat_fee","image":0,"visibility":true},{"label":"Gerade","price":"","price_type":"flat_fee","image":0,"visibility":true}],"id":1745493787}],"_links":{"self":[{"href":"https:\/\/www.huntersfriend.eu\/de\/wp-json\/wp\/v2\/product\/281280","targetHints":{"allow":["GET"]}}],"collection":[{"href":"https:\/\/www.huntersfriend.eu\/de\/wp-json\/wp\/v2\/product"}],"about":[{"href":"https:\/\/www.huntersfriend.eu\/de\/wp-json\/wp\/v2\/types\/product"}],"replies":[{"embeddable":true,"href":"https:\/\/www.huntersfriend.eu\/de\/wp-json\/wp\/v2\/comments?post=281280"}],"wp:featuredmedia":[{"embeddable":true,"href":"https:\/\/www.huntersfriend.eu\/de\/wp-json\/wp\/v2\/media\/256456"}],"wp:attachment":[{"href":"https:\/\/www.huntersfriend.eu\/de\/wp-json\/wp\/v2\/media?parent=281280"}],"wp:term":[{"taxonomy":"product_brand","embeddable":true,"href":"https:\/\/www.huntersfriend.eu\/de\/wp-json\/wp\/v2\/product_brand?post=281280"},{"taxonomy":"product_cat","embeddable":true,"href":"https:\/\/www.huntersfriend.eu\/de\/wp-json\/wp\/v2\/product_cat?post=281280"},{"taxonomy":"product_tag","embeddable":true,"href":"https:\/\/www.huntersfriend.eu\/de\/wp-json\/wp\/v2\/product_tag?post=281280"}],"curies":[{"name":"wp","href":"https:\/\/api.w.org\/{rel}","templated":true}]}}