{"id":281277,"date":"2023-10-09T11:10:50","date_gmt":"2023-10-09T09:10:50","guid":{"rendered":"https:\/\/www.huntersfriend.eu\/product\/tightspot-shiftlock-5-pfeilkoecher\/"},"modified":"2026-03-26T13:45:08","modified_gmt":"2026-03-26T11:45:08","slug":"tightspot-shiftlock-5-pfeilkoecher","status":"publish","type":"product","link":"https:\/\/www.huntersfriend.eu\/de\/produkt\/tightspot-shiftlock-5-pfeilkoecher\/","title":{"rendered":"Tightspot shiftlock 5 Pfeilk\u00f6cher"},"content":{"rendered":"<p>Dieser \u00e4u\u00dferst vielseitige, teleskopierbare einteilige K\u00f6cher revolutioniert die Anpassungsf\u00e4higkeit und reduziert gleichzeitig Ger\u00e4usche w\u00e4hrend der Bewegung. Wenn der Platz in Ihrem Jagdstand oder Tarnzelt begrenzt ist, k\u00f6nnen Sie sich f\u00fcr die besonders kompakte eingezogene L\u00e4nge entscheiden, ohne dabei die Sicherheit der Pfeile zu beeintr\u00e4chtigen. <\/p>\n<ul>\n<li>Eingebaute robuste und widerstandsf\u00e4hige Aufh\u00e4ngeschlaufe<\/li>\n<li>Nahezu 23 Zentimeter Gesamtl\u00e4ngenverstellung<\/li>\n<li>Gefertigt aus fortschrittlichsten Materialien mit vollst\u00e4ndig bearbeitetem Aluminium und gewobenem Kohlefaser<\/li>\n<li>Individuell einstellbare Pfeilkeile im Bull Dog Gripper erm\u00f6glichen die Aufnahme nahezu jeden Pfeildurchmessers<\/li>\n<li>Integriert eine Quick-Draw-Funktion f\u00fcr den zweiten Pfeil, um schnelle Folgensch\u00fcsse zu erm\u00f6glichen<\/li>\n<li>Konzipiert f\u00fcr die Aufnahme der heutzutage gr\u00f6\u00dften feststehenden Klingen und ausklappbaren Jagdspitzen, gekoppelt mit einer internen schalld\u00e4mpfenden Auskleidung in der \u00fcbergro\u00dfen Haube<\/li>\n<li>Patentierte \u00fcbergro\u00dfe Schwalbenschwanz-Schienenmontage bietet besseren Freiraum f\u00fcr nahezu jede Kombination aus Pfeilauflage und Visier<\/li>\n<li>\u00dcbergro\u00dfer Schnellentriegelungshebel erm\u00f6glicht einfachen Zugang zur K\u00f6cherentfernung und verriegelt fest, um Ger\u00e4usche zu eliminieren<\/li>\n<\/ul>\n<p><b>Spezifikationen: <\/b><\/p>\n<ul>\n<li>55,88 Zentimeter vollst\u00e4ndig ausgezogen<\/li>\n<li>33,66 Zentimeter vollst\u00e4ndig eingezogen<\/li>\n<li>391,2 Gramm Gesamtgewicht<\/li>\n<li>5-Pfeil-Kapazit\u00e4t<\/li>\n<\/ul>\n<p><b>Hinweis:<\/b> Der K\u00f6cher ist vollst\u00e4ndig beidh\u00e4ndig und kann sowohl in einer rechts- als auch linksh\u00e4ndigen Konfiguration verwendet werden<\/p>\n","protected":false},"excerpt":{"rendered":"<p>Dieser \u00e4u\u00dferst vielseitige, teleskopierbare einteilige K\u00f6cher revolutioniert die Anpassungsf\u00e4higkeit und reduziert gleichzeitig Ger\u00e4usche w\u00e4hrend der Bewegung. Wenn der Platz in Ihrem Jagdstand oder Tarnzelt begrenzt ist, k\u00f6nnen Sie sich f\u00fcr die besonders kompakte eingezogene L\u00e4nge entscheiden, ohne dabei die Sicherheit der Pfeile zu beeintr\u00e4chtigen. Eingebaute robuste und widerstandsf\u00e4hige Aufh\u00e4ngeschlaufe Nahezu 23 Zentimeter Gesamtl\u00e4ngenverstellung Gefertigt aus [&#8230;]\n","protected":false},"featured_media":255269,"comment_status":"open","ping_status":"closed","template":"","meta":[],"product_brand":[],"product_cat":[1090,1222],"product_tag":[],"class_list":{"0":"post-281277","1":"product","2":"type-product","3":"status-publish","4":"has-post-thumbnail","6":"product_cat-bogen-und-jagd-koecher","7":"product_cat-sonderangebote","9":"first","10":"instock","11":"sale","12":"taxable","13":"shipping-taxable","14":"purchasable","15":"product-type-variable"},"composite_virtual":false,"composite_layout":"","composite_add_to_cart_form_location":"","composite_editable_in_cart":false,"composite_sold_individually_context":"","composite_shop_price_calc":"","composite_components":[],"composite_scenarios":[],"group_of_quantity":0,"min_quantity":0,"max_quantity":"","exclude_order_quantity_value_rules":"no","exclude_category_quantity_rules":"no","combine_variations":"no","exclude_global_add_ons":[],"addons":[],"_links":{"self":[{"href":"https:\/\/www.huntersfriend.eu\/de\/wp-json\/wp\/v2\/product\/281277","targetHints":{"allow":["GET"]}}],"collection":[{"href":"https:\/\/www.huntersfriend.eu\/de\/wp-json\/wp\/v2\/product"}],"about":[{"href":"https:\/\/www.huntersfriend.eu\/de\/wp-json\/wp\/v2\/types\/product"}],"replies":[{"embeddable":true,"href":"https:\/\/www.huntersfriend.eu\/de\/wp-json\/wp\/v2\/comments?post=281277"}],"wp:featuredmedia":[{"embeddable":true,"href":"https:\/\/www.huntersfriend.eu\/de\/wp-json\/wp\/v2\/media\/255269"}],"wp:attachment":[{"href":"https:\/\/www.huntersfriend.eu\/de\/wp-json\/wp\/v2\/media?parent=281277"}],"wp:term":[{"taxonomy":"product_brand","embeddable":true,"href":"https:\/\/www.huntersfriend.eu\/de\/wp-json\/wp\/v2\/product_brand?post=281277"},{"taxonomy":"product_cat","embeddable":true,"href":"https:\/\/www.huntersfriend.eu\/de\/wp-json\/wp\/v2\/product_cat?post=281277"},{"taxonomy":"product_tag","embeddable":true,"href":"https:\/\/www.huntersfriend.eu\/de\/wp-json\/wp\/v2\/product_tag?post=281277"}],"curies":[{"name":"wp","href":"https:\/\/api.w.org\/{rel}","templated":true}]}}