{"id":281276,"date":"2023-10-25T07:08:13","date_gmt":"2025-06-23T09:55:51","guid":{"rendered":"https:\/\/www.huntersfriend.eu\/product\/huntworth-hochleistungs-fleece-sturmhaube\/"},"modified":"2026-01-14T15:27:22","modified_gmt":"2026-01-14T13:27:22","slug":"huntworth-hochleistungs-fleece-sturmhaube","status":"publish","type":"product","link":"https:\/\/www.huntersfriend.eu\/de\/produkt\/huntworth-hochleistungs-fleece-sturmhaube\/","title":{"rendered":"Huntworth Hochleistungs-Fleece-Sturmhaube"},"content":{"rendered":"<p><strong>Die Rawline schwere, reversible Sturmhaube in Disruption<\/strong> ist ideal f\u00fcr sp\u00e4tsaisonale kalte Jagden, wenn der Schnee zu fallen beginnt. Die Schneetarn-Jagdsturmhaube, entworfen mit einem winterwei\u00dfen Muster, ist aus einem ger\u00e4uscharmen, dehnbaren Hochleistungs-Fleece gefertigt und mit einer DWR-Ausr\u00fcstung behandelt, um leichte Feuchtigkeit abzuweisen. <\/p>\n<p>Das Innere ist vollst\u00e4ndig mit einem dicken schwarzen Anti-Pilling-Fleece ausgekleidet. Der artikulierte Hals l\u00e4sst sich in eine Jacke stecken, um zus\u00e4tzlichen Halsschutz zu bieten. Die dehnbare Fleece-Konstruktion und die formschl\u00fcssige Passform gew\u00e4hrleisten, dass sich die Sturmhaube mit Ihrem Kopf bewegt und volle peripherische Sicht erm\u00f6glicht.  <\/p>\n<p>Tragen Sie die Tarnseite exponiert bei der Jagd &#8211; oder wenden Sie sie zur schwarzen Seite f\u00fcr die Ansitzjagd oder andere Wintersportarten. Unabh\u00e4ngig davon, wie Sie sie tragen, sch\u00fctzt die Schneetarn-Sturmhaube Sie vor den kalten Winterelementen. <\/p>\n<ul>\n<li><strong>Au\u00dfenmaterial: <\/strong>Geschmeidiges Hochleistungs-4-Wege-Stretch-Fleece<\/li>\n<li><strong>DWR: <\/strong>Haltbare wasserabweisende (DWR) Ausr\u00fcstung auf der Tarnstoff-Oberfl\u00e4che weist Feuchtigkeit und leichten Schnee ab<\/li>\n<li><strong>Futter:<\/strong> Dickes Anti-Pilling-Fleece in Schwarz<\/li>\n<li><strong>Besonderes Merkmal:<\/strong> Wendbar auf Schwarz<\/li>\n<\/ul>\n","protected":false},"excerpt":{"rendered":"<p>Die Rawline schwere, reversible Sturmhaube in Disruption ist ideal f\u00fcr sp\u00e4tsaisonale kalte Jagden, wenn der Schnee zu fallen beginnt. Die Schneetarn-Jagdsturmhaube, entworfen mit einem winterwei\u00dfen Muster, ist aus einem ger\u00e4uscharmen, dehnbaren Hochleistungs-Fleece gefertigt und mit einer DWR-Ausr\u00fcstung behandelt, um leichte Feuchtigkeit abzuweisen. Das Innere ist vollst\u00e4ndig mit einem dicken schwarzen Anti-Pilling-Fleece ausgekleidet. Der artikulierte Hals [&#8230;]\n","protected":false},"featured_media":256402,"comment_status":"open","ping_status":"closed","template":"","meta":[],"product_brand":[],"product_cat":[2716,1215],"product_tag":[],"class_list":{"0":"post-281276","1":"product","2":"type-product","3":"status-publish","4":"has-post-thumbnail","6":"product_cat-hattar-och-huvudbonader","7":"product_cat-handschuh-socken-und-kopfbedeckung","9":"first","10":"outofstock","11":"taxable","12":"shipping-taxable","13":"purchasable","14":"product-type-simple"},"composite_virtual":false,"composite_layout":"","composite_add_to_cart_form_location":"","composite_editable_in_cart":false,"composite_sold_individually_context":"","composite_shop_price_calc":"","composite_components":[],"composite_scenarios":[],"group_of_quantity":0,"min_quantity":0,"max_quantity":"","exclude_order_quantity_value_rules":"no","exclude_category_quantity_rules":"no","combine_variations":"no","exclude_global_add_ons":[],"addons":[],"_links":{"self":[{"href":"https:\/\/www.huntersfriend.eu\/de\/wp-json\/wp\/v2\/product\/281276","targetHints":{"allow":["GET"]}}],"collection":[{"href":"https:\/\/www.huntersfriend.eu\/de\/wp-json\/wp\/v2\/product"}],"about":[{"href":"https:\/\/www.huntersfriend.eu\/de\/wp-json\/wp\/v2\/types\/product"}],"replies":[{"embeddable":true,"href":"https:\/\/www.huntersfriend.eu\/de\/wp-json\/wp\/v2\/comments?post=281276"}],"wp:featuredmedia":[{"embeddable":true,"href":"https:\/\/www.huntersfriend.eu\/de\/wp-json\/wp\/v2\/media\/256402"}],"wp:attachment":[{"href":"https:\/\/www.huntersfriend.eu\/de\/wp-json\/wp\/v2\/media?parent=281276"}],"wp:term":[{"taxonomy":"product_brand","embeddable":true,"href":"https:\/\/www.huntersfriend.eu\/de\/wp-json\/wp\/v2\/product_brand?post=281276"},{"taxonomy":"product_cat","embeddable":true,"href":"https:\/\/www.huntersfriend.eu\/de\/wp-json\/wp\/v2\/product_cat?post=281276"},{"taxonomy":"product_tag","embeddable":true,"href":"https:\/\/www.huntersfriend.eu\/de\/wp-json\/wp\/v2\/product_tag?post=281276"}],"curies":[{"name":"wp","href":"https:\/\/api.w.org\/{rel}","templated":true}]}}