{"id":281273,"date":"2023-10-06T00:24:08","date_gmt":"2023-10-05T22:24:08","guid":{"rendered":"https:\/\/www.huntersfriend.eu\/product\/endanflug-live-serie-stockente-vollstaendig-beflockt\/"},"modified":"2026-02-25T08:16:19","modified_gmt":"2026-02-25T06:16:19","slug":"endanflug-live-serie-stockente-vollstaendig-beflockt","status":"publish","type":"product","link":"https:\/\/www.huntersfriend.eu\/de\/produkt\/endanflug-live-serie-stockente-vollstaendig-beflockt\/","title":{"rendered":"Endanflug Live-Serie Stockente Vollst\u00e4ndig beflockt"},"content":{"rendered":"<p>Diese Lockv\u00f6gel werden Sie sogar glauben lassen, dass es sich um lebendige Enten handelt. Die Kombination der Kopfpositionen bildet das nat\u00fcrliche Verhalten von Enten auf dem Wasser nach. Die Federdetails, das naturgetreue Farbschema und die vollst\u00e4ndige Beflockung lassen diese Lockv\u00f6gel hervorstechen. Unsere Live-Serie Stockenten werden schnell zu Ihren bevorzugten Lockv\u00f6geln in Ihrer Auslage werden.   <\/p>\n<ul>\n<li>6er-Set<\/li>\n<li>Robuster, verbesserter Kunststoff sowie ein verbessertes Farbschema!<\/li>\n<li>Au\u00dfergew\u00f6hnliche \u201eLIVE\u201c Federdetails, bereitgestellt vom 17-fachen Weltmeister-Schnitzer Pat Godin.<\/li>\n<li>Leicht \u00fcbergro\u00df<\/li>\n<li>Einteiliges Design<\/li>\n<li>Vollst\u00e4ndig beflockt f\u00fcr maximalen Realismus.<\/li>\n<li>Beinhaltet: 1 trinkender Erpel, 1 fressender Erpel, 1 aufrechter Erpel, 1 Erpel mit gesenktem Kopf, 1 rufende Ente, 1 fressende Ente.<\/li>\n<\/ul>\n<p><strong>Bestellungen sind aufgrund der Gr\u00f6\u00dfe auf 2 Kartons begrenzt. Wenn Sie an mehr interessiert sind, kontaktieren Sie uns bitte direkt, um die Versandkosten zu besprechen. <\/strong><\/p>\n","protected":false},"excerpt":{"rendered":"<p>6er-Set<\/p>\n","protected":false},"featured_media":255227,"comment_status":"open","ping_status":"closed","template":"","meta":[],"product_brand":[],"product_cat":[1145],"product_tag":[],"class_list":{"0":"post-281273","1":"product","2":"type-product","3":"status-publish","4":"has-post-thumbnail","6":"product_cat-sonstiges","7":"product_shipping_class-big-de","9":"first","10":"outofstock","11":"taxable","12":"shipping-taxable","13":"purchasable","14":"product-type-simple"},"composite_virtual":false,"composite_layout":"","composite_add_to_cart_form_location":"","composite_editable_in_cart":false,"composite_sold_individually_context":"","composite_shop_price_calc":"","composite_components":[],"composite_scenarios":[],"group_of_quantity":0,"min_quantity":0,"max_quantity":"","exclude_order_quantity_value_rules":"no","exclude_category_quantity_rules":"no","combine_variations":"no","exclude_global_add_ons":[],"addons":[],"_links":{"self":[{"href":"https:\/\/www.huntersfriend.eu\/de\/wp-json\/wp\/v2\/product\/281273","targetHints":{"allow":["GET"]}}],"collection":[{"href":"https:\/\/www.huntersfriend.eu\/de\/wp-json\/wp\/v2\/product"}],"about":[{"href":"https:\/\/www.huntersfriend.eu\/de\/wp-json\/wp\/v2\/types\/product"}],"replies":[{"embeddable":true,"href":"https:\/\/www.huntersfriend.eu\/de\/wp-json\/wp\/v2\/comments?post=281273"}],"wp:featuredmedia":[{"embeddable":true,"href":"https:\/\/www.huntersfriend.eu\/de\/wp-json\/wp\/v2\/media\/255227"}],"wp:attachment":[{"href":"https:\/\/www.huntersfriend.eu\/de\/wp-json\/wp\/v2\/media?parent=281273"}],"wp:term":[{"taxonomy":"product_brand","embeddable":true,"href":"https:\/\/www.huntersfriend.eu\/de\/wp-json\/wp\/v2\/product_brand?post=281273"},{"taxonomy":"product_cat","embeddable":true,"href":"https:\/\/www.huntersfriend.eu\/de\/wp-json\/wp\/v2\/product_cat?post=281273"},{"taxonomy":"product_tag","embeddable":true,"href":"https:\/\/www.huntersfriend.eu\/de\/wp-json\/wp\/v2\/product_tag?post=281273"}],"curies":[{"name":"wp","href":"https:\/\/api.w.org\/{rel}","templated":true}]}}