{"id":281272,"date":"2023-10-23T12:10:48","date_gmt":"2023-10-23T10:10:48","guid":{"rendered":"https:\/\/www.huntersfriend.eu\/product\/huntworth-leistungsvlies-muetze\/"},"modified":"2025-09-02T08:56:45","modified_gmt":"2025-09-02T06:56:45","slug":"huntworth-leistungsvlies-muetze","status":"publish","type":"product","link":"https:\/\/www.huntersfriend.eu\/de\/produkt\/huntworth-leistungsvlies-muetze\/","title":{"rendered":"Huntworth Performance Fleece Tarn-Beanie"},"content":{"rendered":"<p><strong>Die Bard-M\u00fctze mit mittlerem Gewicht und Gittervliesfutter im Tarnen-Muster ist f\u00fcr k\u00fchlere Jagden in der Zwischensaison konzipiert.<\/strong> Diese Tarnen\u00ae Tarnm\u00fctze f\u00fcr die Jagd ist mit einem Hybrid-Tarnmuster versehen und besteht aus einem fl\u00fcsterleisen, dehnbaren Leistungsvlies in der Krone und einem windundurchl\u00e4ssigen, dehnbaren Polyester im Ohrband. Eine DWR-Ausr\u00fcstung erm\u00f6glicht es dem Stoff, leichte Feuchtigkeit abzuweisen. Das Futter ist mit Microban\u00ae antimikrobieller Produktschutztechnologie versehen, um Ihre Geruchsentwicklung zu kontrollieren.  <\/p>\n<p>Ein weiches Gittervliesfutter bedeckt Ihren Kopf und Ihre Ohren und bietet W\u00e4rme bei minimaler Masse. Das windundurchl\u00e4ssige Band sch\u00fctzt die Seiten und den Hinterkopf vor k\u00fchlen Winden. Wir haben das Leistungsvlies an der Vorderseite der M\u00fctze eingearbeitet, um einen stromlinienf\u00f6rmigen, komfortablen Sitz zu gew\u00e4hrleisten.  <\/p>\n<p>Halten Sie die K\u00e4lte fern &#8211; die M\u00fctze im Tarnen-Muster bietet die W\u00e4rme und den Komfort, die f\u00fcr k\u00fchlere Jagden erforderlich sind.<\/p>\n<ul>\n<li><strong>Material der Au\u00dfenschicht: <\/strong>Die Krone besteht aus geschmeidigem 4-Wege-Stretch-Fleece. Das Ohrband ist aus strukturiertem Stretch-Polyester, das mit einer winddichten Folie verbunden ist. <\/li>\n<li><strong>DWR: <\/strong>Die Durable Water Repellant (DWR) Beschichtung weist Feuchtigkeit und leichten Schnee ab.<\/li>\n<li><strong>Futter: <\/strong>Vollst\u00e4ndig mit weichem Grid-Fleece gef\u00fcttert<\/li>\n<li><strong>Geruchskontrolle: <\/strong>Microban\u00ae antimikrobielle Produktschutztechnologie auf dem Gittervliesfutter zur Geruchsreduzierung<\/li>\n<\/ul>\n","protected":false},"excerpt":{"rendered":"<p>Die Bard-M\u00fctze mit mittlerem Gewicht und Gittervliesfutter im Tarnen-Muster ist f\u00fcr k\u00fchlere Jagden in der Zwischensaison konzipiert. Diese Tarnen\u00ae Tarnm\u00fctze f\u00fcr die Jagd ist mit einem Hybrid-Tarnmuster versehen und besteht aus einem fl\u00fcsterleisen, dehnbaren Leistungsvlies in der Krone und einem windundurchl\u00e4ssigen, dehnbaren Polyester im Ohrband. Eine DWR-Ausr\u00fcstung erm\u00f6glicht es dem Stoff, leichte Feuchtigkeit abzuweisen. Das [&#8230;]\n","protected":false},"featured_media":256416,"comment_status":"open","ping_status":"closed","template":"","meta":[],"product_brand":[],"product_cat":[1215],"product_tag":[],"class_list":{"0":"post-281272","1":"product","2":"type-product","3":"status-publish","4":"has-post-thumbnail","6":"product_cat-handschuh-socken-und-kopfbedeckung","8":"first","9":"instock","10":"taxable","11":"shipping-taxable","12":"purchasable","13":"product-type-variable"},"composite_virtual":false,"composite_layout":"","composite_add_to_cart_form_location":"","composite_editable_in_cart":false,"composite_sold_individually_context":"","composite_shop_price_calc":"","composite_components":[],"composite_scenarios":[],"group_of_quantity":0,"min_quantity":0,"max_quantity":"","exclude_order_quantity_value_rules":"no","exclude_category_quantity_rules":"no","combine_variations":"no","exclude_global_add_ons":[],"addons":[],"_links":{"self":[{"href":"https:\/\/www.huntersfriend.eu\/de\/wp-json\/wp\/v2\/product\/281272","targetHints":{"allow":["GET"]}}],"collection":[{"href":"https:\/\/www.huntersfriend.eu\/de\/wp-json\/wp\/v2\/product"}],"about":[{"href":"https:\/\/www.huntersfriend.eu\/de\/wp-json\/wp\/v2\/types\/product"}],"replies":[{"embeddable":true,"href":"https:\/\/www.huntersfriend.eu\/de\/wp-json\/wp\/v2\/comments?post=281272"}],"wp:featuredmedia":[{"embeddable":true,"href":"https:\/\/www.huntersfriend.eu\/de\/wp-json\/wp\/v2\/media\/256416"}],"wp:attachment":[{"href":"https:\/\/www.huntersfriend.eu\/de\/wp-json\/wp\/v2\/media?parent=281272"}],"wp:term":[{"taxonomy":"product_brand","embeddable":true,"href":"https:\/\/www.huntersfriend.eu\/de\/wp-json\/wp\/v2\/product_brand?post=281272"},{"taxonomy":"product_cat","embeddable":true,"href":"https:\/\/www.huntersfriend.eu\/de\/wp-json\/wp\/v2\/product_cat?post=281272"},{"taxonomy":"product_tag","embeddable":true,"href":"https:\/\/www.huntersfriend.eu\/de\/wp-json\/wp\/v2\/product_tag?post=281272"}],"curies":[{"name":"wp","href":"https:\/\/api.w.org\/{rel}","templated":true}]}}