{"id":281271,"date":"2023-10-04T00:38:11","date_gmt":"2025-06-23T09:55:48","guid":{"rendered":"https:\/\/www.huntersfriend.eu\/product\/letzte-chance-hs4-bogenwaage\/"},"modified":"2026-03-17T15:32:10","modified_gmt":"2026-03-17T13:32:10","slug":"letzte-chance-hs4-bogenwaage","status":"publish","type":"product","link":"https:\/\/www.huntersfriend.eu\/de\/produkt\/letzte-chance-hs4-bogenwaage\/","title":{"rendered":"Letzte Chance HS4 Bogenwaage"},"content":{"rendered":"<p id=\"yui_3_17_2_1_1696840808187_760\" class=\"\">Die HS4 ist eine neu konzipierte Waage, die prim\u00e4r f\u00fcr Bogenschie\u00dfausr\u00fcstung verwendet wird. Last Chace Archery hat auf ihrem Wissensschatz aufgebaut und strebt danach, jede Waage besser als die vorherige zu gestalten. Unser Ziel ist es, jede Waage sicherer, qualitativ hochwertiger, mit mehr Zusatzfunktionen und benutzerfreundlicher zu machen. Diese Waage ist \u00e4u\u00dferst robust und langlebig, mit einer maximalen Gewichtskapazit\u00e4t von 50 kg. Sie verf\u00fcgt \u00fcber ein Aluminiumgeh\u00e4use, Spitzen-\/Haltegewichtsfunktionen, eine neu hinzugef\u00fcgte Abzugsprozentanzeige und eine interne Einstellung zum Wiegen von Gep\u00e4ck, Fisch oder Truth\u00e4hnen. Mit dieser Waage k\u00f6nnen Sie problemlos das Spitzengewicht, das Haltegewicht oder den Abzugsprozentsatz Ihres Bogens auf dem LCD-Bildschirm mit einem einzigen Zug Ihres Bogens ablesen.     <\/p>\n<p class=\"\">Optimale Abstimmung durch pr\u00e4zise Bogengewichtsmessungen<\/p>\n<p class=\"\"><strong>Eigenschaften:<\/strong><\/p>\n<p class=\"\">\u2022 Pr\u00e4zise, akkurat, zuverl\u00e4ssig<\/p>\n<p class=\"\">\u2022 LED Digitalanzeige<\/p>\n<p class=\"\">\u2022 Spitzen- und Haltegewichtsmessungen (LB oder KG)<\/p>\n<p class=\"\">\u2022 Abzugsprozentanzeige<\/p>\n<p class=\"\">\u2022 Stark und langlebig bis zu 50 kg<\/p>\n<p class=\"\">\u2022 Gro\u00dfer Haken f\u00fcr einfache Schlaufenbefestigung<\/p>\n<p class=\"\">\u2022 Verst\u00e4rktes Aluminiumgeh\u00e4use<\/p>\n<p class=\"\">\u2022 Gep\u00e4ck-\/Fisch-\/Truthahn-Wiegefunktion<\/p>\n<p class=\"\">\u2022 Kratzfeste Pulverbeschichtung<\/p>\n","protected":false},"excerpt":{"rendered":"<p>Die HS4 ist eine neu konzipierte Waage, die prim\u00e4r f\u00fcr Bogenschie\u00dfausr\u00fcstung verwendet wird. Last Chace Archery hat auf ihrem Wissensschatz aufgebaut und strebt danach, jede Waage besser als die vorherige zu gestalten. Unser Ziel ist es, jede Waage sicherer, qualitativ hochwertiger, mit mehr Zusatzfunktionen und benutzerfreundlicher zu machen. Diese Waage ist \u00e4u\u00dferst robust und langlebig, [&#8230;]\n","protected":false},"featured_media":255241,"comment_status":"open","ping_status":"closed","template":"","meta":[],"product_brand":[],"product_cat":[1250],"product_tag":[],"class_list":{"0":"post-281271","1":"product","2":"type-product","3":"status-publish","4":"has-post-thumbnail","6":"product_cat-waagen-und-chronographen","8":"first","9":"instock","10":"taxable","11":"shipping-taxable","12":"purchasable","13":"product-type-simple"},"composite_virtual":false,"composite_layout":"","composite_add_to_cart_form_location":"","composite_editable_in_cart":false,"composite_sold_individually_context":"","composite_shop_price_calc":"","composite_components":[],"composite_scenarios":[],"group_of_quantity":0,"min_quantity":0,"max_quantity":"","exclude_order_quantity_value_rules":"no","exclude_category_quantity_rules":"no","combine_variations":"no","exclude_global_add_ons":[],"addons":[],"_links":{"self":[{"href":"https:\/\/www.huntersfriend.eu\/de\/wp-json\/wp\/v2\/product\/281271","targetHints":{"allow":["GET"]}}],"collection":[{"href":"https:\/\/www.huntersfriend.eu\/de\/wp-json\/wp\/v2\/product"}],"about":[{"href":"https:\/\/www.huntersfriend.eu\/de\/wp-json\/wp\/v2\/types\/product"}],"replies":[{"embeddable":true,"href":"https:\/\/www.huntersfriend.eu\/de\/wp-json\/wp\/v2\/comments?post=281271"}],"wp:featuredmedia":[{"embeddable":true,"href":"https:\/\/www.huntersfriend.eu\/de\/wp-json\/wp\/v2\/media\/255241"}],"wp:attachment":[{"href":"https:\/\/www.huntersfriend.eu\/de\/wp-json\/wp\/v2\/media?parent=281271"}],"wp:term":[{"taxonomy":"product_brand","embeddable":true,"href":"https:\/\/www.huntersfriend.eu\/de\/wp-json\/wp\/v2\/product_brand?post=281271"},{"taxonomy":"product_cat","embeddable":true,"href":"https:\/\/www.huntersfriend.eu\/de\/wp-json\/wp\/v2\/product_cat?post=281271"},{"taxonomy":"product_tag","embeddable":true,"href":"https:\/\/www.huntersfriend.eu\/de\/wp-json\/wp\/v2\/product_tag?post=281271"}],"curies":[{"name":"wp","href":"https:\/\/api.w.org\/{rel}","templated":true}]}}