{"id":281269,"date":"2023-10-13T00:24:16","date_gmt":"2023-10-12T22:24:16","guid":{"rendered":"https:\/\/www.huntersfriend.eu\/product\/abschliessender-ansatz-hd-vollkoerper-rufer\/"},"modified":"2026-04-23T12:22:20","modified_gmt":"2026-04-23T10:22:20","slug":"abschliessender-ansatz-hd-vollkoerper-rufer","status":"publish","type":"product","link":"https:\/\/www.huntersfriend.eu\/de\/produkt\/abschliessender-ansatz-hd-vollkoerper-rufer\/","title":{"rendered":"Abschlie\u00dfender Ansatz HD-Vollk\u00f6rper-Rufer"},"content":{"rendered":"<p>Der HD-Rufer hat sich im Laufe der Jahre zu einem Favoriten unter den Anh\u00e4ngern entwickelt, und er ist gerade noch besser geworden! Dieses Lockmittel ist nun mit dem Zero Gravity Motion System ausgestattet, das es dem Lockmittel erm\u00f6glicht, sich bei leichtem Wind in allen Achsen zu bewegen. Das Gummiband kann von der Basis entfernt werden, um an Tagen mit geringem Wind noch mehr Bewegung zu erm\u00f6glichen. Diese Lockmittel sind mit robusten quadratischen Basen ausgestattet, die im Wind nicht umkippen, und eine doppelte Verriegelung des Kopfanschlusses sorgt f\u00fcr eine wesentlich st\u00e4rkere Verbindung, um den Kopf befestigt zu halten. Dieses Paket enth\u00e4lt 4 F\u00fctterungslockmittel.    <\/p>\n<h2>MERKMALE<\/h2>\n<ul>\n<li>Zero Gravity Motion System<\/li>\n<li>Doppelte Verriegelung des Kopfanschlusses<\/li>\n<li>Beflockte K\u00f6pfe<\/li>\n<li>Zweiteiliges Design<\/li>\n<li>Quadratische Basen<\/li>\n<li>4er-Pack: 4 F\u00fctterungslockmittel<\/li>\n<\/ul>\n<p><strong>Bestellungen sind aufgrund der Gr\u00f6\u00dfe auf einen Karton begrenzt. Wenn Sie an einer gr\u00f6\u00dferen Menge interessiert sind, kontaktieren Sie uns bitte direkt, um die Versandkosten zu besprechen. <\/strong><\/p>\n","protected":false},"excerpt":{"rendered":"<p>Der HD-Rufer hat sich im Laufe der Jahre zu einem Favoriten unter den Anh\u00e4ngern entwickelt, und er ist gerade noch besser geworden! Dieses Lockmittel ist nun mit dem Zero Gravity Motion System ausgestattet, das es dem Lockmittel erm\u00f6glicht, sich bei leichtem Wind in allen Achsen zu bewegen. Das Gummiband kann von der Basis entfernt werden, [&#8230;]\n","protected":false},"featured_media":256439,"comment_status":"open","ping_status":"closed","template":"","meta":[],"product_brand":[],"product_cat":[878],"product_tag":[],"class_list":{"0":"post-281269","1":"product","2":"type-product","3":"status-publish","4":"has-post-thumbnail","6":"product_cat-uncategorized-sv","7":"product_shipping_class-big-de","9":"first","10":"outofstock","11":"sale","12":"taxable","13":"shipping-taxable","14":"purchasable","15":"product-type-simple"},"composite_virtual":false,"composite_layout":"","composite_add_to_cart_form_location":"","composite_editable_in_cart":false,"composite_sold_individually_context":"","composite_shop_price_calc":"","composite_components":[],"composite_scenarios":[],"group_of_quantity":0,"min_quantity":0,"max_quantity":"","exclude_order_quantity_value_rules":"no","exclude_category_quantity_rules":"no","combine_variations":"no","exclude_global_add_ons":[],"addons":[],"_links":{"self":[{"href":"https:\/\/www.huntersfriend.eu\/de\/wp-json\/wp\/v2\/product\/281269","targetHints":{"allow":["GET"]}}],"collection":[{"href":"https:\/\/www.huntersfriend.eu\/de\/wp-json\/wp\/v2\/product"}],"about":[{"href":"https:\/\/www.huntersfriend.eu\/de\/wp-json\/wp\/v2\/types\/product"}],"replies":[{"embeddable":true,"href":"https:\/\/www.huntersfriend.eu\/de\/wp-json\/wp\/v2\/comments?post=281269"}],"wp:featuredmedia":[{"embeddable":true,"href":"https:\/\/www.huntersfriend.eu\/de\/wp-json\/wp\/v2\/media\/256439"}],"wp:attachment":[{"href":"https:\/\/www.huntersfriend.eu\/de\/wp-json\/wp\/v2\/media?parent=281269"}],"wp:term":[{"taxonomy":"product_brand","embeddable":true,"href":"https:\/\/www.huntersfriend.eu\/de\/wp-json\/wp\/v2\/product_brand?post=281269"},{"taxonomy":"product_cat","embeddable":true,"href":"https:\/\/www.huntersfriend.eu\/de\/wp-json\/wp\/v2\/product_cat?post=281269"},{"taxonomy":"product_tag","embeddable":true,"href":"https:\/\/www.huntersfriend.eu\/de\/wp-json\/wp\/v2\/product_tag?post=281269"}],"curies":[{"name":"wp","href":"https:\/\/api.w.org\/{rel}","templated":true}]}}