{"id":281268,"date":"2023-09-22T11:00:34","date_gmt":"2023-09-22T09:00:34","guid":{"rendered":"https:\/\/www.huntersfriend.eu\/product\/pard-nv007sp-schnelladapter-51mm\/"},"modified":"2025-12-23T11:53:21","modified_gmt":"2025-12-23T09:53:21","slug":"pard-nv007sp-schnelladapter-51mm","status":"publish","type":"product","link":"https:\/\/www.huntersfriend.eu\/de\/produkt\/pard-nv007sp-schnelladapter-51mm\/","title":{"rendered":"Pard NV007SP Schnelladapter 51mm"},"content":{"rendered":"<p><span class=\"jCAhz ChMk0b\"><span class=\"ryNqvb\">Der Pard NV007SP Schnelladapter 51mm eignet sich f\u00fcr die Befestigung von Pard NV007S und NV007SP Infrarotger\u00e4ten am Zielfernrohr.<\/span><\/span> <span class=\"jCAhz ChMk0b\"><span class=\"ryNqvb\">Dieser Adapter l\u00e4sst sich schnell an der Optik montieren und demontieren.<\/span><\/span><\/p>\n<p><span class=\"jCAhz ChMk0b\"><span class=\"ryNqvb\">Ebenfalls erh\u00e4ltlich ist der kleinere Pard NV007SP Schnelladapter 45mm.<\/span><\/span><\/p>\n","protected":false},"excerpt":{"rendered":"<p>Der Pard NV007SP Schnelladapter 51mm eignet sich f\u00fcr die Befestigung von Pard NV007S und NV007SP Infrarotger\u00e4ten am Zielfernrohr. Dieser Adapter l\u00e4sst sich schnell an der Optik montieren und demontieren. Ebenfalls erh\u00e4ltlich ist der kleinere Pard NV007SP Schnelladapter 45mm.<\/p>\n","protected":false},"featured_media":255256,"comment_status":"open","ping_status":"closed","template":"","meta":[],"product_brand":[],"product_cat":[1412],"product_tag":[],"class_list":{"0":"post-281268","1":"product","2":"type-product","3":"status-publish","4":"has-post-thumbnail","6":"product_cat-fernglaszubehor","8":"first","9":"outofstock","10":"sale","11":"taxable","12":"shipping-taxable","13":"purchasable","14":"product-type-simple"},"composite_virtual":false,"composite_layout":"","composite_add_to_cart_form_location":"","composite_editable_in_cart":false,"composite_sold_individually_context":"","composite_shop_price_calc":"","composite_components":[],"composite_scenarios":[],"group_of_quantity":0,"min_quantity":0,"max_quantity":"","exclude_order_quantity_value_rules":"no","exclude_category_quantity_rules":"no","combine_variations":"no","exclude_global_add_ons":[],"addons":[],"_links":{"self":[{"href":"https:\/\/www.huntersfriend.eu\/de\/wp-json\/wp\/v2\/product\/281268","targetHints":{"allow":["GET"]}}],"collection":[{"href":"https:\/\/www.huntersfriend.eu\/de\/wp-json\/wp\/v2\/product"}],"about":[{"href":"https:\/\/www.huntersfriend.eu\/de\/wp-json\/wp\/v2\/types\/product"}],"replies":[{"embeddable":true,"href":"https:\/\/www.huntersfriend.eu\/de\/wp-json\/wp\/v2\/comments?post=281268"}],"wp:featuredmedia":[{"embeddable":true,"href":"https:\/\/www.huntersfriend.eu\/de\/wp-json\/wp\/v2\/media\/255256"}],"wp:attachment":[{"href":"https:\/\/www.huntersfriend.eu\/de\/wp-json\/wp\/v2\/media?parent=281268"}],"wp:term":[{"taxonomy":"product_brand","embeddable":true,"href":"https:\/\/www.huntersfriend.eu\/de\/wp-json\/wp\/v2\/product_brand?post=281268"},{"taxonomy":"product_cat","embeddable":true,"href":"https:\/\/www.huntersfriend.eu\/de\/wp-json\/wp\/v2\/product_cat?post=281268"},{"taxonomy":"product_tag","embeddable":true,"href":"https:\/\/www.huntersfriend.eu\/de\/wp-json\/wp\/v2\/product_tag?post=281268"}],"curies":[{"name":"wp","href":"https:\/\/api.w.org\/{rel}","templated":true}]}}