{"id":281264,"date":"2023-10-11T11:51:17","date_gmt":"2025-06-23T09:55:44","guid":{"rendered":"https:\/\/www.huntersfriend.eu\/product\/truglo-1-zielfernrohrhalterungen\/"},"modified":"2026-04-16T07:30:19","modified_gmt":"2026-04-16T05:30:19","slug":"truglo-1-zielfernrohrhalterungen","status":"publish","type":"product","link":"https:\/\/www.huntersfriend.eu\/de\/produkt\/truglo-1-zielfernrohrhalterungen\/","title":{"rendered":"Truglo 1&#8243; Zielfernrohrhalterungen"},"content":{"rendered":"<p><span class=\"jCAhz ChMk0b\"><span class=\"ryNqvb\">Hochwertige Zielfernrohrhalterungen f\u00fcr Zielfernrohre mit einem Zoll Durchmesser.<\/span><\/span> <span class=\"jCAhz ChMk0b\"><span class=\"ryNqvb\">Verf\u00fcgbar in hoher und niedriger Ausf\u00fchrung f\u00fcr Picatinny-Schiene.<\/span><\/span> <span class=\"jCAhz ChMk0b\"><span class=\"ryNqvb\">Hohe Ausf\u00fchrung f\u00fcr 11 mm Schiene.<\/span><\/span> <span class=\"jCAhz ChMk0b\"><span class=\"ryNqvb\">Aus Flugzeugaluminium gefertigt.<\/span><\/span><\/p>\n","protected":false},"excerpt":{"rendered":"<p>Hochwertige Zielfernrohrhalterungen f\u00fcr Zielfernrohre mit einem Zoll Durchmesser. Verf\u00fcgbar in hoher und niedriger Ausf\u00fchrung f\u00fcr Picatinny-Schiene. Hohe Ausf\u00fchrung f\u00fcr 11 mm Schiene. Aus Flugzeugaluminium gefertigt.<\/p>\n","protected":false},"featured_media":255412,"comment_status":"open","ping_status":"closed","template":"","meta":[],"product_brand":[],"product_cat":[1413],"product_tag":[],"class_list":{"0":"post-281264","1":"product","2":"type-product","3":"status-publish","4":"has-post-thumbnail","6":"product_cat-zielfernrohrringe-montagen","8":"first","9":"instock","10":"taxable","11":"shipping-taxable","12":"purchasable","13":"product-type-variable"},"composite_virtual":false,"composite_layout":"","composite_add_to_cart_form_location":"","composite_editable_in_cart":false,"composite_sold_individually_context":"","composite_shop_price_calc":"","composite_components":[],"composite_scenarios":[],"group_of_quantity":0,"min_quantity":0,"max_quantity":"","exclude_order_quantity_value_rules":"no","exclude_category_quantity_rules":"no","combine_variations":"no","exclude_global_add_ons":[],"addons":[],"_links":{"self":[{"href":"https:\/\/www.huntersfriend.eu\/de\/wp-json\/wp\/v2\/product\/281264","targetHints":{"allow":["GET"]}}],"collection":[{"href":"https:\/\/www.huntersfriend.eu\/de\/wp-json\/wp\/v2\/product"}],"about":[{"href":"https:\/\/www.huntersfriend.eu\/de\/wp-json\/wp\/v2\/types\/product"}],"replies":[{"embeddable":true,"href":"https:\/\/www.huntersfriend.eu\/de\/wp-json\/wp\/v2\/comments?post=281264"}],"wp:featuredmedia":[{"embeddable":true,"href":"https:\/\/www.huntersfriend.eu\/de\/wp-json\/wp\/v2\/media\/255412"}],"wp:attachment":[{"href":"https:\/\/www.huntersfriend.eu\/de\/wp-json\/wp\/v2\/media?parent=281264"}],"wp:term":[{"taxonomy":"product_brand","embeddable":true,"href":"https:\/\/www.huntersfriend.eu\/de\/wp-json\/wp\/v2\/product_brand?post=281264"},{"taxonomy":"product_cat","embeddable":true,"href":"https:\/\/www.huntersfriend.eu\/de\/wp-json\/wp\/v2\/product_cat?post=281264"},{"taxonomy":"product_tag","embeddable":true,"href":"https:\/\/www.huntersfriend.eu\/de\/wp-json\/wp\/v2\/product_tag?post=281264"}],"curies":[{"name":"wp","href":"https:\/\/api.w.org\/{rel}","templated":true}]}}