{"id":281263,"date":"2023-09-22T11:00:29","date_gmt":"2023-09-22T09:00:29","guid":{"rendered":"https:\/\/www.huntersfriend.eu\/product\/pard-nv007sp-schnelladapter-45mm\/"},"modified":"2026-03-03T06:00:13","modified_gmt":"2026-03-03T04:00:13","slug":"pard-nv007sp-schnelladapter-45mm","status":"publish","type":"product","link":"https:\/\/www.huntersfriend.eu\/de\/produkt\/pard-nv007sp-schnelladapter-45mm\/","title":{"rendered":"Pard NV007SP Schnelladapter 45mm"},"content":{"rendered":"<p><span class=\"jCAhz ChMk0b\"><span class=\"ryNqvb\">Der Pard NV007SP Schnelladapter 45mm ist kompatibel mit den Modellen Pard Nv007S und NV007SP.<\/span><\/span> <span class=\"jCAhz ChMk0b\"><span class=\"ryNqvb\">\u00dcberpr\u00fcfen Sie die schnelle Installation und Entfernung vom Zielfernrohr.<\/span><\/span><\/p>\n<p><span class=\"jCAhz ChMk0b\"><span class=\"ryNqvb\">Falls der Durchmesser des Okulars Ihres Zielfernrohrs mehr als 45mm betr\u00e4gt, ist ein gr\u00f6\u00dferes Modell verf\u00fcgbar, der Pard NV007SP Schnelladapter 51mm.<\/span><\/span><\/p>\n","protected":false},"excerpt":{"rendered":"<p>Der Pard NV007SP Schnelladapter 45mm ist kompatibel mit den Modellen Pard Nv007S und NV007SP. \u00dcberpr\u00fcfen Sie die schnelle Installation und Entfernung vom Zielfernrohr. Falls der Durchmesser des Okulars Ihres Zielfernrohrs mehr als 45mm betr\u00e4gt, ist ein gr\u00f6\u00dferes Modell verf\u00fcgbar, der Pard NV007SP Schnelladapter 51mm.<\/p>\n","protected":false},"featured_media":255261,"comment_status":"open","ping_status":"closed","template":"","meta":[],"product_brand":[],"product_cat":[1412],"product_tag":[],"class_list":{"0":"post-281263","1":"product","2":"type-product","3":"status-publish","4":"has-post-thumbnail","6":"product_cat-fernglaszubehor","8":"first","9":"instock","10":"sale","11":"taxable","12":"shipping-taxable","13":"purchasable","14":"product-type-simple"},"composite_virtual":false,"composite_layout":"","composite_add_to_cart_form_location":"","composite_editable_in_cart":false,"composite_sold_individually_context":"","composite_shop_price_calc":"","composite_components":[],"composite_scenarios":[],"group_of_quantity":0,"min_quantity":0,"max_quantity":"","exclude_order_quantity_value_rules":"no","exclude_category_quantity_rules":"no","combine_variations":"no","exclude_global_add_ons":[],"addons":[],"_links":{"self":[{"href":"https:\/\/www.huntersfriend.eu\/de\/wp-json\/wp\/v2\/product\/281263","targetHints":{"allow":["GET"]}}],"collection":[{"href":"https:\/\/www.huntersfriend.eu\/de\/wp-json\/wp\/v2\/product"}],"about":[{"href":"https:\/\/www.huntersfriend.eu\/de\/wp-json\/wp\/v2\/types\/product"}],"replies":[{"embeddable":true,"href":"https:\/\/www.huntersfriend.eu\/de\/wp-json\/wp\/v2\/comments?post=281263"}],"wp:featuredmedia":[{"embeddable":true,"href":"https:\/\/www.huntersfriend.eu\/de\/wp-json\/wp\/v2\/media\/255261"}],"wp:attachment":[{"href":"https:\/\/www.huntersfriend.eu\/de\/wp-json\/wp\/v2\/media?parent=281263"}],"wp:term":[{"taxonomy":"product_brand","embeddable":true,"href":"https:\/\/www.huntersfriend.eu\/de\/wp-json\/wp\/v2\/product_brand?post=281263"},{"taxonomy":"product_cat","embeddable":true,"href":"https:\/\/www.huntersfriend.eu\/de\/wp-json\/wp\/v2\/product_cat?post=281263"},{"taxonomy":"product_tag","embeddable":true,"href":"https:\/\/www.huntersfriend.eu\/de\/wp-json\/wp\/v2\/product_tag?post=281263"}],"curies":[{"name":"wp","href":"https:\/\/api.w.org\/{rel}","templated":true}]}}