{"id":281259,"date":"2023-12-04T14:56:58","date_gmt":"2023-12-04T12:56:58","guid":{"rendered":"https:\/\/www.huntersfriend.eu\/product\/massgefertigter-compound-sehnen-kabelsatz-spinning-x\/"},"modified":"2026-03-25T15:18:51","modified_gmt":"2026-03-25T13:18:51","slug":"massgefertigter-compound-sehnen-kabelsatz-spinning-x","status":"publish","type":"product","link":"https:\/\/www.huntersfriend.eu\/de\/produkt\/massgefertigter-compound-sehnen-kabelsatz-spinning-x\/","title":{"rendered":"Ma\u00dfgefertigter Compound-Sehnen-\/Kabelsatz &#8211; spinning x"},"content":{"rendered":"<h3>Hochwertige ma\u00dfgefertigte Sehnen f\u00fcr Ihren Compound-Bogen &#8211; durchschnittlich in etwa 2 Wochen Lieferzeit.<\/h3>\n<h3>Zur Auswahl stehende Farben (bitte tragen Sie diese Farben in die daf\u00fcr vorgesehenen Felder im Bestellformular ein):<\/h3>\n<p><strong><em><u>Schwarz, Wei\u00df, Rot, Elektrisches Rot, Gelb, Fluoreszierendes Gelb, Sonnenuntergang Orange, Fluoreszierendes Orange, Silber, Blaugr\u00fcn, Outdoor Gr\u00fcn, Gr\u00fcn, Kiwi, Fluoreszierendes Gr\u00fcn, Schwarzkirsche, Hellblau, Blau, Elektrisches Blau, Lila, Fluoreszierendes Lila, Hellbraun\/Mittelbraun, Dunkelbraun, Sand, Wildleder, Rootbeer, Zeder, Metallisches Bronze, MT Beere, Hellrosa, Fluoreszierendes Rosa <\/u><\/em><\/strong><\/p>\n<h3><strong>F\u00fcr Ihre Bestellung ben\u00f6tigen wir folgende Informationen:<\/strong><\/h3>\n<ul>\n<li>1. Bogenmodell und Baujahr (Seriennummer w\u00e4re ebenfalls hilfreich)<\/li>\n<li>2. Sehnen- und Kabell\u00e4ngen (diese sind in der Regel auf dem Wurfarmaufkleber des Bogens und oft online zu finden).<\/li>\n<li>3. Gew\u00fcnschte Sehnen- und Kabelfarben (1 oder 2 Farben pro Element)<\/li>\n<li>4. Gew\u00fcnschte Servingfarbe<\/li>\n<li>5. Nockentyp (falls zutreffend)<\/li>\n<\/ul>\n<p>Sollten Sie nicht \u00fcber alle erfragten Sehnenspezifikationen verf\u00fcgen, kontaktieren Sie uns bitte direkt. Wir werden unser Bestes tun, um diese Informationen f\u00fcr Sie zu ermitteln.<\/p>\n<p><strong>E-Mail:<\/strong><\/p>\n<ul>\n<li>dana@huntersfriend.eu &#8211; Dana Worster, Gesch\u00e4ftsf\u00fchrerin<\/li>\n<li>shop@uittokalusto.fi &#8211; Uittokalusto Kundendienst<\/li>\n<\/ul>\n<p><b>Telefon:<\/b><\/p>\n<ul>\n<li>+358 45 208 6292 &#8211; Dana Worster<\/li>\n<li>+358 15 555 0402 &#8211; Uittokalusto Kundendienst<\/li>\n<\/ul>\n<p>Die Lieferung dauert in der Regel 2-3 Wochen, dies h\u00e4ngt jedoch von der Auslastung in der jeweiligen Saison ab. (Eine Bestellung, die eine Woche vor der Jagdsaison aufgegeben wird, wird l\u00e4nger dauern, meine Freunde!)<\/p>\n<h3>Weder HFE noch spinning x \u00fcbernehmen die Verantwortung f\u00fcr vom Kunden falsch angegebene Spezifikationen.<\/h3>\n","protected":false},"excerpt":{"rendered":"<p>Hochwertige ma\u00dfgefertigte Sehnen f\u00fcr Ihren Compound-Bogen &#8211; durchschnittlich in etwa 2 Wochen Lieferzeit. Zur Auswahl stehende Farben (bitte tragen Sie diese Farben in die daf\u00fcr vorgesehenen Felder im Bestellformular ein): Schwarz, Wei\u00df, Rot, Elektrisches Rot, Gelb, Fluoreszierendes Gelb, Sonnenuntergang Orange, Fluoreszierendes Orange, Silber, Blaugr\u00fcn, Outdoor Gr\u00fcn, Gr\u00fcn, Kiwi, Fluoreszierendes Gr\u00fcn, Schwarzkirsche, Hellblau, Blau, Elektrisches Blau, [&#8230;]\n","protected":false},"featured_media":230285,"comment_status":"open","ping_status":"closed","template":"","meta":[],"product_brand":[],"product_cat":[1194],"product_tag":[],"class_list":{"0":"post-281259","1":"product","2":"type-product","3":"status-publish","4":"has-post-thumbnail","6":"product_cat-kundenspezifische-compoundsehnen-und-kabel","8":"first","9":"outofstock","10":"taxable","11":"shipping-taxable","12":"purchasable","13":"product-type-variable"},"composite_virtual":false,"composite_layout":"","composite_add_to_cart_form_location":"","composite_editable_in_cart":false,"composite_sold_individually_context":"","composite_shop_price_calc":"","composite_components":[],"composite_scenarios":[],"group_of_quantity":0,"min_quantity":0,"max_quantity":"","exclude_order_quantity_value_rules":"no","exclude_category_quantity_rules":"no","combine_variations":"no","exclude_global_add_ons":false,"addons":[{"name":"Geschwindigkeitsnocken","type":"multiple_choice","position":0,"required":true,"title_format":"label","default":"","description_enable":false,"description":null,"placeholder_enable":false,"placeholder":null,"display":"select","restrictions_type":"any_text","adjust_price":false,"price":"","price_type":"flat_fee","restrictions":false,"min":"0","max":"0","options":[{"label":"Geschwindigkeitsnocken einschlie\u00dfen","price":"7.9681","price_type":"flat_fee","image":0,"visibility":true},{"label":"Keine Geschwindigkeitsnocken hinzuf\u00fcgen","price":"","price_type":"flat_fee","image":0,"visibility":true}],"id":1717161558},{"name":"Sehnenfarbe 1","type":"custom_text","position":1,"required":true,"title_format":"label","default":"","description_enable":true,"description":null,"placeholder_enable":false,"placeholder":null,"display":"select","restrictions_type":"any_text","adjust_price":false,"price":"","price_type":"flat_fee","restrictions":false,"min":"0","max":"0","options":[],"id":1717161559},{"name":"Sehnenfarbe 2 (Optional)","type":"custom_text","position":2,"required":false,"title_format":"label","default":"","description_enable":true,"description":null,"placeholder_enable":false,"placeholder":null,"display":"select","restrictions_type":"any_text","adjust_price":false,"price":"","price_type":"flat_fee","restrictions":false,"min":"0","max":"0","options":[],"id":1717161560},{"name":"Servingfarbe","type":"custom_text","position":4,"required":true,"title_format":"label","default":"","description_enable":true,"description":null,"placeholder_enable":false,"placeholder":null,"display":"select","restrictions_type":"any_text","adjust_price":false,"price":"","price_type":"flat_fee","restrictions":false,"min":"0","max":"0","options":[],"id":1717161562},{"name":"Bogenhersteller","type":"custom_text","position":5,"required":true,"title_format":"label","default":"","description_enable":false,"description":null,"placeholder_enable":false,"placeholder":null,"display":"select","restrictions_type":"any_text","adjust_price":false,"price":"","price_type":"flat_fee","restrictions":false,"min":"0","max":"0","options":[],"id":1717161563},{"name":"Bogenmodell","type":"custom_text","position":6,"required":true,"title_format":"label","default":"","description_enable":false,"description":null,"placeholder_enable":false,"placeholder":null,"display":"select","restrictions_type":"any_text","adjust_price":false,"price":"","price_type":"flat_fee","restrictions":false,"min":"0","max":"0","options":[],"id":1717161564},{"name":"Jahr","type":"custom_text","position":7,"required":false,"title_format":"label","default":"","description_enable":false,"description":null,"placeholder_enable":false,"placeholder":null,"display":"select","restrictions_type":"any_text","adjust_price":false,"price":"","price_type":"flat_fee","restrictions":false,"min":"0","max":"0","options":[],"id":1717161565},{"name":"Sehnenl\u00e4nge - Siehe Aufkleber am Wurfarm","type":"custom_text","position":8,"required":false,"title_format":"label","default":"","description_enable":false,"description":null,"placeholder_enable":false,"placeholder":null,"display":"select","restrictions_type":"any_text","adjust_price":false,"price":"","price_type":"flat_fee","restrictions":false,"min":"0","max":"0","options":[],"id":1717161566},{"name":"Steuerkabell\u00e4nge - Siehe Aufkleber am Wurfarm","type":"custom_text","position":9,"required":false,"title_format":"label","default":"","description_enable":false,"description":null,"placeholder_enable":false,"placeholder":null,"display":"select","restrictions_type":"any_text","adjust_price":false,"price":"","price_type":"flat_fee","restrictions":false,"min":"0","max":"0","options":[],"id":1717161567},{"name":"Nockentyp","type":"custom_text","position":10,"required":false,"title_format":"label","default":"","description_enable":false,"description":null,"placeholder_enable":false,"placeholder":null,"display":"select","restrictions_type":"any_text","adjust_price":false,"price":"","price_type":"flat_fee","restrictions":false,"min":"0","max":"0","options":[],"id":1717161568},{"name":"Zus\u00e4tzliche Nachricht","type":"custom_textarea","position":11,"required":false,"title_format":"label","default":"","description_enable":false,"description":null,"placeholder_enable":false,"placeholder":null,"display":"select","restrictions_type":"any_text","adjust_price":false,"price":"","price_type":"flat_fee","restrictions":false,"min":"0","max":"0","options":[],"id":1717161569},{"name":"Ich habe die angegebenen Informationen \u00fcberpr\u00fcft und best\u00e4tige deren Richtigkeit! Bitte fahren Sie mit meiner Bestellung fort. ","type":"checkbox","position":12,"required":true,"title_format":"label","default":"","description_enable":true,"description":"Sollten die Informationen nicht korrekt sein und wir die Sehne basierend auf diesen Informationen herstellen, wird keine R\u00fcckerstattung gew\u00e4hrt.","placeholder_enable":false,"placeholder":null,"display":"select","restrictions_type":"any_text","adjust_price":false,"price":"","price_type":"flat_fee","restrictions":false,"min":"0","max":"0","options":[{"label":"Die Informationen sind korrekt - bitte fortfahren","price":"","price_type":"flat_fee","image":0,"visibility":true}],"id":1717161570}],"_links":{"self":[{"href":"https:\/\/www.huntersfriend.eu\/de\/wp-json\/wp\/v2\/product\/281259","targetHints":{"allow":["GET"]}}],"collection":[{"href":"https:\/\/www.huntersfriend.eu\/de\/wp-json\/wp\/v2\/product"}],"about":[{"href":"https:\/\/www.huntersfriend.eu\/de\/wp-json\/wp\/v2\/types\/product"}],"replies":[{"embeddable":true,"href":"https:\/\/www.huntersfriend.eu\/de\/wp-json\/wp\/v2\/comments?post=281259"}],"wp:featuredmedia":[{"embeddable":true,"href":"https:\/\/www.huntersfriend.eu\/de\/wp-json\/wp\/v2\/media\/230285"}],"wp:attachment":[{"href":"https:\/\/www.huntersfriend.eu\/de\/wp-json\/wp\/v2\/media?parent=281259"}],"wp:term":[{"taxonomy":"product_brand","embeddable":true,"href":"https:\/\/www.huntersfriend.eu\/de\/wp-json\/wp\/v2\/product_brand?post=281259"},{"taxonomy":"product_cat","embeddable":true,"href":"https:\/\/www.huntersfriend.eu\/de\/wp-json\/wp\/v2\/product_cat?post=281259"},{"taxonomy":"product_tag","embeddable":true,"href":"https:\/\/www.huntersfriend.eu\/de\/wp-json\/wp\/v2\/product_tag?post=281259"}],"curies":[{"name":"wp","href":"https:\/\/api.w.org\/{rel}","templated":true}]}}