{"id":281258,"date":"2023-12-02T03:36:16","date_gmt":"2025-06-23T09:55:30","guid":{"rendered":"https:\/\/www.huntersfriend.eu\/product\/belisle-fallensicherheitsgriff\/"},"modified":"2026-04-13T15:27:19","modified_gmt":"2026-04-13T13:27:19","slug":"belisle-fallensicherheitsgriff","status":"publish","type":"product","link":"https:\/\/www.huntersfriend.eu\/de\/produkt\/belisle-fallensicherheitsgriff\/","title":{"rendered":"Belisle-Fallensicherheitsgriff"},"content":{"rendered":"<p><span class=\"jCAhz ChMk0b\"><span class=\"ryNqvb\">Der Belisle-Sicherheitsgriff ist f\u00fcr Fallen der Gr\u00f6\u00dfen #120 bis #330 geeignet.<\/span><\/span> <span class=\"jCAhz ChMk0b\"><span class=\"ryNqvb\">Die Konstruktion dieses Ger\u00e4ts gew\u00e4hrleistet, dass es auch unter winterlichen Bedingungen und bei rostfreien Eisen an Ort und Stelle bleibt.<\/span><\/span> <span class=\"jCAhz ChMk0b\"><span class=\"ryNqvb\">Der Sicherheitsgriff erh\u00f6ht die Sicherheit beim Einstellen der Eisen erheblich, und wir empfehlen deren Verwendung f\u00fcr alle Eisen.<\/span><\/span><\/p>\n","protected":false},"excerpt":{"rendered":"<p>Der Belisle-Sicherheitsgriff ist f\u00fcr Fallen der Gr\u00f6\u00dfen #120 bis #330 geeignet. Die Konstruktion dieses Ger\u00e4ts gew\u00e4hrleistet, dass es auch unter winterlichen Bedingungen und bei rostfreien Eisen an Ort und Stelle bleibt. Der Sicherheitsgriff erh\u00f6ht die Sicherheit beim Einstellen der Eisen erheblich, und wir empfehlen deren Verwendung f\u00fcr alle Eisen.<\/p>\n","protected":false},"featured_media":267333,"comment_status":"open","ping_status":"closed","template":"","meta":[],"product_brand":[],"product_cat":[2696,1410],"product_tag":[],"class_list":{"0":"post-281258","1":"product","2":"type-product","3":"status-publish","4":"has-post-thumbnail","6":"product_cat-fallor-och-fangsttillbehor","7":"product_cat-fallen-und-fallenzubehor","9":"first","10":"instock","11":"taxable","12":"shipping-taxable","13":"purchasable","14":"product-type-simple"},"composite_virtual":false,"composite_layout":"","composite_add_to_cart_form_location":"","composite_editable_in_cart":false,"composite_sold_individually_context":"","composite_shop_price_calc":"","composite_components":[],"composite_scenarios":[],"group_of_quantity":0,"min_quantity":0,"max_quantity":"","exclude_order_quantity_value_rules":"no","exclude_category_quantity_rules":"no","combine_variations":"no","exclude_global_add_ons":[],"addons":[],"_links":{"self":[{"href":"https:\/\/www.huntersfriend.eu\/de\/wp-json\/wp\/v2\/product\/281258","targetHints":{"allow":["GET"]}}],"collection":[{"href":"https:\/\/www.huntersfriend.eu\/de\/wp-json\/wp\/v2\/product"}],"about":[{"href":"https:\/\/www.huntersfriend.eu\/de\/wp-json\/wp\/v2\/types\/product"}],"replies":[{"embeddable":true,"href":"https:\/\/www.huntersfriend.eu\/de\/wp-json\/wp\/v2\/comments?post=281258"}],"wp:featuredmedia":[{"embeddable":true,"href":"https:\/\/www.huntersfriend.eu\/de\/wp-json\/wp\/v2\/media\/267333"}],"wp:attachment":[{"href":"https:\/\/www.huntersfriend.eu\/de\/wp-json\/wp\/v2\/media?parent=281258"}],"wp:term":[{"taxonomy":"product_brand","embeddable":true,"href":"https:\/\/www.huntersfriend.eu\/de\/wp-json\/wp\/v2\/product_brand?post=281258"},{"taxonomy":"product_cat","embeddable":true,"href":"https:\/\/www.huntersfriend.eu\/de\/wp-json\/wp\/v2\/product_cat?post=281258"},{"taxonomy":"product_tag","embeddable":true,"href":"https:\/\/www.huntersfriend.eu\/de\/wp-json\/wp\/v2\/product_tag?post=281258"}],"curies":[{"name":"wp","href":"https:\/\/api.w.org\/{rel}","templated":true}]}}