{"id":281256,"date":"2023-12-02T03:36:15","date_gmt":"2025-06-23T09:55:26","guid":{"rendered":"https:\/\/www.huntersfriend.eu\/product\/belisle-fallenspanner\/"},"modified":"2026-04-29T21:22:02","modified_gmt":"2026-04-29T19:22:02","slug":"belisle-fallenspanner","status":"publish","type":"product","link":"https:\/\/www.huntersfriend.eu\/de\/produkt\/belisle-fallenspanner\/","title":{"rendered":"Belisle Fallenspanner"},"content":{"rendered":"<p>Dieser Belisle Fallenspanner ist f\u00fcr Fallen der Gr\u00f6\u00dfen 120 bis 330 geeignet. Der Spanner verf\u00fcgt \u00fcber einen Ring, der die Spanner im geschlossenen Zustand arretiert, um die Sicherung m\u00fchelos anbringen zu k\u00f6nnen. <\/p>\n<p>Mit einer Gesamtl\u00e4nge von 55 cm bietet die Zange eine gute Hebelwirkung und erm\u00f6glicht ein einfaches Spannen selbst gr\u00f6\u00dferer Fallen.<\/p>\n<p>Die Verwendung dieses Werkzeugtyps wird unabh\u00e4ngig von der Gr\u00f6\u00dfe bei der Anwendung von Schlagfallen empfohlen.<\/p>\n<p>Hergestellt in Kanada.<\/p>\n","protected":false},"excerpt":{"rendered":"<p>Dieser Belisle Fallenspanner ist f\u00fcr Fallen der Gr\u00f6\u00dfen 120 bis 330 geeignet. Der Spanner verf\u00fcgt \u00fcber einen Ring, der die Spanner im geschlossenen Zustand arretiert, um die Sicherung m\u00fchelos anbringen zu k\u00f6nnen. Mit einer Gesamtl\u00e4nge von 55 cm bietet die Zange eine gute Hebelwirkung und erm\u00f6glicht ein einfaches Spannen selbst gr\u00f6\u00dferer Fallen. Die Verwendung dieses [&#8230;]\n","protected":false},"featured_media":259347,"comment_status":"open","ping_status":"closed","template":"","meta":[],"product_brand":[],"product_cat":[1410],"product_tag":[],"class_list":{"0":"post-281256","1":"product","2":"type-product","3":"status-publish","4":"has-post-thumbnail","6":"product_cat-fallen-und-fallenzubehor","8":"first","9":"instock","10":"taxable","11":"shipping-taxable","12":"purchasable","13":"product-type-simple"},"composite_virtual":false,"composite_layout":"","composite_add_to_cart_form_location":"","composite_editable_in_cart":false,"composite_sold_individually_context":"","composite_shop_price_calc":"","composite_components":[],"composite_scenarios":[],"group_of_quantity":0,"min_quantity":0,"max_quantity":"","exclude_order_quantity_value_rules":"no","exclude_category_quantity_rules":"no","combine_variations":"no","exclude_global_add_ons":[],"addons":[],"_links":{"self":[{"href":"https:\/\/www.huntersfriend.eu\/de\/wp-json\/wp\/v2\/product\/281256","targetHints":{"allow":["GET"]}}],"collection":[{"href":"https:\/\/www.huntersfriend.eu\/de\/wp-json\/wp\/v2\/product"}],"about":[{"href":"https:\/\/www.huntersfriend.eu\/de\/wp-json\/wp\/v2\/types\/product"}],"replies":[{"embeddable":true,"href":"https:\/\/www.huntersfriend.eu\/de\/wp-json\/wp\/v2\/comments?post=281256"}],"wp:featuredmedia":[{"embeddable":true,"href":"https:\/\/www.huntersfriend.eu\/de\/wp-json\/wp\/v2\/media\/259347"}],"wp:attachment":[{"href":"https:\/\/www.huntersfriend.eu\/de\/wp-json\/wp\/v2\/media?parent=281256"}],"wp:term":[{"taxonomy":"product_brand","embeddable":true,"href":"https:\/\/www.huntersfriend.eu\/de\/wp-json\/wp\/v2\/product_brand?post=281256"},{"taxonomy":"product_cat","embeddable":true,"href":"https:\/\/www.huntersfriend.eu\/de\/wp-json\/wp\/v2\/product_cat?post=281256"},{"taxonomy":"product_tag","embeddable":true,"href":"https:\/\/www.huntersfriend.eu\/de\/wp-json\/wp\/v2\/product_tag?post=281256"}],"curies":[{"name":"wp","href":"https:\/\/api.w.org\/{rel}","templated":true}]}}