{"id":281246,"date":"2023-11-21T00:49:42","date_gmt":"2025-06-23T09:55:17","guid":{"rendered":"https:\/\/www.huntersfriend.eu\/product\/truball-executive-quicksiilver-messing-medium\/"},"modified":"2025-08-10T05:04:24","modified_gmt":"2025-08-10T03:04:24","slug":"truball-executive-quicksiilver-messing-medium","status":"publish","type":"product","link":"https:\/\/www.huntersfriend.eu\/de\/produkt\/truball-executive-quicksiilver-messing-medium\/","title":{"rendered":"Truball Executive quicksiilver Messing Medium"},"content":{"rendered":"<div>Mikro-einstellbare Klickl\u00e4nge und mikro-einstellbare R\u00fcckspanngeschwindigkeit<\/div>\n<div><\/div>\n<div>&#8211; Eine Gr\u00f6\u00dfe passt f\u00fcr die meisten<\/div>\n<div><\/div>\n<div>&#8211; Mikro-Einstellung der Kopfl\u00e4nge im Uhrzeigersinn f\u00fcr k\u00fcrzere L\u00e4nge oder gegen den Uhrzeigersinn f\u00fcr l\u00e4ngere L\u00e4nge<\/div>\n<div><\/div>\n<div>&#8211; Hochdefinierte geriffelte Fingerbetten<\/div>\n<div><\/div>\n<div>&#8211; Rot eloxierter Aluminiumkopf<\/div>\n<div><\/div>\n<div>&#8211; Messinggriff f\u00fcr zus\u00e4tzliches Gewicht<\/div>\n<div><\/div>\n<div>Quicksilver-Oberfl\u00e4che<\/div>\n<div><\/div>\n<div>R\u00fcckspannausl\u00f6ser<\/div>\n","protected":false},"excerpt":{"rendered":"<p>Mikro-einstellbare Klickl\u00e4nge und mikro-einstellbare R\u00fcckspanngeschwindigkeit &#8211; Eine Gr\u00f6\u00dfe passt f\u00fcr die meisten &#8211; Mikro-Einstellung der Kopfl\u00e4nge im Uhrzeigersinn f\u00fcr k\u00fcrzere L\u00e4nge oder gegen den Uhrzeigersinn f\u00fcr l\u00e4ngere L\u00e4nge &#8211; Hochdefinierte geriffelte Fingerbetten &#8211; Rot eloxierter Aluminiumkopf &#8211; Messinggriff f\u00fcr zus\u00e4tzliches Gewicht Quicksilver-Oberfl\u00e4che R\u00fcckspannausl\u00f6ser<\/p>\n","protected":false},"featured_media":257570,"comment_status":"open","ping_status":"closed","template":"","meta":[],"product_brand":[],"product_cat":[1145],"product_tag":[],"class_list":{"0":"post-281246","1":"product","2":"type-product","3":"status-publish","4":"has-post-thumbnail","6":"product_cat-sonstiges","8":"first","9":"outofstock","10":"sale","11":"taxable","12":"shipping-taxable","13":"purchasable","14":"product-type-simple"},"composite_virtual":false,"composite_layout":"","composite_add_to_cart_form_location":"","composite_editable_in_cart":false,"composite_sold_individually_context":"","composite_shop_price_calc":"","composite_components":[],"composite_scenarios":[],"group_of_quantity":0,"min_quantity":0,"max_quantity":"","exclude_order_quantity_value_rules":"no","exclude_category_quantity_rules":"no","combine_variations":"no","exclude_global_add_ons":[],"addons":[],"_links":{"self":[{"href":"https:\/\/www.huntersfriend.eu\/de\/wp-json\/wp\/v2\/product\/281246","targetHints":{"allow":["GET"]}}],"collection":[{"href":"https:\/\/www.huntersfriend.eu\/de\/wp-json\/wp\/v2\/product"}],"about":[{"href":"https:\/\/www.huntersfriend.eu\/de\/wp-json\/wp\/v2\/types\/product"}],"replies":[{"embeddable":true,"href":"https:\/\/www.huntersfriend.eu\/de\/wp-json\/wp\/v2\/comments?post=281246"}],"wp:featuredmedia":[{"embeddable":true,"href":"https:\/\/www.huntersfriend.eu\/de\/wp-json\/wp\/v2\/media\/257570"}],"wp:attachment":[{"href":"https:\/\/www.huntersfriend.eu\/de\/wp-json\/wp\/v2\/media?parent=281246"}],"wp:term":[{"taxonomy":"product_brand","embeddable":true,"href":"https:\/\/www.huntersfriend.eu\/de\/wp-json\/wp\/v2\/product_brand?post=281246"},{"taxonomy":"product_cat","embeddable":true,"href":"https:\/\/www.huntersfriend.eu\/de\/wp-json\/wp\/v2\/product_cat?post=281246"},{"taxonomy":"product_tag","embeddable":true,"href":"https:\/\/www.huntersfriend.eu\/de\/wp-json\/wp\/v2\/product_tag?post=281246"}],"curies":[{"name":"wp","href":"https:\/\/api.w.org\/{rel}","templated":true}]}}