{"id":281245,"date":"2023-11-30T14:12:25","date_gmt":"2025-06-23T09:55:17","guid":{"rendered":"https:\/\/www.huntersfriend.eu\/product\/vpa-omega-2-klinge-1-1-16-rechtsseitige-abschraegung-s7\/"},"modified":"2025-09-18T07:12:09","modified_gmt":"2025-09-18T05:12:09","slug":"vpa-omega-2-klinge-1-1-16-rechtsseitige-abschraegung-s7","status":"publish","type":"product","link":"https:\/\/www.huntersfriend.eu\/de\/produkt\/vpa-omega-2-klinge-1-1-16-rechtsseitige-abschraegung-s7\/","title":{"rendered":"VPA Omega 2 Klinge 1 1\/16&#8243; rechtsseitige Abschr\u00e4gung S7"},"content":{"rendered":"<p>Begr\u00fc\u00dfen Sie die neue VPA Omega Jagdspitze! Eine solide, einteilige, pr\u00e4zisionsgefertigte, in Amerika hergestellte Jagdspitze, die alle w\u00fcnschenswerten Eigenschaften einer einseitig abgeschr\u00e4gten Spitze mit der St\u00e4rke einer beidseitig abgeschr\u00e4gten Spitze kombiniert. Und das herausragendste Merkmal? Die zum Patent angemeldete LAYFLAT\u2122-Sch\u00e4rftechnologie macht sie zur am einfachsten zu sch\u00e4rfenden Zweiklingenspitze aller Zeiten.   <\/p>\n<p>Die harmonisch integrierte T\u00fclle bildet einen Keil von der Spitze bis zum Ende, der so konzipiert ist, dass er den Wundkanal offen h\u00e4lt und den Pfeilschaft ohne Behinderung passieren l\u00e4sst. Die scharfe Tanto-Spitze schneidet beim Kontakt und hat sich beim Durchdringen von Fleisch und Knochen bew\u00e4hrt. Direkt hinter der Spitze befindet sich ein massiver asymmetrischer Klingenabschnitt, der auf einzigartige Weise die knochenspaltendeWirkung einer einseitig abgeschr\u00e4gten Jagdspitze mit der inh\u00e4renten Robustheit einer beidseitig abgeschr\u00e4gten Jagdspitze kombiniert. Nachdem der Knochen zu spalten beginnt, verursacht der mechanische Vorteil der keilf\u00f6rmigen T\u00fclle in Verbindung mit der Rotation der echt einseitig abgeschr\u00e4gten Klingen eine verheerende Frakturierung des Knochens. Die scharfen, einseitig abgeschr\u00e4gten Klingen schneiden dann wie ein feines Rasiermesser durch Arterien und Organe und verursachen massive Blutungen und tiefe Penetration.    <\/p>\n<p>Gefertigt aus S7-Werkzeugstahl und auf 56-58 Rockwell geh\u00e4rtet, wird die VPA Omega aus einem hochwertigen Material hergestellt, das die Haltbarkeit, Zuverl\u00e4ssigkeit und Schneidhaltigkeit verbessert.<\/p>\n<p>Die VPA Omega Jagdspitze ist st\u00e4rker als <em>jede andere einseitig abgeschr\u00e4gte Jagdspitze auf dem Markt. <\/em>Hier ist der Grund daf\u00fcr&#8230;<\/p>\n<p>Von der Spitze aus betrachtet ist das erste Drittel der Jagdspitze eine versetzte diagonal symmetrische beidseitige Abschr\u00e4gung von 40 Grad. Die folgenden zwei Drittel der Jagdspitze weisen ab Werk eine einseitige Abschr\u00e4gung von 26 Grad auf. <strong><em>  <\/em><\/strong><\/p>\n<p>Der beidseitig abgeschr\u00e4gte Teil der Jagdspitze integriert die Klingen und die T\u00fclle in einer versetzten diagonal symmetrischen monolithischen Einheit &#8211; und schafft damit unsere zum Patent angemeldete LAYFLAT\u2122-Sch\u00e4rftechnologie. Diese Geometrie erm\u00f6glicht es den beidseitig abgeschr\u00e4gten Klingen, die Rotation durch Knochen und Gewebe zu initiieren, als w\u00e4re es eine einseitig abgeschr\u00e4gte Jagdspitze, w\u00e4hrend gleichzeitig die gesamte St\u00e4rke, die dem integrierten T\u00fcllen- und Klingendesign innewohnt, maximiert wird. <\/p>\n<p>Zus\u00e4tzlich zur extrem einfachen Sch\u00e4rfbarkeit dieser Jagdspitze<strong><em> <\/em><\/strong>erm\u00f6glicht die LAYFLAT\u2122-Sch\u00e4rftechnologie, dass der einseitig abgeschr\u00e4gte Teil der Klingen &#8211; falls vom J\u00e4ger gew\u00fcnscht &#8211; mit einer Mikroabschr\u00e4gung von 40 Grad versehen werden kann. Diese optionale Mikroabschr\u00e4gung verbessert zus\u00e4tzlich die Haltbarkeit der Klingenkanten beim Aufprall auf Knochen. <\/p>\n<p>Die VPA Omega verf\u00fcgt \u00fcber einen Schnittdurchmesser von 1 1\/16&#8243; &#8211; bewusst so konzipiert, um ausgezeichnete Flugeigenschaften beizubehalten und gleichzeitig eine tiefe Penetration zu unterst\u00fctzen und die Ablenkung beim Knochenaufprall zu minimieren. Diese bahnbrechende Jagdspitze setzt einen neuen Standard f\u00fcr einseitig abgeschr\u00e4gte Spitzen. <\/p>\n<p>Einseitig abgeschr\u00e4gte Jagdspitzen haben in den letzten Jahren enorm an Popularit\u00e4t gewonnen, und es gibt keinen Zweifel warum &#8211; sie verursachen verheerende Knochenfrakturen. Der gr\u00f6\u00dfte Nachteil von einseitig abgeschr\u00e4gten Spitzen ist jedoch, dass sie extrem schwierig zu sch\u00e4rfen sein k\u00f6nnen. Typischerweise muss man eine Vorrichtung oder ein Werkzeug erwerben, um den korrekten Winkel der Spitzen beim Sch\u00e4rfen beizubehalten. Bei der VPA Omega ist dieser Nachteil beseitigt. Alles, was zum Sch\u00e4rfen dieser Spitze ben\u00f6tigt wird, ist die Spitze selbst und ein Sch\u00e4rfstein, Schleifpapier oder was auch immer Sie zum Sch\u00e4rfen bevorzugen<strong><em>. <\/em><\/strong>Um diese Jagdspitze zu sch\u00e4rfen, legen Sie sie einfach flach hin und schieben sie vorw\u00e4rts. Keine Vorrichtung erforderlich &#8211; es ist das Ende der alten Vorgehensweise. Minimaler Aufwand &#8211; maximale Ergebnisse.      <\/p>\n<p>Die VPA Omega ist die einzige einseitig abgeschr\u00e4gte Jagdspitze, die Sie m\u00fchelos im Hochsitz nachsch\u00e4rfen k\u00f6nnen &#8211; ohne Vorrichtung, ohne Komplikationen. Diese nie zuvor gesehene Technologie macht die VPA Omega revolution\u00e4r &#8211; ihre Qualit\u00e4t, Zuverl\u00e4ssigkeit und m\u00fchelose Wartung machen sie einzigartig unter allen Jagdspitzen auf dem Markt. Schie\u00dfen, nachsch\u00e4rfen, wiederverwenden, wiederholen.  <\/p>\n<p><strong>Hinweis: <\/strong>Kombinieren Sie die rechtsseitige Abschr\u00e4gung mit rechts gedrehten Befiederungen\/Federn und die linksseitige Abschr\u00e4gung mit links gedrehten Befiederungen\/Federn. Die Jagdspitzen werden mit einem Werkschliff geliefert. Eine abschlie\u00dfende Sch\u00e4rfung vor der Jagd wird empfohlen.  <\/p>\n<p>Der mechanische Vorteil der T\u00fclle betr\u00e4gt 8,5<\/p>\n","protected":false},"excerpt":{"rendered":"<p>Begr\u00fc\u00dfen Sie die neue VPA Omega Jagdspitze! Eine solide, einteilige, pr\u00e4zisionsgefertigte, in Amerika hergestellte Jagdspitze, die alle w\u00fcnschenswerten Eigenschaften einer einseitig abgeschr\u00e4gten Spitze mit der St\u00e4rke einer beidseitig abgeschr\u00e4gten Spitze kombiniert. Und das herausragendste Merkmal? Die zum Patent angemeldete LAYFLAT\u2122-Sch\u00e4rftechnologie macht sie zur am einfachsten zu sch\u00e4rfenden Zweiklingenspitze aller Zeiten. Die harmonisch integrierte T\u00fclle bildet [&#8230;]\n","protected":false},"featured_media":258376,"comment_status":"open","ping_status":"closed","template":"","meta":[],"product_brand":[],"product_cat":[1079],"product_tag":[],"class_list":{"0":"post-281245","1":"product","2":"type-product","3":"status-publish","4":"has-post-thumbnail","6":"product_cat-jagd-spitzen","8":"first","9":"instock","10":"taxable","11":"shipping-taxable","12":"purchasable","13":"product-type-variable"},"composite_virtual":false,"composite_layout":"","composite_add_to_cart_form_location":"","composite_editable_in_cart":false,"composite_sold_individually_context":"","composite_shop_price_calc":"","composite_components":[],"composite_scenarios":[],"group_of_quantity":0,"min_quantity":0,"max_quantity":"","exclude_order_quantity_value_rules":"no","exclude_category_quantity_rules":"no","combine_variations":"no","exclude_global_add_ons":[],"addons":[],"_links":{"self":[{"href":"https:\/\/www.huntersfriend.eu\/de\/wp-json\/wp\/v2\/product\/281245","targetHints":{"allow":["GET"]}}],"collection":[{"href":"https:\/\/www.huntersfriend.eu\/de\/wp-json\/wp\/v2\/product"}],"about":[{"href":"https:\/\/www.huntersfriend.eu\/de\/wp-json\/wp\/v2\/types\/product"}],"replies":[{"embeddable":true,"href":"https:\/\/www.huntersfriend.eu\/de\/wp-json\/wp\/v2\/comments?post=281245"}],"wp:featuredmedia":[{"embeddable":true,"href":"https:\/\/www.huntersfriend.eu\/de\/wp-json\/wp\/v2\/media\/258376"}],"wp:attachment":[{"href":"https:\/\/www.huntersfriend.eu\/de\/wp-json\/wp\/v2\/media?parent=281245"}],"wp:term":[{"taxonomy":"product_brand","embeddable":true,"href":"https:\/\/www.huntersfriend.eu\/de\/wp-json\/wp\/v2\/product_brand?post=281245"},{"taxonomy":"product_cat","embeddable":true,"href":"https:\/\/www.huntersfriend.eu\/de\/wp-json\/wp\/v2\/product_cat?post=281245"},{"taxonomy":"product_tag","embeddable":true,"href":"https:\/\/www.huntersfriend.eu\/de\/wp-json\/wp\/v2\/product_tag?post=281245"}],"curies":[{"name":"wp","href":"https:\/\/api.w.org\/{rel}","templated":true}]}}