{"id":281239,"date":"2023-11-30T13:48:16","date_gmt":"2025-06-23T09:55:15","guid":{"rendered":"https:\/\/www.huntersfriend.eu\/product\/huntworth-harrison-kapuzenpullover-snow-camo\/"},"modified":"2025-10-12T12:14:01","modified_gmt":"2025-10-12T10:14:01","slug":"huntworth-harrison-kapuzenpullover-snow-camo","status":"publish","type":"product","link":"https:\/\/www.huntersfriend.eu\/de\/produkt\/huntworth-harrison-kapuzenpullover-snow-camo\/","title":{"rendered":"Huntworth Harrison Kapuzenpullover Snow Camo"},"content":{"rendered":"<p>Der mittelschwere Harrison Jagd-Kapuzenpullover f\u00fcr Herren in Snow Camo ist aus einem seidig glatten, sanft aufgerauten Performance-Fleece gefertigt, der sich angenehm warm anf\u00fchlt. Er wird schnell zu einem Ihrer Lieblings-Kapuzenpullover, sei es bei der Jagd oder in der Freizeit. <\/p>\n<p><strong>Der mittelschwere Harrison Jagd-Kapuzenpullover in Snow Camo<\/strong> ist ein unverzichtbares Kleidungsst\u00fcck f\u00fcr jeden J\u00e4ger im Schnee. Hergestellt mit Huntworts winterwei\u00dfem Muster ist der Snow Camo Kapuzenpullover aus einem robusten, zweiseitig dehnbaren Performance-Fleece konstruiert. <\/p>\n<p>Die vordere K\u00e4ngurutasche bietet reichlich Stauraum.<\/p>\n<p>Eine praktische Rei\u00dfverschlusstasche am \u00c4rmel kann kleine Gegenst\u00e4nde aufnehmen. Die gef\u00fctterte Kapuze sorgt f\u00fcr zus\u00e4tzliche W\u00e4rme, wenn sie \u00fcber den Kopf gezogen wird. <\/p>\n<p>Ein klassisches St\u00fcck &#8211; der Kapuzenpullover im Snow Camo-Muster ist ein hervorragendes Kleidungsst\u00fcck zum Schichten, wenn der Schnee zu fallen beginnt.<\/p>\n","protected":false},"excerpt":{"rendered":"<p>Der mittelschwere Harrison Jagd-Kapuzenpullover f\u00fcr Herren in Snow Camo ist aus einem seidig glatten, sanft aufgerauten Performance-Fleece gefertigt, der sich angenehm warm anf\u00fchlt. Er wird schnell zu einem Ihrer Lieblings-Kapuzenpullover, sei es bei der Jagd oder in der Freizeit. Der mittelschwere Harrison Jagd-Kapuzenpullover in Snow Camo ist ein unverzichtbares Kleidungsst\u00fcck f\u00fcr jeden J\u00e4ger im Schnee. [&#8230;]\n","protected":false},"featured_media":258365,"comment_status":"open","ping_status":"closed","template":"","meta":[],"product_brand":[],"product_cat":[2184,1384],"product_tag":[],"class_list":{"0":"post-281239","1":"product","2":"type-product","3":"status-publish","4":"has-post-thumbnail","6":"product_cat-hemden-kapuzenpullover","7":"product_cat-jacken","9":"first","10":"outofstock","11":"taxable","12":"shipping-taxable","13":"purchasable","14":"product-type-variable"},"composite_virtual":false,"composite_layout":"","composite_add_to_cart_form_location":"","composite_editable_in_cart":false,"composite_sold_individually_context":"","composite_shop_price_calc":"","composite_components":[],"composite_scenarios":[],"group_of_quantity":0,"min_quantity":0,"max_quantity":"","exclude_order_quantity_value_rules":"no","exclude_category_quantity_rules":"no","combine_variations":"no","exclude_global_add_ons":[],"addons":[],"_links":{"self":[{"href":"https:\/\/www.huntersfriend.eu\/de\/wp-json\/wp\/v2\/product\/281239","targetHints":{"allow":["GET"]}}],"collection":[{"href":"https:\/\/www.huntersfriend.eu\/de\/wp-json\/wp\/v2\/product"}],"about":[{"href":"https:\/\/www.huntersfriend.eu\/de\/wp-json\/wp\/v2\/types\/product"}],"replies":[{"embeddable":true,"href":"https:\/\/www.huntersfriend.eu\/de\/wp-json\/wp\/v2\/comments?post=281239"}],"wp:featuredmedia":[{"embeddable":true,"href":"https:\/\/www.huntersfriend.eu\/de\/wp-json\/wp\/v2\/media\/258365"}],"wp:attachment":[{"href":"https:\/\/www.huntersfriend.eu\/de\/wp-json\/wp\/v2\/media?parent=281239"}],"wp:term":[{"taxonomy":"product_brand","embeddable":true,"href":"https:\/\/www.huntersfriend.eu\/de\/wp-json\/wp\/v2\/product_brand?post=281239"},{"taxonomy":"product_cat","embeddable":true,"href":"https:\/\/www.huntersfriend.eu\/de\/wp-json\/wp\/v2\/product_cat?post=281239"},{"taxonomy":"product_tag","embeddable":true,"href":"https:\/\/www.huntersfriend.eu\/de\/wp-json\/wp\/v2\/product_tag?post=281239"}],"curies":[{"name":"wp","href":"https:\/\/api.w.org\/{rel}","templated":true}]}}