{"id":281237,"date":"2023-11-29T11:26:08","date_gmt":"2025-06-23T09:55:14","guid":{"rendered":"https:\/\/www.huntersfriend.eu\/product\/endanflug-genericproductname-layout-tarnung\/"},"modified":"2025-10-15T11:33:34","modified_gmt":"2025-10-15T09:33:34","slug":"endanflug-genericproductname-layout-tarnung","status":"publish","type":"product","link":"https:\/\/www.huntersfriend.eu\/de\/produkt\/endanflug-genericproductname-layout-tarnung\/","title":{"rendered":"Endanflug GenericProductName Layout-Tarnung"},"content":{"rendered":"<p>Dies ist seit Anbeginn ein Favorit gewesen. Das Original GenericProductName ist ber\u00fchmt daf\u00fcr, die Tarnung mit dem niedrigsten Profil auf dem Markt zu sein, w\u00e4hrend es gleichzeitig ausreichend Schutz vor den Umgebungsbedingungen bietet. Die Benutzerfreundlichkeit und das geringe Gewicht machen diese Tarnung zu einer ausgezeichneten Wahl. Die gest\u00fctzte Knieleiste, die R\u00fcckenlehne und die strukturierten T\u00fcren lassen diese Tarnung mit niedrigem Profil herausragen.   <\/p>\n<h2>MERKMALE<\/h2>\n<ul>\n<li>Tarnung mit niedrigem Profil und minimalem Rahmen f\u00fcr diejenigen, die es ernst meinen mit der Verbergung ihrer Pr\u00e4senz im Feld.<\/li>\n<li>Rucksackgurte, um die H\u00e4nde beim Ein- und Auspacken auf den Feldern frei zu haben.<\/li>\n<li>Original-Stoppelriemen zum Hinzuf\u00fcgen zus\u00e4tzlicher Tarnung<\/li>\n<li>Originale Schnellzugriffs-Flaggenl\u00f6cher auf beiden Seiten<\/li>\n<li>Rei\u00dfverschluss-Reinigungst\u00fcr am Fu\u00dfende zum schnellen Entfernen von Schmutz in der Tarnung<\/li>\n<li>66 cm B x 229 cm L x 36 cm H<\/li>\n<li>Wiegt nur 5,4 kg<\/li>\n<li>Moosiger Eichen-Lebensraum<\/li>\n<\/ul>\n<p><strong>Bestellungen sind aufgrund der Gr\u00f6\u00dfe auf einen Karton begrenzt. Wenn Sie an einer gr\u00f6\u00dferen Menge interessiert sind, kontaktieren Sie uns bitte direkt, um die Versandkosten zu besprechen. <\/strong><\/p>\n","protected":false},"excerpt":{"rendered":"<p>Dies ist seit Anbeginn ein Favorit gewesen. Das Original GenericProductName ist ber\u00fchmt daf\u00fcr, die Tarnung mit dem niedrigsten Profil auf dem Markt zu sein, w\u00e4hrend es gleichzeitig ausreichend Schutz vor den Umgebungsbedingungen bietet. Die Benutzerfreundlichkeit und das geringe Gewicht machen diese Tarnung zu einer ausgezeichneten Wahl. Die gest\u00fctzte Knieleiste, die R\u00fcckenlehne und die strukturierten T\u00fcren [&#8230;]\n","protected":false},"featured_media":258292,"comment_status":"open","ping_status":"closed","template":"","meta":[],"product_brand":[],"product_cat":[1169],"product_tag":[],"class_list":{"0":"post-281237","1":"product","2":"type-product","3":"status-publish","4":"has-post-thumbnail","6":"product_cat-schirm","7":"product_shipping_class-big-de","9":"first","10":"instock","11":"taxable","12":"shipping-taxable","13":"purchasable","14":"product-type-simple"},"composite_virtual":false,"composite_layout":"","composite_add_to_cart_form_location":"","composite_editable_in_cart":false,"composite_sold_individually_context":"","composite_shop_price_calc":"","composite_components":[],"composite_scenarios":[],"group_of_quantity":0,"min_quantity":0,"max_quantity":"","exclude_order_quantity_value_rules":"no","exclude_category_quantity_rules":"no","combine_variations":"no","exclude_global_add_ons":[],"addons":[],"_links":{"self":[{"href":"https:\/\/www.huntersfriend.eu\/de\/wp-json\/wp\/v2\/product\/281237","targetHints":{"allow":["GET"]}}],"collection":[{"href":"https:\/\/www.huntersfriend.eu\/de\/wp-json\/wp\/v2\/product"}],"about":[{"href":"https:\/\/www.huntersfriend.eu\/de\/wp-json\/wp\/v2\/types\/product"}],"replies":[{"embeddable":true,"href":"https:\/\/www.huntersfriend.eu\/de\/wp-json\/wp\/v2\/comments?post=281237"}],"wp:featuredmedia":[{"embeddable":true,"href":"https:\/\/www.huntersfriend.eu\/de\/wp-json\/wp\/v2\/media\/258292"}],"wp:attachment":[{"href":"https:\/\/www.huntersfriend.eu\/de\/wp-json\/wp\/v2\/media?parent=281237"}],"wp:term":[{"taxonomy":"product_brand","embeddable":true,"href":"https:\/\/www.huntersfriend.eu\/de\/wp-json\/wp\/v2\/product_brand?post=281237"},{"taxonomy":"product_cat","embeddable":true,"href":"https:\/\/www.huntersfriend.eu\/de\/wp-json\/wp\/v2\/product_cat?post=281237"},{"taxonomy":"product_tag","embeddable":true,"href":"https:\/\/www.huntersfriend.eu\/de\/wp-json\/wp\/v2\/product_tag?post=281237"}],"curies":[{"name":"wp","href":"https:\/\/api.w.org\/{rel}","templated":true}]}}