{"id":281217,"date":"2023-11-25T00:56:11","date_gmt":"2023-11-24T22:56:11","guid":{"rendered":"https:\/\/www.huntersfriend.eu\/product\/sitka-jetstream-jacke-leuchtorange\/"},"modified":"2025-08-12T04:54:38","modified_gmt":"2025-08-12T02:54:38","slug":"sitka-jetstream-jacke-leuchtorange","status":"publish","type":"product","link":"https:\/\/www.huntersfriend.eu\/de\/produkt\/sitka-jetstream-jacke-leuchtorange\/","title":{"rendered":"SITKA Jetstream Jacke Leuchtorange"},"content":{"rendered":"<p>Nichts verursacht derart Unbehagen und Ablenkung wie ein kalter, unerbittlicher Wind. Unsere winddichte Jetstream Jacke, die die GORE\u00ae WINDSTOPPER\u00ae Produkttechnologie nutzt, ist Jahr f\u00fcr Jahr eines unserer beliebtesten Produkte. Ihr pr\u00e4zise entwickelter Schnitt optimiert Komfort und Bewegungsfreiheit. Konzipiert, um W\u00e4rme zu speichern und dennoch bei Bedarf zu atmen, bietet diese vielseitige Softshell-Jacke mit komfortablem Mikro-Grid-Fleece-Futter h\u00f6chste Vielseitigkeit.   <\/p>\n<p>Warum Sitka dies hergestellt hat<\/p>\n<p>Unser Ziel war es, die Leistungsf\u00e4higkeit einer Softshell-Jacke bei aktiven Outdoor-Aktivit\u00e4ten neu zu definieren. Unsere L\u00f6sung bestand darin, eine Jacke zu kreieren, die gut atmet, Wind blockiert, leichten Regen und Schnee abweist und die Bewegung nicht einschr\u00e4nkt. Dies haben wir erreicht durch den Einsatz von GORE\u00ae WINDSTOPPER\u00ae f\u00fcr un\u00fcbertroffenen Windschutz, einer DWR-Ausr\u00fcstung, um ein Durchn\u00e4ssen des Oberfl\u00e4chenmaterials zu verhindern, und einer artikulierten Schnittf\u00fchrung f\u00fcr vollst\u00e4ndige Bewegungsfreiheit.  <\/p>\n<p>Recyceltes Polyestergewebe mit Polyester-Mikro-Grid-Fleece-Innenseite<\/p>\n<p>GORE\u00ae WINDSTOPPER\u00ae Produkttechnologie macht die Jacke 100% winddicht<\/p>\n<p>Dauerhaft wasserabweisende Ausr\u00fcstung sch\u00fctzt vor leichtem Niederschlag und verhindert das Durchn\u00e4ssen des Stoffes<\/p>\n<p>Verklebte und abgeschr\u00e4gte N\u00e4hte f\u00fcr zus\u00e4tzlichen Wetterschutz ohne zus\u00e4tzliches Volumen<\/p>\n<p>Rei\u00dfverschlusstaschen an den H\u00e4nden und der Brust bieten sichere Aufbewahrungsm\u00f6glichkeiten<\/p>\n<p>Unterarmrei\u00dfverschl\u00fcsse erm\u00f6glichen es Ihnen, W\u00e4rme abzuf\u00fchren, wenn Sie in Bewegung sind<\/p>\n<p>Aktualisierte Passform f\u00fcr ein entspanntes, komfortables Tragegef\u00fchl mit ausreichender Bewegungsfreiheit<\/p>\n<p>Gewicht: 737 g<\/p>\n","protected":false},"excerpt":{"rendered":"<p>Nichts verursacht derart Unbehagen und Ablenkung wie ein kalter, unerbittlicher Wind. Unsere winddichte Jetstream Jacke, die die GORE\u00ae WINDSTOPPER\u00ae Produkttechnologie nutzt, ist Jahr f\u00fcr Jahr eines unserer beliebtesten Produkte. Ihr pr\u00e4zise entwickelter Schnitt optimiert Komfort und Bewegungsfreiheit. Konzipiert, um W\u00e4rme zu speichern und dennoch bei Bedarf zu atmen, bietet diese vielseitige Softshell-Jacke mit komfortablem Mikro-Grid-Fleece-Futter [&#8230;]\n","protected":false},"featured_media":258110,"comment_status":"open","ping_status":"closed","template":"","meta":[],"product_brand":[],"product_cat":[1145],"product_tag":[],"class_list":{"0":"post-281217","1":"product","2":"type-product","3":"status-publish","4":"has-post-thumbnail","6":"product_cat-sonstiges","8":"first","9":"outofstock","10":"taxable","11":"shipping-taxable","12":"purchasable","13":"product-type-variable"},"composite_virtual":false,"composite_layout":"","composite_add_to_cart_form_location":"","composite_editable_in_cart":false,"composite_sold_individually_context":"","composite_shop_price_calc":"","composite_components":[],"composite_scenarios":[],"group_of_quantity":0,"min_quantity":0,"max_quantity":"","exclude_order_quantity_value_rules":"no","exclude_category_quantity_rules":"no","combine_variations":"no","exclude_global_add_ons":[],"addons":[],"_links":{"self":[{"href":"https:\/\/www.huntersfriend.eu\/de\/wp-json\/wp\/v2\/product\/281217","targetHints":{"allow":["GET"]}}],"collection":[{"href":"https:\/\/www.huntersfriend.eu\/de\/wp-json\/wp\/v2\/product"}],"about":[{"href":"https:\/\/www.huntersfriend.eu\/de\/wp-json\/wp\/v2\/types\/product"}],"replies":[{"embeddable":true,"href":"https:\/\/www.huntersfriend.eu\/de\/wp-json\/wp\/v2\/comments?post=281217"}],"wp:featuredmedia":[{"embeddable":true,"href":"https:\/\/www.huntersfriend.eu\/de\/wp-json\/wp\/v2\/media\/258110"}],"wp:attachment":[{"href":"https:\/\/www.huntersfriend.eu\/de\/wp-json\/wp\/v2\/media?parent=281217"}],"wp:term":[{"taxonomy":"product_brand","embeddable":true,"href":"https:\/\/www.huntersfriend.eu\/de\/wp-json\/wp\/v2\/product_brand?post=281217"},{"taxonomy":"product_cat","embeddable":true,"href":"https:\/\/www.huntersfriend.eu\/de\/wp-json\/wp\/v2\/product_cat?post=281217"},{"taxonomy":"product_tag","embeddable":true,"href":"https:\/\/www.huntersfriend.eu\/de\/wp-json\/wp\/v2\/product_tag?post=281217"}],"curies":[{"name":"wp","href":"https:\/\/api.w.org\/{rel}","templated":true}]}}