{"id":281216,"date":"2023-11-06T11:50:20","date_gmt":"2025-06-23T09:55:10","guid":{"rendered":"https:\/\/www.huntersfriend.eu\/product\/meindl-taiga-gtx\/"},"modified":"2026-02-25T10:35:30","modified_gmt":"2026-02-25T08:35:30","slug":"meindl-taiga-gtx","status":"publish","type":"product","link":"https:\/\/www.huntersfriend.eu\/de\/produkt\/meindl-taiga-gtx\/","title":{"rendered":"Meindl Taiga GTX"},"content":{"rendered":"<p>Der Meindl Taiga MFS GTX Stiefel ist konzipiert, um Ihre Jagdleistung zu maximieren. Handgefertigt aus weichem Nubukleder ist der Stiefel widerstandsf\u00e4hig und sch\u00fctzend unter widrigen Bedingungen, mit einem hohen Schaft f\u00fcr un\u00fcbertroffene Kn\u00f6chelst\u00fctzung. Ihr Fu\u00df wird dank des Digafix-Schn\u00fcrsystems sicher an Ort und Stelle gehalten, welches ein einfaches Schn\u00fcren erm\u00f6glicht und f\u00fcr Bergwanderungen anpassbar ist. Mit einer GORE-TEX-Auskleidung und einer Air-Active Trockensohle ist der Taiga MFS GTX \u00e4u\u00dferst atmungsaktiv, gut bel\u00fcftet und wasserdicht bei jedem Wetter. Die MFS-Sch\u00e4ume passen sich durch K\u00f6rperw\u00e4rme der Fu\u00dfform an und bieten so optimale Unterst\u00fctzung. Das Memory Foam System (MFS) sorgt f\u00fcr zus\u00e4tzliche Polsterung und maximalen Komfort, erm\u00f6glicht eine personalisierte Passform und reduziert unerw\u00fcnschten Druck und Einschn\u00fcrungen.     <\/p>\n<p>Der Taiga MFS GTX ist mit einer Meindl Multigriff-Sohle (entwickelt in Zusammenarbeit mit Vibram) ausgestattet, die exzellente Traktion auf einer Vielzahl von Oberfl\u00e4chen bietet, von schlammigen Feldern bis hin zu Gebirgslandschaften.<\/p>\n<p><span class=\"jCAhz ChMk0b\"><span class=\"ryNqvb\">Gewicht der Schuhe 1950 g\/Paar<\/span><\/span><\/p>\n","protected":false},"excerpt":{"rendered":"<p>Der Meindl Taiga MFS GTX Stiefel ist konzipiert, um Ihre Jagdleistung zu maximieren. Handgefertigt aus weichem Nubukleder ist der Stiefel widerstandsf\u00e4hig und sch\u00fctzend unter widrigen Bedingungen, mit einem hohen Schaft f\u00fcr un\u00fcbertroffene Kn\u00f6chelst\u00fctzung. Ihr Fu\u00df wird dank des Digafix-Schn\u00fcrsystems sicher an Ort und Stelle gehalten, welches ein einfaches Schn\u00fcren erm\u00f6glicht und f\u00fcr Bergwanderungen anpassbar ist. [&#8230;]\n","protected":false},"featured_media":257190,"comment_status":"open","ping_status":"closed","template":"","meta":[],"product_brand":[],"product_cat":[2835,1129],"product_tag":[],"class_list":{"0":"post-281216","1":"product","2":"type-product","3":"status-publish","4":"has-post-thumbnail","6":"product_cat-jaktkangor","7":"product_cat-jagd-stiefel","8":"product_shipping_class-medium-de","10":"first","11":"instock","12":"taxable","13":"shipping-taxable","14":"purchasable","15":"product-type-variable"},"composite_virtual":false,"composite_layout":"","composite_add_to_cart_form_location":"","composite_editable_in_cart":false,"composite_sold_individually_context":"","composite_shop_price_calc":"","composite_components":[],"composite_scenarios":[],"group_of_quantity":0,"min_quantity":0,"max_quantity":"","exclude_order_quantity_value_rules":"no","exclude_category_quantity_rules":"no","combine_variations":"no","exclude_global_add_ons":[],"addons":[],"_links":{"self":[{"href":"https:\/\/www.huntersfriend.eu\/de\/wp-json\/wp\/v2\/product\/281216","targetHints":{"allow":["GET"]}}],"collection":[{"href":"https:\/\/www.huntersfriend.eu\/de\/wp-json\/wp\/v2\/product"}],"about":[{"href":"https:\/\/www.huntersfriend.eu\/de\/wp-json\/wp\/v2\/types\/product"}],"replies":[{"embeddable":true,"href":"https:\/\/www.huntersfriend.eu\/de\/wp-json\/wp\/v2\/comments?post=281216"}],"wp:featuredmedia":[{"embeddable":true,"href":"https:\/\/www.huntersfriend.eu\/de\/wp-json\/wp\/v2\/media\/257190"}],"wp:attachment":[{"href":"https:\/\/www.huntersfriend.eu\/de\/wp-json\/wp\/v2\/media?parent=281216"}],"wp:term":[{"taxonomy":"product_brand","embeddable":true,"href":"https:\/\/www.huntersfriend.eu\/de\/wp-json\/wp\/v2\/product_brand?post=281216"},{"taxonomy":"product_cat","embeddable":true,"href":"https:\/\/www.huntersfriend.eu\/de\/wp-json\/wp\/v2\/product_cat?post=281216"},{"taxonomy":"product_tag","embeddable":true,"href":"https:\/\/www.huntersfriend.eu\/de\/wp-json\/wp\/v2\/product_tag?post=281216"}],"curies":[{"name":"wp","href":"https:\/\/api.w.org\/{rel}","templated":true}]}}