{"id":281205,"date":"2018-12-21T08:44:01","date_gmt":"2018-12-21T08:44:01","guid":{"rendered":"https:\/\/www.huntersfriend.eu\/product\/black-eagle-carnivore-schaefte\/"},"modified":"2026-03-04T14:51:12","modified_gmt":"2026-03-04T12:51:12","slug":"black-eagle-carnivore-schaefte","status":"publish","type":"product","link":"https:\/\/www.huntersfriend.eu\/de\/produkt\/black-eagle-carnivore-schaefte\/","title":{"rendered":"Black Eagle Carnivore-Sch\u00e4fte"},"content":{"rendered":"<p><span style=\"display: inline !important; float: none; background-color: transparent; color: #333333; font-family: 'Industry-Medium-webfont',Helvetica,Arial,sans-serif; font-size: 13px; font-style: normal; font-variant: normal; font-weight: 400; letter-spacing: normal; orphans: 2; text-align: left; text-decoration: none; text-indent: 0px; text-transform: none; -webkit-text-stroke-width: 0px; white-space: normal; word-spacing: 0px;\">Der Carnivore ist Black Eagles erstklassiger, zu 100% aus Carbon gefertigter Jagd- \/ 3D-Schaft. Seine \u201eFlugeigenschaften wurden von erfahrenen professionellen Sch\u00fctzen entwickelt, um Geschwindigkeit, kinetische Energie und Durchdringung f\u00fcr ein breites Spektrum von Umgebungen zu optimieren. Die Carnivores werden einzeln nach Gewicht sortiert und im Spine abgestimmt, um die konsistentesten Gruppierungen zu erm\u00f6glichen. Die au\u00dfergew\u00f6hnliche Haltbarkeit und Pr\u00e4zision dieses Schafts\u201c wird zweifellos sowohl tief im Wald als auch auf dem 3D-Parcours zur Troph\u00e4e f\u00fchren.    <\/span><\/p>\n<p><span style=\"display: inline !important; float: none; background-color: transparent; color: #333333; font-family: 'Industry-Medium-webfont',Helvetica,Arial,sans-serif; font-size: 14px; font-style: normal; font-variant: normal; font-weight: 400; letter-spacing: normal; orphans: 2; text-align: left; text-decoration: none; text-indent: 0px; text-transform: none; -webkit-text-stroke-width: 0px; white-space: normal; word-spacing: 0px;\">Seit der Gr\u00fcndung von Black Eagle Arrows ist der Carnivore ein fester Bestandteil des Sortiments. Obwohl wir mehrere Arten von Pfeilen f\u00fcr B\u00f6gen anbieten, bleibt der Carnivore weiterhin vorherrschend. Als unser Flaggschiff unter den Jagd- und Zielcarbonpfeilen hat er sich weltweit bew\u00e4hrt. Als preisgekr\u00f6nter Pfeil erfreut sich der Carnivore anhaltender Beliebtheit sowohl bei J\u00e4gern als auch bei Enthusiasten des Indoor- und Outdoor-Bogenschie\u00dfens.    <\/span><\/p>\n<div class=\"category-seo\">Als einer der besten Pfeile f\u00fcr die Hirschjagd ist der Carnivore f\u00fcr seine Abschussgeschwindigkeit \u00fcber lange Distanzen bekannt. Jahr f\u00fcr Jahr behauptet sich der Carnivore als der beste erh\u00e4ltliche Carbon-Jagdpfeil. Unsere \u00fcberlegene Carbontechnologie wird mit unserer Gruppierungstechnologie kombiniert, was den Carnivore zu einem unverzichtbaren Bestandteil in jedem K\u00f6cher eines Sportsch\u00fctzen macht.  <\/div>\n<div><\/div>\n<div><span style=\"display: inline !important; float: none; background-color: transparent; color: #333333; font-family: 'Industry-Medium-webfont',Helvetica,Arial,sans-serif; font-size: 13px; font-style: normal; font-variant: normal; font-weight: 400; letter-spacing: normal; orphans: 2; text-align: left; text-decoration: none; text-indent: 0px; text-transform: none; -webkit-text-stroke-width: 0px; white-space: normal; word-spacing: 0px;\">Hei\u00dfschmelzkleber wird f\u00fcr die Verwendung mit Black Eagle Pfeilsch\u00e4ften NICHT empfohlen. <\/span><\/div>\n<h3>BLACK EAGLE CARNIVORE SPEZIFIKATIONEN<\/h3>\n<table>\n<tbody>\n<tr>\n<td><strong>250er<\/strong><br \/>\n0,250&#8243; Durchbiegung<br \/>\n9,7 GPI<br \/>\n+\/-0,001 oder 0,003&#8243; Geradheit<br \/>\n0,303&#8243; Au\u00dfendurchmesser<\/td>\n<td><strong>300er<\/strong><br \/>\n0,300&#8243; Durchbiegung<br \/>\n8,5 GPI<br \/>\n+\/-0,001 oder 0,003&#8243; Geradheit<br \/>\n0,296&#8243; Au\u00dfendurchmesser<\/td>\n<td><strong>350er<\/strong><br \/>\n0,350&#8243; Durchbiegung<br \/>\n7,5 GPI<br \/>\n+\/-0,001 oder 0,003&#8243; Geradheit<br \/>\n0,291&#8243; Au\u00dfendurchmesser<\/td>\n<td><strong>400er<\/strong><br \/>\n0,400&#8243; Durchbiegung<br \/>\n6,8 GPI<br \/>\n+\/-0,001 oder 0,003&#8243; Geradheit<br \/>\n0,287&#8243; Au\u00dfendurchmesser<\/td>\n<\/tr>\n<\/tbody>\n<\/table>\n<h3>STANDARDISIERTE PFEIL-SPINE\/DURCHBIEGUNGS-TABELLEN<\/h3>\n<p>Diese Tabelle ist normalisiert f\u00fcr moderne Compoundb\u00f6gen mit IBO-Geschwindigkeiten zwischen 280-330 fps. F\u00fcr schnellere B\u00f6gen bitte in der Tabelle einen Block nach unten und nach rechts. F\u00fcr langsamere B\u00f6gen bitte in der Tabelle einen Block nach oben und nach links. Die Tabelle gilt nicht f\u00fcr traditionelle B\u00f6gen. HINWEIS: Der tats\u00e4chliche Spine-Wert entspricht nicht unbedingt der vom Hersteller angegebenen Namensbezeichnung (Gold Tip 5575, Carbon Force 200, Carbon Express 60\/75 usw.). Die Spine-Gr\u00f6\u00dfensysteme der Hersteller <strong>k\u00f6nnen willk\u00fcrlich sein<\/strong> (100, 200, 300, 400) und spiegeln m\u00f6glicherweise nicht die tats\u00e4chlichen Spine-Durchbiegungen der Pfeile wider. Als Beispiel, ein &#8222;Carbon Express Maxima 250&#8243; hat einen tats\u00e4chlichen Spine von .404&#8243;, nicht .250&#8220; wie die Bezeichnung nahelegt. In diesem Fall ist das Bewertungssystem beliebig. Gehen Sie sicherheitshalber NICHT davon aus, dass die angegebene &#8222;Spine-Bezeichnung&#8220; des Pfeils mit dem tats\u00e4chlichen Spine des Pfeils \u00fcbereinstimmt. Bitte die tats\u00e4chlichen Pfeilspezifikationsdaten beachten, bevor Sie die Tabelle verwenden und den geeignete Spine ausw\u00e4hlen. <em><strong>Wenn Sie Hilfe ben\u00f6tigen, rufen Sie unseren Pro-Shop unter +358 45 208 6292 an oder schreiben Sie uns eine E-Mail f\u00fcr Unterst\u00fctzung.<\/strong><\/em><\/p>\n","protected":false},"excerpt":{"rendered":"<p>Achtung: W\u00e4hlen Sie Spine und Geradheit.<\/p>\n<p>Nocken und Eins\u00e4tze sind enthalten, jedoch keine \u00dcbungsspitzen oder Jagdspitzen. Bitte kontaktieren Sie uns direkt bez\u00fcglich anderer Spines oder Geradheiten. <\/p>\n","protected":false},"featured_media":281207,"comment_status":"open","ping_status":"closed","template":"","meta":[],"product_brand":[],"product_cat":[1105,1220],"product_tag":[],"class_list":{"0":"post-281205","1":"product","2":"type-product","3":"status-publish","4":"has-post-thumbnail","6":"product_cat-karbon-jagd-schaefte","7":"product_cat-karbonschaefte-fuer-das-scheibenschiessen","9":"first","10":"instock","11":"taxable","12":"shipping-taxable","13":"purchasable","14":"product-type-variable"},"composite_virtual":false,"composite_layout":"","composite_add_to_cart_form_location":"","composite_editable_in_cart":false,"composite_sold_individually_context":"","composite_shop_price_calc":"","composite_components":[],"composite_scenarios":[],"group_of_quantity":0,"min_quantity":0,"max_quantity":"","exclude_order_quantity_value_rules":"no","exclude_category_quantity_rules":"no","combine_variations":"no","exclude_global_add_ons":false,"addons":[{"name":"Zuschnitt","type":"multiple_choice","position":0,"required":true,"title_format":"label","default":"","description_enable":false,"description":null,"placeholder_enable":false,"placeholder":null,"display":"select","restrictions_type":"any_text","adjust_price":false,"price":"","price_type":"flat_fee","restrictions":false,"min":"0","max":"0","options":[{"label":"Nicht schneiden","price":"","price_type":"flat_fee","image":0,"visibility":true},{"label":"Bitte schneiden - f\u00fcgen Sie die gew\u00fcnschte L\u00e4nge im Infofeld beim Auschecken hinzu","price":"","price_type":"flat_fee","image":0,"visibility":true}],"id":1744632822},{"name":"Eins\u00e4tze","type":"multiple_choice","position":1,"required":true,"title_format":"label","default":"","description_enable":false,"description":null,"placeholder_enable":false,"placeholder":null,"display":"select","restrictions_type":"any_text","adjust_price":false,"price":"","price_type":"flat_fee","restrictions":false,"min":"0","max":"0","options":[{"label":"Eins\u00e4tze installieren (Dies ist dauerhaft!)","price":"","price_type":"flat_fee","image":0,"visibility":true},{"label":"Eins\u00e4tze nicht installieren (lose beilegen)","price":"","price_type":"flat_fee","image":0,"visibility":true}],"id":1744632823}],"_links":{"self":[{"href":"https:\/\/www.huntersfriend.eu\/de\/wp-json\/wp\/v2\/product\/281205","targetHints":{"allow":["GET"]}}],"collection":[{"href":"https:\/\/www.huntersfriend.eu\/de\/wp-json\/wp\/v2\/product"}],"about":[{"href":"https:\/\/www.huntersfriend.eu\/de\/wp-json\/wp\/v2\/types\/product"}],"replies":[{"embeddable":true,"href":"https:\/\/www.huntersfriend.eu\/de\/wp-json\/wp\/v2\/comments?post=281205"}],"wp:featuredmedia":[{"embeddable":true,"href":"https:\/\/www.huntersfriend.eu\/de\/wp-json\/wp\/v2\/media\/281207"}],"wp:attachment":[{"href":"https:\/\/www.huntersfriend.eu\/de\/wp-json\/wp\/v2\/media?parent=281205"}],"wp:term":[{"taxonomy":"product_brand","embeddable":true,"href":"https:\/\/www.huntersfriend.eu\/de\/wp-json\/wp\/v2\/product_brand?post=281205"},{"taxonomy":"product_cat","embeddable":true,"href":"https:\/\/www.huntersfriend.eu\/de\/wp-json\/wp\/v2\/product_cat?post=281205"},{"taxonomy":"product_tag","embeddable":true,"href":"https:\/\/www.huntersfriend.eu\/de\/wp-json\/wp\/v2\/product_tag?post=281205"}],"curies":[{"name":"wp","href":"https:\/\/api.w.org\/{rel}","templated":true}]}}