{"id":281199,"date":"2018-12-21T08:25:07","date_gmt":"2025-06-23T09:37:13","guid":{"rendered":"https:\/\/www.huntersfriend.eu\/product\/qad-hdx\/"},"modified":"2026-01-07T08:00:57","modified_gmt":"2026-01-07T06:00:57","slug":"qad-hdx","status":"publish","type":"product","link":"https:\/\/www.huntersfriend.eu\/de\/produkt\/qad-hdx\/","title":{"rendered":"QAD HDX"},"content":{"rendered":"<h3>ERFASST DEN PFEIL VOLLST\u00c4NDIG<\/h3>\n<p>Beim Anschleichen, Spannen oder w\u00e4hrend des langsamen Herunterlassens bleibt Ihr Pfeil stets vollst\u00e4ndig umschlossen.<\/p>\n<h3>HARMONISCHE D\u00c4MPFERTECHNOLOGIE<\/h3>\n<div>Das spritzgegossene Gummi-R\u00e4ndelrad ist darauf ausgelegt, die maximale Schwingungsamplitude zu minimieren, w\u00e4hrend das langlebige Gummi ein angenehmes Gef\u00fchl vermittelt.<\/div>\n<h3>VDT (Velocity Drop-Away Technology)<\/h3>\n<div>Die EINZIGE Fall-Away-Pfeilauflage auf dem Markt mit einem patentierten Feature, das es der ULTRA-REST erm\u00f6glicht, nur beim Abschuss des Bogens herunterzufallen, NICHT w\u00e4hrend eines langsamen Herunterlassens.<\/div>\n<h3>LOCK-DOWN-TECHNOLOGIE<\/h3>\n<div>Patentierte exzentrische Nockenbremsen verriegeln den Auslegerarm in der Fall-Away-Position und garantieren so die Befiederungsfreiheit.<\/div>\n<h3>VOLLST\u00c4NDIGE BOGENAUFLAGENFREIHEIT<\/h3>\n<div>Wenn die ULTRA-REST mittels des R\u00e4ndelrads in die Fangposition gebracht wird, ist sichergestellt, dass Ihr Pfeil beim Spannen oder Herunterlassen nicht \u00fcber die Bogenauflage schleift.<\/div>\n<h3>MERKMALE<\/h3>\n<div>\n<ul>\n<li>Schlanke, gebogene Fangstange f\u00fcr mehr Freiraum<\/li>\n<li>Vollst\u00e4ndige Pfeilf\u00fchrung<\/li>\n<li>Praktisches R\u00e4ndelrad bringt den Ausleger in Position (mit Timing-Seil-Verriegelung)<\/li>\n<li>Ger\u00e4uschreduzierende Konstruktion: lasergeschnittener Filz, Nockenbremse und D\u00e4mpfer<\/li>\n<li>Abrei\u00dfbare Sicherheitsfunktion<\/li>\n<li>Vertikale, horizontale und Overdraw-Einstellungen<\/li>\n<li>Pr\u00e4zise CNC-gefertigte Komponenten aus Aluminium, Edelstahl und Delrin<\/li>\n<li>Vollauszugs-Indikatoren<\/li>\n<li>Erh\u00e4ltlich f\u00fcr Rechts- oder Linksh\u00e4nder<\/li>\n<\/ul>\n<\/div>\n","protected":false},"excerpt":{"rendered":"<p>ERFASST DEN PFEIL VOLLST\u00c4NDIG Beim Anschleichen, Spannen oder w\u00e4hrend des langsamen Herunterlassens bleibt Ihr Pfeil stets vollst\u00e4ndig umschlossen. HARMONISCHE D\u00c4MPFERTECHNOLOGIE Das spritzgegossene Gummi-R\u00e4ndelrad ist darauf ausgelegt, die maximale Schwingungsamplitude zu minimieren, w\u00e4hrend das langlebige Gummi ein angenehmes Gef\u00fchl vermittelt. VDT (Velocity Drop-Away Technology) Die EINZIGE Fall-Away-Pfeilauflage auf dem Markt mit einem patentierten Feature, das es [&#8230;]\n","protected":false},"featured_media":281202,"comment_status":"open","ping_status":"closed","template":"","meta":[],"product_brand":[],"product_cat":[1228],"product_tag":[],"class_list":{"0":"post-281199","1":"product","2":"type-product","3":"status-publish","4":"has-post-thumbnail","6":"product_cat-compound","8":"first","9":"instock","10":"taxable","11":"shipping-taxable","12":"purchasable","13":"product-type-variable"},"composite_virtual":false,"composite_layout":"","composite_add_to_cart_form_location":"","composite_editable_in_cart":false,"composite_sold_individually_context":"","composite_shop_price_calc":"","composite_components":[],"composite_scenarios":[],"group_of_quantity":0,"min_quantity":0,"max_quantity":"","exclude_order_quantity_value_rules":"no","exclude_category_quantity_rules":"no","combine_variations":"no","exclude_global_add_ons":[],"addons":[],"_links":{"self":[{"href":"https:\/\/www.huntersfriend.eu\/de\/wp-json\/wp\/v2\/product\/281199","targetHints":{"allow":["GET"]}}],"collection":[{"href":"https:\/\/www.huntersfriend.eu\/de\/wp-json\/wp\/v2\/product"}],"about":[{"href":"https:\/\/www.huntersfriend.eu\/de\/wp-json\/wp\/v2\/types\/product"}],"replies":[{"embeddable":true,"href":"https:\/\/www.huntersfriend.eu\/de\/wp-json\/wp\/v2\/comments?post=281199"}],"wp:featuredmedia":[{"embeddable":true,"href":"https:\/\/www.huntersfriend.eu\/de\/wp-json\/wp\/v2\/media\/281202"}],"wp:attachment":[{"href":"https:\/\/www.huntersfriend.eu\/de\/wp-json\/wp\/v2\/media?parent=281199"}],"wp:term":[{"taxonomy":"product_brand","embeddable":true,"href":"https:\/\/www.huntersfriend.eu\/de\/wp-json\/wp\/v2\/product_brand?post=281199"},{"taxonomy":"product_cat","embeddable":true,"href":"https:\/\/www.huntersfriend.eu\/de\/wp-json\/wp\/v2\/product_cat?post=281199"},{"taxonomy":"product_tag","embeddable":true,"href":"https:\/\/www.huntersfriend.eu\/de\/wp-json\/wp\/v2\/product_tag?post=281199"}],"curies":[{"name":"wp","href":"https:\/\/api.w.org\/{rel}","templated":true}]}}