{"id":281193,"date":"2018-12-21T08:25:07","date_gmt":"2025-06-23T09:37:11","guid":{"rendered":"https:\/\/www.huntersfriend.eu\/product\/qad-hunter-ultra-auflage\/"},"modified":"2026-04-16T09:26:32","modified_gmt":"2026-04-16T07:26:32","slug":"qad-hunter-ultra-auflage","status":"publish","type":"product","link":"https:\/\/www.huntersfriend.eu\/de\/produkt\/qad-hunter-ultra-auflage\/","title":{"rendered":"QAD Hunter Ultra-Auflage"},"content":{"rendered":"<h2>L\u00c4SST SIE NICHT IM STICH<\/h2>\n<p>Die EINZIGE Fallaway-Pfeilauflage auf dem Markt mit einem patentierten Merkmal, das es der ULTRA-REST erm\u00f6glicht, nur beim Abschuss des Bogens herunterzufallen, NICHT w\u00e4hrend eines langsamen Ablassens. Im Gegensatz zu anderen Auflagen, die aufgrund von Tr\u00e4gheit oder Vibration herunterfallen, nutzt die ULTRA REST die Vorw\u00e4rtsbewegung der Auflage, die durch die am unteren Buskabel des Bogens befestigte Zeitschnur ausgel\u00f6st wird, um den Launcher fallen zu lassen. Die VDT-Technologie stellt sicher, dass die ULTRA-REST auch bei langsamem Ablassen in gespannter Position bleibt und nur herunterf\u00e4llt, wenn der Bogen abgeschossen wird. VDT ist ein langlebiger und zuverl\u00e4ssiger Ausl\u00f6semechanismus, der mit Sicherheit Ihre Sichtweise auf Fallaway-Auflagen ver\u00e4ndern wird.   <\/p>\n<ul>\n<li>Vollst\u00e4ndige Pfeilf\u00fchrung<\/li>\n<li>Praktisches Einstellrad<\/li>\n<li>Ger\u00e4uschreduzierender, lasergeschnittener Filz<\/li>\n<li>Horizontale und \u00dcberzugseinstellungen<\/li>\n<li>Pr\u00e4zise CNC-gefertigte Komponenten aus Aluminium, Edelstahl und Delrin<\/li>\n<li>Erh\u00e4ltlich f\u00fcr Rechts- oder Linksh\u00e4nder<\/li>\n<li>Farben: Schwarz<\/li>\n<\/ul>\n","protected":false},"excerpt":{"rendered":"<p>L\u00c4SST SIE NICHT IM STICH Die EINZIGE Fallaway-Pfeilauflage auf dem Markt mit einem patentierten Merkmal, das es der ULTRA-REST erm\u00f6glicht, nur beim Abschuss des Bogens herunterzufallen, NICHT w\u00e4hrend eines langsamen Ablassens. Im Gegensatz zu anderen Auflagen, die aufgrund von Tr\u00e4gheit oder Vibration herunterfallen, nutzt die ULTRA REST die Vorw\u00e4rtsbewegung der Auflage, die durch die am [&#8230;]\n","protected":false},"featured_media":281196,"comment_status":"open","ping_status":"closed","template":"","meta":[],"product_brand":[],"product_cat":[1228],"product_tag":[],"class_list":{"0":"post-281193","1":"product","2":"type-product","3":"status-publish","4":"has-post-thumbnail","6":"product_cat-compound","8":"first","9":"instock","10":"taxable","11":"shipping-taxable","12":"purchasable","13":"product-type-variable"},"composite_virtual":false,"composite_layout":"","composite_add_to_cart_form_location":"","composite_editable_in_cart":false,"composite_sold_individually_context":"","composite_shop_price_calc":"","composite_components":[],"composite_scenarios":[],"group_of_quantity":0,"min_quantity":0,"max_quantity":"","exclude_order_quantity_value_rules":"no","exclude_category_quantity_rules":"no","combine_variations":"no","exclude_global_add_ons":[],"addons":[],"_links":{"self":[{"href":"https:\/\/www.huntersfriend.eu\/de\/wp-json\/wp\/v2\/product\/281193","targetHints":{"allow":["GET"]}}],"collection":[{"href":"https:\/\/www.huntersfriend.eu\/de\/wp-json\/wp\/v2\/product"}],"about":[{"href":"https:\/\/www.huntersfriend.eu\/de\/wp-json\/wp\/v2\/types\/product"}],"replies":[{"embeddable":true,"href":"https:\/\/www.huntersfriend.eu\/de\/wp-json\/wp\/v2\/comments?post=281193"}],"wp:featuredmedia":[{"embeddable":true,"href":"https:\/\/www.huntersfriend.eu\/de\/wp-json\/wp\/v2\/media\/281196"}],"wp:attachment":[{"href":"https:\/\/www.huntersfriend.eu\/de\/wp-json\/wp\/v2\/media?parent=281193"}],"wp:term":[{"taxonomy":"product_brand","embeddable":true,"href":"https:\/\/www.huntersfriend.eu\/de\/wp-json\/wp\/v2\/product_brand?post=281193"},{"taxonomy":"product_cat","embeddable":true,"href":"https:\/\/www.huntersfriend.eu\/de\/wp-json\/wp\/v2\/product_cat?post=281193"},{"taxonomy":"product_tag","embeddable":true,"href":"https:\/\/www.huntersfriend.eu\/de\/wp-json\/wp\/v2\/product_tag?post=281193"}],"curies":[{"name":"wp","href":"https:\/\/api.w.org\/{rel}","templated":true}]}}