{"id":281185,"date":"2018-12-21T08:25:09","date_gmt":"2025-06-23T09:37:09","guid":{"rendered":"https:\/\/www.huntersfriend.eu\/product\/saunders-schlagbolzen-stumpfe-spitze\/"},"modified":"2026-02-19T21:42:31","modified_gmt":"2026-02-19T19:42:31","slug":"saunders-schlagbolzen-stumpfe-spitze","status":"publish","type":"product","link":"https:\/\/www.huntersfriend.eu\/de\/produkt\/saunders-schlagbolzen-stumpfe-spitze\/","title":{"rendered":"Saunders Schlagbolzen\/stumpfe Spitze"},"content":{"rendered":"<p>Hervorragend geeignet f\u00fcr Kleinwild! Robuste, reifen\u00e4hnliche Gummispitze, die wie eine Feldspitze oder Jagdspitze in Ihren Pfeil geschraubt wird. T\u00f6tet Kleinwild durch Schockeinwirkung mit stumpfer Gewalt &#8211; erstaunlich effektiv bei Kaninchen, Eichh\u00f6rnchen, den meisten V\u00f6geln und anderen Tieren unter 11 kg. Hohe Schockwirkung selbst bei streifendem Aufprall. 100 oder 125 Grains.    <\/p>\n","protected":false},"excerpt":{"rendered":"<p>Hervorragend geeignet f\u00fcr Kleinwild! Robuste, reifen\u00e4hnliche Gummispitze, die wie eine Feldspitze oder Jagdspitze in Ihren Pfeil geschraubt wird. T\u00f6tet Kleinwild durch Schockeinwirkung mit stumpfer Gewalt &#8211; erstaunlich effektiv bei Kaninchen, Eichh\u00f6rnchen, den meisten V\u00f6geln und anderen Tieren unter 11 kg. Hohe Schockwirkung selbst bei streifendem Aufprall. 100 oder 125 Grains.<\/p>\n","protected":false},"featured_media":59638,"comment_status":"open","ping_status":"closed","template":"","meta":[],"product_brand":[],"product_cat":[1080],"product_tag":[],"class_list":{"0":"post-281185","1":"product","2":"type-product","3":"status-publish","4":"has-post-thumbnail","6":"product_cat-klein-wild-jagd","8":"first","9":"instock","10":"taxable","11":"shipping-taxable","12":"purchasable","13":"product-type-variable"},"composite_virtual":false,"composite_layout":"","composite_add_to_cart_form_location":"","composite_editable_in_cart":false,"composite_sold_individually_context":"","composite_shop_price_calc":"","composite_components":[],"composite_scenarios":[],"group_of_quantity":0,"min_quantity":0,"max_quantity":"","exclude_order_quantity_value_rules":"no","exclude_category_quantity_rules":"no","combine_variations":"no","exclude_global_add_ons":[],"addons":[],"_links":{"self":[{"href":"https:\/\/www.huntersfriend.eu\/de\/wp-json\/wp\/v2\/product\/281185","targetHints":{"allow":["GET"]}}],"collection":[{"href":"https:\/\/www.huntersfriend.eu\/de\/wp-json\/wp\/v2\/product"}],"about":[{"href":"https:\/\/www.huntersfriend.eu\/de\/wp-json\/wp\/v2\/types\/product"}],"replies":[{"embeddable":true,"href":"https:\/\/www.huntersfriend.eu\/de\/wp-json\/wp\/v2\/comments?post=281185"}],"wp:featuredmedia":[{"embeddable":true,"href":"https:\/\/www.huntersfriend.eu\/de\/wp-json\/wp\/v2\/media\/59638"}],"wp:attachment":[{"href":"https:\/\/www.huntersfriend.eu\/de\/wp-json\/wp\/v2\/media?parent=281185"}],"wp:term":[{"taxonomy":"product_brand","embeddable":true,"href":"https:\/\/www.huntersfriend.eu\/de\/wp-json\/wp\/v2\/product_brand?post=281185"},{"taxonomy":"product_cat","embeddable":true,"href":"https:\/\/www.huntersfriend.eu\/de\/wp-json\/wp\/v2\/product_cat?post=281185"},{"taxonomy":"product_tag","embeddable":true,"href":"https:\/\/www.huntersfriend.eu\/de\/wp-json\/wp\/v2\/product_tag?post=281185"}],"curies":[{"name":"wp","href":"https:\/\/api.w.org\/{rel}","templated":true}]}}