{"id":281181,"date":"2018-12-21T08:25:06","date_gmt":"2025-06-23T09:37:07","guid":{"rendered":"https:\/\/www.huntersfriend.eu\/product\/qad-hdx-tarnfarbe\/"},"modified":"2025-08-27T14:11:19","modified_gmt":"2025-08-27T12:11:19","slug":"qad-hdx-tarnfarbe","status":"publish","type":"product","link":"https:\/\/www.huntersfriend.eu\/de\/produkt\/qad-hdx-tarnfarbe\/","title":{"rendered":"QAD HDX Tarnfarbe"},"content":{"rendered":"<p>VOLLST\u00c4NDIGE SICHERUNG DES PFEILS<br \/>\nBeim Anschleichen, Spannen oder langsamen Ablassen verbleibt Ihr Pfeil stets in vollst\u00e4ndiger Sicherung.<\/p>\n<div>HARMONISCHE D\u00c4MPFUNGSTECHNOLOGIE<strong><br \/>\n<\/strong>Das spritzgegossene Gummi-R\u00e4ndelrad ist darauf ausgelegt, die maximale Schwingungsamplitude auf ein Minimum zu reduzieren, w\u00e4hrend langlebiger Formgummi ein angenehmes Gef\u00fchl erzeugt.<\/div>\n<div>VDT (Velocity Drop-Away Technology)<br \/>\nDie EINZIGE Fallaway-Pfeilauflage auf dem Markt mit einem patentierten Merkmal, das es der ULTRA-REST erm\u00f6glicht, nur beim Abschuss des Bogens abzufallen, NICHT w\u00e4hrend eines langsamen Ablassens.<\/div>\n<div>LOCK DOWN TECHNOLOGIE<br \/>\nPatentierte exzentrische Nockenbremsen arretieren den Auslegerarm in der Fallaway-Position und garantieren so die Befiederungsfreiheit.<\/div>\n<div>VOLLST\u00c4NDIGE BOGENAUFLAGENFREIHEIT<br \/>\nWenn die ULTRA-REST mittels des R\u00e4ndelrads in die Fangposition gespannt ist, wird sichergestellt, dass Ihr Pfeil beim Spannen oder Ablassen nicht \u00fcber die Bogenauflage schleift.<\/div>\n","protected":false},"excerpt":{"rendered":"<p>VOLLST\u00c4NDIGE SICHERUNG DES PFEILS Beim Anschleichen, Spannen oder langsamen Ablassen verbleibt Ihr Pfeil stets in vollst\u00e4ndiger Sicherung. HARMONISCHE D\u00c4MPFUNGSTECHNOLOGIE Das spritzgegossene Gummi-R\u00e4ndelrad ist darauf ausgelegt, die maximale Schwingungsamplitude auf ein Minimum zu reduzieren, w\u00e4hrend langlebiger Formgummi ein angenehmes Gef\u00fchl erzeugt. VDT (Velocity Drop-Away Technology) Die EINZIGE Fallaway-Pfeilauflage auf dem Markt mit einem patentierten Merkmal, das [&#8230;]\n","protected":false},"featured_media":59493,"comment_status":"open","ping_status":"closed","template":"","meta":[],"product_brand":[],"product_cat":[1228],"product_tag":[],"class_list":{"0":"post-281181","1":"product","2":"type-product","3":"status-publish","4":"has-post-thumbnail","6":"product_cat-compound","8":"first","9":"instock","10":"taxable","11":"shipping-taxable","12":"purchasable","13":"product-type-variable"},"composite_virtual":false,"composite_layout":"","composite_add_to_cart_form_location":"","composite_editable_in_cart":false,"composite_sold_individually_context":"","composite_shop_price_calc":"","composite_components":[],"composite_scenarios":[],"group_of_quantity":0,"min_quantity":0,"max_quantity":"","exclude_order_quantity_value_rules":"no","exclude_category_quantity_rules":"no","combine_variations":"no","exclude_global_add_ons":[],"addons":[],"_links":{"self":[{"href":"https:\/\/www.huntersfriend.eu\/de\/wp-json\/wp\/v2\/product\/281181","targetHints":{"allow":["GET"]}}],"collection":[{"href":"https:\/\/www.huntersfriend.eu\/de\/wp-json\/wp\/v2\/product"}],"about":[{"href":"https:\/\/www.huntersfriend.eu\/de\/wp-json\/wp\/v2\/types\/product"}],"replies":[{"embeddable":true,"href":"https:\/\/www.huntersfriend.eu\/de\/wp-json\/wp\/v2\/comments?post=281181"}],"wp:featuredmedia":[{"embeddable":true,"href":"https:\/\/www.huntersfriend.eu\/de\/wp-json\/wp\/v2\/media\/59493"}],"wp:attachment":[{"href":"https:\/\/www.huntersfriend.eu\/de\/wp-json\/wp\/v2\/media?parent=281181"}],"wp:term":[{"taxonomy":"product_brand","embeddable":true,"href":"https:\/\/www.huntersfriend.eu\/de\/wp-json\/wp\/v2\/product_brand?post=281181"},{"taxonomy":"product_cat","embeddable":true,"href":"https:\/\/www.huntersfriend.eu\/de\/wp-json\/wp\/v2\/product_cat?post=281181"},{"taxonomy":"product_tag","embeddable":true,"href":"https:\/\/www.huntersfriend.eu\/de\/wp-json\/wp\/v2\/product_tag?post=281181"}],"curies":[{"name":"wp","href":"https:\/\/api.w.org\/{rel}","templated":true}]}}