{"id":281179,"date":"2018-12-21T10:25:11","date_gmt":"2025-06-23T09:36:51","guid":{"rendered":"https:\/\/www.huntersfriend.eu\/product\/scott-talon\/"},"modified":"2025-08-27T14:12:18","modified_gmt":"2025-08-27T12:12:18","slug":"scott-talon","status":"publish","type":"product","link":"https:\/\/www.huntersfriend.eu\/de\/produkt\/scott-talon\/","title":{"rendered":"Scott Talon"},"content":{"rendered":"<h2>Der Talon ist die pr\u00e4ziseste Schie\u00dfausl\u00f6sung im Hakendesign, die heutzutage erh\u00e4ltlich ist.<\/h2>\n<h4>Der Talon gew\u00e4hrleistet eine 100%ige Hakenfreigabe &#8211; dies erm\u00f6glicht extreme Pr\u00e4zision und Einstellbarkeit. Das einzelne, sperrklinkengesteuerte Inline-Design des Talon-Ausl\u00f6sers reduziert die Torsion der Seilschlaufe. Mit der Qualit\u00e4t und Pr\u00e4zision, die Sie von Scott Archery erwarten. Der selbstr\u00fcckstellende Haken aus rostfreiem Stahl bietet Ihnen einen adlergleichen Griff. Vom Spannen bis zum Ankerpunkt &#8211; schie\u00dfen Sie pr\u00e4zise mit dem TrueCenter-Zug und vollst\u00e4ndiger Schleifenfreigabe.    <\/h4>\n<ul>\n<li>Mehr Spannungseinstellung als jeder andere Ausl\u00f6ser<\/li>\n<li>Der einzige Ausl\u00f6ser im Hakendesign mit TrueCenter-Zug zur Reduzierung der Schleifentorsion<\/li>\n<li>100% Schleifenfreigabe &#8211; keine Sehnenber\u00fchrungen mehr<\/li>\n<li>Vollst\u00e4ndig einstellbarer Abzug und Ausl\u00f6seweg<\/li>\n<li>Griffrillen f\u00fcr pr\u00e4zisen Zug<\/li>\n<li>9 verschiedene L\u00e4ngeneinstellungen<\/li>\n<li>Automatisch zur\u00fccksetzender Haken<\/li>\n<li>Einzelsperrklinken-Design<\/li>\n<li>Nullweg<\/li>\n<li>Torsionsfreier Fallaway-Verbinder Schnallengurt<\/li>\n<\/ul>\n<p>Erh\u00e4ltlich in Schwarz und Tarnfarbe<\/p>\n","protected":false},"excerpt":{"rendered":"<p>Der Talon ist die pr\u00e4ziseste Schie\u00dfausl\u00f6sung im Hakendesign, die heutzutage erh\u00e4ltlich ist. Der Talon gew\u00e4hrleistet eine 100%ige Hakenfreigabe &#8211; dies erm\u00f6glicht extreme Pr\u00e4zision und Einstellbarkeit. Das einzelne, sperrklinkengesteuerte Inline-Design des Talon-Ausl\u00f6sers reduziert die Torsion der Seilschlaufe. Mit der Qualit\u00e4t und Pr\u00e4zision, die Sie von Scott Archery erwarten. Der selbstr\u00fcckstellende Haken aus rostfreiem Stahl bietet Ihnen [&#8230;]\n","protected":false},"featured_media":59921,"comment_status":"open","ping_status":"closed","template":"","meta":[],"product_brand":[],"product_cat":[1145],"product_tag":[],"class_list":{"0":"post-281179","1":"product","2":"type-product","3":"status-publish","4":"has-post-thumbnail","6":"product_cat-sonstiges","8":"first","9":"instock","10":"taxable","11":"shipping-taxable","12":"product-type-simple"},"composite_virtual":false,"composite_layout":"","composite_add_to_cart_form_location":"","composite_editable_in_cart":false,"composite_sold_individually_context":"","composite_shop_price_calc":"","composite_components":[],"composite_scenarios":[],"group_of_quantity":0,"min_quantity":0,"max_quantity":"","exclude_order_quantity_value_rules":"no","exclude_category_quantity_rules":"no","combine_variations":"no","exclude_global_add_ons":[],"addons":[],"_links":{"self":[{"href":"https:\/\/www.huntersfriend.eu\/de\/wp-json\/wp\/v2\/product\/281179","targetHints":{"allow":["GET"]}}],"collection":[{"href":"https:\/\/www.huntersfriend.eu\/de\/wp-json\/wp\/v2\/product"}],"about":[{"href":"https:\/\/www.huntersfriend.eu\/de\/wp-json\/wp\/v2\/types\/product"}],"replies":[{"embeddable":true,"href":"https:\/\/www.huntersfriend.eu\/de\/wp-json\/wp\/v2\/comments?post=281179"}],"wp:featuredmedia":[{"embeddable":true,"href":"https:\/\/www.huntersfriend.eu\/de\/wp-json\/wp\/v2\/media\/59921"}],"wp:attachment":[{"href":"https:\/\/www.huntersfriend.eu\/de\/wp-json\/wp\/v2\/media?parent=281179"}],"wp:term":[{"taxonomy":"product_brand","embeddable":true,"href":"https:\/\/www.huntersfriend.eu\/de\/wp-json\/wp\/v2\/product_brand?post=281179"},{"taxonomy":"product_cat","embeddable":true,"href":"https:\/\/www.huntersfriend.eu\/de\/wp-json\/wp\/v2\/product_cat?post=281179"},{"taxonomy":"product_tag","embeddable":true,"href":"https:\/\/www.huntersfriend.eu\/de\/wp-json\/wp\/v2\/product_tag?post=281179"}],"curies":[{"name":"wp","href":"https:\/\/api.w.org\/{rel}","templated":true}]}}