{"id":281169,"date":"2019-02-06T14:20:19","date_gmt":"2019-02-06T12:20:19","guid":{"rendered":"https:\/\/www.huntersfriend.eu\/product\/tightspot-sichtkonvertierungshalterung\/"},"modified":"2026-04-08T11:03:24","modified_gmt":"2026-04-08T09:03:24","slug":"tightspot-sichtkonvertierungshalterung","status":"publish","type":"product","link":"https:\/\/www.huntersfriend.eu\/de\/produkt\/tightspot-sichtkonvertierungshalterung\/","title":{"rendered":"Tightspot &#8211; Sichtkonvertierungshalterung"},"content":{"rendered":"<p><span style=\"display: inline !important; float: none; background-color: transparent; color: #222222; font-family: 'OpenSans',sans-serif; font-size: 12.93px; font-style: normal; font-variant: normal; font-weight: 400; letter-spacing: normal; line-height: 16.8px; orphans: 2; text-align: left; text-decoration: none; text-indent: 0px; text-shadow: none; text-transform: none; -webkit-text-stroke-width: 0px; white-space: normal; word-spacing: 0px;\">Diese neue Halterung ist 40% leichter als die vorherige Version und verf\u00fcgt \u00fcber zus\u00e4tzliche 15 Grad Rotation f\u00fcr eine bessere Freiheit bei verschiedenen Bogenaufbauten.<\/span><\/p>\n","protected":false},"excerpt":{"rendered":"<p>Diese neue Halterung ist 40% leichter als die vorherige Version und verf\u00fcgt \u00fcber zus\u00e4tzliche 15 Grad Rotation f\u00fcr eine bessere Freiheit bei verschiedenen Bogenaufbauten.<\/p>\n","protected":false},"featured_media":210883,"comment_status":"open","ping_status":"closed","template":"","meta":[],"product_brand":[],"product_cat":[1145],"product_tag":[],"class_list":{"0":"post-281169","1":"product","2":"type-product","3":"status-publish","4":"has-post-thumbnail","6":"product_cat-sonstiges","8":"first","9":"outofstock","10":"taxable","11":"shipping-taxable","12":"purchasable","13":"product-type-simple"},"composite_virtual":false,"composite_layout":"","composite_add_to_cart_form_location":"","composite_editable_in_cart":false,"composite_sold_individually_context":"","composite_shop_price_calc":"","composite_components":[],"composite_scenarios":[],"group_of_quantity":0,"min_quantity":0,"max_quantity":"","exclude_order_quantity_value_rules":"no","exclude_category_quantity_rules":"no","combine_variations":"no","exclude_global_add_ons":[],"addons":[],"_links":{"self":[{"href":"https:\/\/www.huntersfriend.eu\/de\/wp-json\/wp\/v2\/product\/281169","targetHints":{"allow":["GET"]}}],"collection":[{"href":"https:\/\/www.huntersfriend.eu\/de\/wp-json\/wp\/v2\/product"}],"about":[{"href":"https:\/\/www.huntersfriend.eu\/de\/wp-json\/wp\/v2\/types\/product"}],"replies":[{"embeddable":true,"href":"https:\/\/www.huntersfriend.eu\/de\/wp-json\/wp\/v2\/comments?post=281169"}],"wp:featuredmedia":[{"embeddable":true,"href":"https:\/\/www.huntersfriend.eu\/de\/wp-json\/wp\/v2\/media\/210883"}],"wp:attachment":[{"href":"https:\/\/www.huntersfriend.eu\/de\/wp-json\/wp\/v2\/media?parent=281169"}],"wp:term":[{"taxonomy":"product_brand","embeddable":true,"href":"https:\/\/www.huntersfriend.eu\/de\/wp-json\/wp\/v2\/product_brand?post=281169"},{"taxonomy":"product_cat","embeddable":true,"href":"https:\/\/www.huntersfriend.eu\/de\/wp-json\/wp\/v2\/product_cat?post=281169"},{"taxonomy":"product_tag","embeddable":true,"href":"https:\/\/www.huntersfriend.eu\/de\/wp-json\/wp\/v2\/product_tag?post=281169"}],"curies":[{"name":"wp","href":"https:\/\/api.w.org\/{rel}","templated":true}]}}