{"id":281161,"date":"2018-12-21T08:44:13","date_gmt":"2025-06-23T09:36:45","guid":{"rendered":"https:\/\/www.huntersfriend.eu\/product\/gold-tip-hunter-carbonschaefte\/"},"modified":"2025-08-27T14:12:15","modified_gmt":"2025-08-27T12:12:15","slug":"gold-tip-hunter-carbonschaefte","status":"publish","type":"product","link":"https:\/\/www.huntersfriend.eu\/de\/produkt\/gold-tip-hunter-carbonschaefte\/","title":{"rendered":"Gold Tip Hunter Carbonsch\u00e4fte"},"content":{"rendered":"<p>Der Gold Tip Hunter basiert auf dem vielseitigsten jemals hergestellten Pfeil, dem Original, das Gold Tip bekannt gemacht hat. Wenn Sie einen Pfeil f\u00fcr den Rest Ihres Lebens ausw\u00e4hlen m\u00fcssten, w\u00e4re es ein Pfeil aus der Hunter-Serie. Ein Pfeil mit mittlerem Gewicht, der eine ausgewogene Kombination aus Geschwindigkeit und Durchschlagskraft bietet und somit f\u00fcr jede Situation geeignet ist. Hergestellt mit Gold Tips Smart Carbon Technology f\u00fcr un\u00fcbertroffene Haltbarkeit und Geradlinigkeit.   <\/p>\n<h3>GOLD TIP HUNTER SPEZIFIKATIONEN<\/h3>\n<table>\n<tbody>\n<tr>\n<td><strong>300er<\/strong><br \/>\n0,300&#8243; Durchbiegung<br \/>\n9,3 GPI<br \/>\n+\/-0,006&#8243; Geradheit<br \/>\n0,302&#8243; Au\u00dfendurchmesser<\/td>\n<td><strong>340er<\/strong><br \/>\n0,340&#8243; Durchbiegung<br \/>\n8,9 GPI<br \/>\n+\/-0,006&#8243; Geradheit<br \/>\n0,300&#8243; Au\u00dfendurchmesser<\/td>\n<td><strong>400er<\/strong><br \/>\n0,400&#8243; Durchbiegung<br \/>\n8,2 GPI<br \/>\n+\/-0,006&#8243; Geradheit<br \/>\n0,295&#8243; Au\u00dfendurchmesser<\/td>\n<td><strong>500er<\/strong><br \/>\n0,500&#8243; Durchbiegung<br \/>\n7,3 GPI<br \/>\n+\/-0,006&#8243; Geradheit<br \/>\n0,291&#8243; Au\u00dfendurchmesser<\/td>\n<\/tr>\n<\/tbody>\n<\/table>\n<p>&nbsp;<\/p>\n","protected":false},"excerpt":{"rendered":"<p>Nocken und Eins\u00e4tze inbegriffen. Bitte kontaktieren Sie uns direkt f\u00fcr weitere Spine-Optionen oder zus\u00e4tzliche Gold Tip Produkte. <\/p>\n","protected":false},"featured_media":281164,"comment_status":"open","ping_status":"closed","template":"","meta":[],"product_brand":[],"product_cat":[1105],"product_tag":[],"class_list":{"0":"post-281161","1":"product","2":"type-product","3":"status-publish","4":"has-post-thumbnail","6":"product_cat-karbon-jagd-schaefte","8":"first","9":"instock","10":"taxable","11":"shipping-taxable","12":"purchasable","13":"product-type-variable"},"composite_virtual":false,"composite_layout":"","composite_add_to_cart_form_location":"","composite_editable_in_cart":false,"composite_sold_individually_context":"","composite_shop_price_calc":"","composite_components":[],"composite_scenarios":[],"group_of_quantity":0,"min_quantity":0,"max_quantity":"","exclude_order_quantity_value_rules":"no","exclude_category_quantity_rules":"no","combine_variations":"no","exclude_global_add_ons":false,"addons":[{"name":"Zuschnitt","type":"multiple_choice","position":0,"required":true,"title_format":"label","default":"","description_enable":false,"description":null,"placeholder_enable":false,"placeholder":null,"display":"select","restrictions_type":"any_text","adjust_price":false,"price":"","price_type":"flat_fee","restrictions":false,"min":"0","max":"0","options":[{"label":"Nicht schneiden","price":"","price_type":"flat_fee","image":0,"visibility":true},{"label":"Bitte schneiden - f\u00fcgen Sie die gew\u00fcnschte L\u00e4nge im Infofeld beim Auschecken hinzu","price":"","price_type":"flat_fee","image":0,"visibility":true}]},{"name":"Eins\u00e4tze","type":"multiple_choice","position":1,"required":true,"title_format":"label","default":"","description_enable":false,"description":null,"placeholder_enable":false,"placeholder":null,"display":"select","restrictions_type":"any_text","adjust_price":false,"price":"","price_type":"flat_fee","restrictions":false,"min":"0","max":"0","options":[{"label":"Eins\u00e4tze installieren (Dies ist dauerhaft!)","price":"","price_type":"flat_fee","image":0,"visibility":true},{"label":"Eins\u00e4tze nicht installieren (lose beilegen)","price":"","price_type":"flat_fee","image":0,"visibility":true}]}],"_links":{"self":[{"href":"https:\/\/www.huntersfriend.eu\/de\/wp-json\/wp\/v2\/product\/281161","targetHints":{"allow":["GET"]}}],"collection":[{"href":"https:\/\/www.huntersfriend.eu\/de\/wp-json\/wp\/v2\/product"}],"about":[{"href":"https:\/\/www.huntersfriend.eu\/de\/wp-json\/wp\/v2\/types\/product"}],"replies":[{"embeddable":true,"href":"https:\/\/www.huntersfriend.eu\/de\/wp-json\/wp\/v2\/comments?post=281161"}],"wp:featuredmedia":[{"embeddable":true,"href":"https:\/\/www.huntersfriend.eu\/de\/wp-json\/wp\/v2\/media\/281164"}],"wp:attachment":[{"href":"https:\/\/www.huntersfriend.eu\/de\/wp-json\/wp\/v2\/media?parent=281161"}],"wp:term":[{"taxonomy":"product_brand","embeddable":true,"href":"https:\/\/www.huntersfriend.eu\/de\/wp-json\/wp\/v2\/product_brand?post=281161"},{"taxonomy":"product_cat","embeddable":true,"href":"https:\/\/www.huntersfriend.eu\/de\/wp-json\/wp\/v2\/product_cat?post=281161"},{"taxonomy":"product_tag","embeddable":true,"href":"https:\/\/www.huntersfriend.eu\/de\/wp-json\/wp\/v2\/product_tag?post=281161"}],"curies":[{"name":"wp","href":"https:\/\/api.w.org\/{rel}","templated":true}]}}