{"id":281160,"date":"2019-01-30T23:00:33","date_gmt":"2019-01-30T23:00:33","guid":{"rendered":"https:\/\/www.huntersfriend.eu\/product\/schwarzer-adler-outlaw-fertig-befiederter-pfeil\/"},"modified":"2026-04-14T15:13:15","modified_gmt":"2026-04-14T13:13:15","slug":"schwarzer-adler-outlaw-fertig-befiederter-pfeil","status":"publish","type":"product","link":"https:\/\/www.huntersfriend.eu\/de\/produkt\/schwarzer-adler-outlaw-fertig-befiederter-pfeil\/","title":{"rendered":"Schwarzer Adler Outlaw fertig befiederter Pfeil"},"content":{"rendered":"<p>Dieser Pfeilschaft wurde speziell f\u00fcr die anspruchsvollsten Outdoorsportler konzipiert; er wurde unter Verwendung \u00fcberlegener Karbontechnologie hergestellt, um der Robustheit und Beanspruchung w\u00e4hrend der Jagd standzuhalten &#8211; und ihr Preis wird Sie erfreuen! Mit der perfekten Balance zwischen Geschwindigkeit und kinetischer Energie konstruiert, ist dieser Schaft \u00e4u\u00dferst vielseitig einsetzbar, sowohl auf dem Schie\u00dfstand als auch im Wald. Wie jeder Outlaw wurden sie getestet, strapaziert und mit Blut besudelt &#8211; und sie kommen immer wieder zur\u00fcck, um mehr zu ertragen!<\/p>\n<p>Der Outlaw-Pfeil ist der einzige Pfeil seiner Klasse mit einer Geradheit von 0,005 Zoll oder besser. Die Outlaw-Pfeile haben die beste Toleranz, die beste Haltbarkeit und den ABSOLUT BESTEN PREIS! <\/p>\n<p>Versuchen Sie es selbst und erfahren Sie, warum sie die einzigen Outlaws sind, denen man vertrauen KANN!<\/p>\n<p>Die Verwendung von Hei\u00dfschmelzkleber wird f\u00fcr Black Eagle Pfeilsch\u00e4fte NICHT empfohlen.<\/p>\n<table>\n<tbody>\n<tr>\n<td>\n<h3>BLACK EAGLE OUTLAW SPEZIFIKATIONEN:<\/h3>\n<\/td>\n<\/tr>\n<\/tbody>\n<\/table>\n<table>\n<tbody>\n<tr>\n<td><strong>300er<\/strong><br \/>\n0,300 Zoll Durchbiegung<br \/>\n9,1 GPI<br \/>\n+\/-0,005 Zoll Geradheit<br \/>\n0,300 Zoll A.D.<\/td>\n<td><strong>350er<\/strong><br \/>\n0,350 Zoll Durchbiegung<br \/>\n8,6 GPI<br \/>\n+\/-0,005 Zoll Geradheit<br \/>\n0,294 Zoll A.D.<\/td>\n<td><strong>400er<\/strong><br \/>\n0,400 Zoll Durchbiegung<br \/>\n8,1 GPI<br \/>\n+\/-0,005 Zoll Geradheit<br \/>\n0,287 Zoll A.D.<\/td>\n<td><strong>500er<\/strong><br \/>\n0,500 Zoll Durchbiegung<br \/>\n7,4 GPI<br \/>\n+\/-0,005 Zoll Geradheit<br \/>\n0,287 Zoll A.D.<\/td>\n<\/tr>\n<\/tbody>\n<\/table>\n<h3>STANDARDISIERTE PFEIL-SPINE\/DURCHBIEGUNGS-TABELLEN:<\/h3>\n<p>Diese Tabelle ist f\u00fcr moderne Compoundb\u00f6gen mit IBO-Geschwindigkeiten zwischen 280-330 fps normalisiert. F\u00fcr schnellere B\u00f6gen lesen Sie die Tabelle einen Block nach unten und rechts. F\u00fcr langsamere B\u00f6gen lesen Sie die Tabelle einen Block nach oben und links. Die Tabelle ist nicht anwendbar f\u00fcr traditionelle B\u00f6gen.    HINWEIS: Die tats\u00e4chlichen Pfeil-Spine-Durchbiegungen stimmen nicht unbedingt mit den vom Hersteller vermarkteten Spine-Gr\u00f6\u00dfen \u00fcberein (Gold Tip 5575, Carbon Force 200, Carbon Express 60\/75 usw.). Die Spine-Gr\u00f6\u00dfensysteme der Hersteller <strong>k\u00f6nnen willk\u00fcrlich sein<\/strong> (100, 200, 300, 400) und spiegeln m\u00f6glicherweise nicht die tats\u00e4chlichen Spine-Durchbiegungen der Pfeile wider. Beispielsweise hat ein &#8222;Carbon Express Maxima 250&#8220; eine tats\u00e4chliche Spine-Durchbiegung von 0,404 Zoll, nicht 0,250 Zoll, wie die Gr\u00f6\u00dfenangabe suggeriert. In diesem Fall ist das Bewertungssystem willk\u00fcrlich. Um auf der sicheren Seite zu sein, gehen Sie NICHT davon aus, dass die ver\u00f6ffentlichte Spine-Gr\u00f6\u00dfe eines Pfeils mit der tats\u00e4chlichen Durchbiegung des Pfeils \u00fcbereinstimmt. Beachten Sie die tats\u00e4chlichen Pfeilspezifikationsdaten oben, bevor Sie diese Tabelle zur Auswahl einer geeigneten Spine-Steifigkeit f\u00fcr Ihren Bogen verwenden. Wenn Sie Hilfe ben\u00f6tigen, rufen Sie unseren Pro-Shop an oder schreiben Sie uns eine E-Mail f\u00fcr Unterst\u00fctzung.      <\/p>\n<p>&nbsp;<\/p>\n<p><strong>Diese Pfeile sind werksseitig befiedert, daher k\u00f6nnen Farbe oder Form der Federn nicht angepasst werden! Wenn Sie die Befiederung anpassen m\u00f6chten, gehen Sie bitte zu unserer <a href=\"https:\/\/www.huntersfriend.eu\/de\/produkt-kategorie\/pfeile-schafte-und-bolzen\/eigene-pfeile\/\">Auswahl an individuellen Pfeilen<\/a>. <\/strong><\/p>\n","protected":false},"excerpt":{"rendered":"<p>Erh\u00e4ltlich in Spine 350 oder 400, inklusive Nocke und Einsatz. Befiedert mit 2 Zoll Hochprofilfedern. <\/p>\n","protected":false},"featured_media":281162,"comment_status":"open","ping_status":"closed","template":"","meta":[],"product_brand":[],"product_cat":[1100],"product_tag":[],"class_list":{"0":"post-281160","1":"product","2":"type-product","3":"status-publish","4":"has-post-thumbnail","6":"product_cat-karbon-jagd-pfeile","8":"first","9":"instock","10":"sale","11":"taxable","12":"shipping-taxable","13":"purchasable","14":"product-type-variable"},"composite_virtual":false,"composite_layout":"","composite_add_to_cart_form_location":"","composite_editable_in_cart":false,"composite_sold_individually_context":"","composite_shop_price_calc":"","composite_components":[],"composite_scenarios":[],"group_of_quantity":0,"min_quantity":0,"max_quantity":"","exclude_order_quantity_value_rules":"no","exclude_category_quantity_rules":"no","combine_variations":"no","exclude_global_add_ons":false,"addons":[{"name":"Zuschnitt","type":"multiple_choice","position":0,"required":true,"title_format":"label","default":"","description_enable":false,"description":null,"placeholder_enable":false,"placeholder":null,"display":"select","restrictions_type":"any_text","adjust_price":false,"price":"","price_type":"flat_fee","restrictions":false,"min":"0","max":"0","options":[{"label":"Nicht schneiden","price":"","price_type":"flat_fee","image":0,"visibility":true},{"label":"Bitte schneiden - f\u00fcgen Sie die gew\u00fcnschte L\u00e4nge im Infofeld beim Auschecken hinzu","price":"","price_type":"flat_fee","image":0,"visibility":true}]},{"name":"Eins\u00e4tze","type":"multiple_choice","position":1,"required":true,"title_format":"label","default":"","description_enable":false,"description":null,"placeholder_enable":false,"placeholder":null,"display":"select","restrictions_type":"any_text","adjust_price":false,"price":"","price_type":"flat_fee","restrictions":false,"min":"0","max":"0","options":[{"label":"Eins\u00e4tze installieren (Dies ist dauerhaft!)","price":"","price_type":"flat_fee","image":0,"visibility":true},{"label":"Eins\u00e4tze nicht installieren (lose beilegen)","price":"","price_type":"flat_fee","image":0,"visibility":true}]}],"_links":{"self":[{"href":"https:\/\/www.huntersfriend.eu\/de\/wp-json\/wp\/v2\/product\/281160","targetHints":{"allow":["GET"]}}],"collection":[{"href":"https:\/\/www.huntersfriend.eu\/de\/wp-json\/wp\/v2\/product"}],"about":[{"href":"https:\/\/www.huntersfriend.eu\/de\/wp-json\/wp\/v2\/types\/product"}],"replies":[{"embeddable":true,"href":"https:\/\/www.huntersfriend.eu\/de\/wp-json\/wp\/v2\/comments?post=281160"}],"wp:featuredmedia":[{"embeddable":true,"href":"https:\/\/www.huntersfriend.eu\/de\/wp-json\/wp\/v2\/media\/281162"}],"wp:attachment":[{"href":"https:\/\/www.huntersfriend.eu\/de\/wp-json\/wp\/v2\/media?parent=281160"}],"wp:term":[{"taxonomy":"product_brand","embeddable":true,"href":"https:\/\/www.huntersfriend.eu\/de\/wp-json\/wp\/v2\/product_brand?post=281160"},{"taxonomy":"product_cat","embeddable":true,"href":"https:\/\/www.huntersfriend.eu\/de\/wp-json\/wp\/v2\/product_cat?post=281160"},{"taxonomy":"product_tag","embeddable":true,"href":"https:\/\/www.huntersfriend.eu\/de\/wp-json\/wp\/v2\/product_tag?post=281160"}],"curies":[{"name":"wp","href":"https:\/\/api.w.org\/{rel}","templated":true}]}}