{"id":281151,"date":"2018-12-21T08:44:08","date_gmt":"2018-12-21T08:44:08","guid":{"rendered":"https:\/\/www.huntersfriend.eu\/product\/easton-full-metal-jacket-fmj-5mm-schaefte\/"},"modified":"2025-09-17T13:10:26","modified_gmt":"2025-09-17T11:10:26","slug":"easton-full-metal-jacket-fmj-5mm-schaefte","status":"publish","type":"product","link":"https:\/\/www.huntersfriend.eu\/de\/produkt\/easton-full-metal-jacket-fmj-5mm-schaefte\/","title":{"rendered":"Easton Full Metal Jacket FMJ 5mm Sch\u00e4fte"},"content":{"rendered":"<h3>LEGEND\u00c4RE GENETIK<\/h3>\n<p>Aufbauend auf dem legend\u00e4ren Full Metal Jacket bringt Eastons brandneuer FMJ 5mm die Letalit\u00e4t von Aluminium-Carbon-Verbundpfeilen auf ein neues Niveau. Perfekt f\u00fcr jeden J\u00e4ger, der seinem Jagdbogen noch mehr kinetische Energie verleihen m\u00f6chte, bietet der FMJ 5mm eine verbesserte Querschnittsbelastung, geringere Oberfl\u00e4che und einen reduzierten Durchmesser, um noch mehr Kraft hinter die Spitze zu bringen. Der Full Metal Jacket 5mm hat mehr Durchschlagskraft f\u00fcr dicke H\u00e4ute oder Knochen bei Ihrer n\u00e4chsten Gro\u00dfwildjagd.  <\/p>\n<h3>LEGEND\u00c4RE QUALIT\u00c4T<\/h3>\n<p>Easton ist seit den 1940er Jahren f\u00fchrend in der Herstellung von Jagdpfeilen. Ihre Erfahrung und Technologie zeigt sich in jedem Produkt, das sie herstellen. Easton-Sch\u00e4fte werden von mehr Bogenj\u00e4gern, Armbrustj\u00e4gern, 3D-Wettk\u00e4mpfern, Ziel- und olympischen Bogensch\u00fctzen verwendet als alle anderen Marken zusammen. Solche Zahlen l\u00fcgen nicht &#8211; Easton steht f\u00fcr erstklassige Qualit\u00e4t. Beruhigen Sie Ihr Gewissen und entscheiden Sie sich f\u00fcr Pfeile von Easton, Sie werden nicht entt\u00e4uscht sein.    <\/p>\n<h3>EASTON FULL METAL JACKET 5MM SPEZIFIKATIONEN<\/h3>\n<table>\n<tbody>\n<tr>\n<td><strong>300er<\/strong><br \/>\n.300&#8243; Durchbiegung<br \/>\n12,0 GPI<br \/>\n+\/-.002&#8243; Geradheit<br \/>\n.273&#8243; Au\u00dfendurchmesser<\/td>\n<td><strong>340er<\/strong><br \/>\n.340&#8243; Durchbiegung<br \/>\n11,3 GPI<br \/>\n+\/-.002&#8243; Geradheit<br \/>\n.269&#8243; Au\u00dfendurchmesser<\/td>\n<td><strong>400er<\/strong><br \/>\n.400&#8243; Durchbiegung<br \/>\n10,2 GPI<br \/>\n+\/-.002&#8243; Geradheit<br \/>\n.263&#8243; Au\u00dfendurchmesser<\/td>\n<td><strong>500er<\/strong><br \/>\n.500&#8243; Durchbiegung<br \/>\n9,1 GPI<br \/>\n+\/-.002&#8243; Geradheit<br \/>\n.256&#8243; Au\u00dfendurchmesser<\/td>\n<\/tr>\n<\/tbody>\n<\/table>\n<h3>STANDARDISIERTE PFEIL-SPINE\/DURCHBIEGUNGS-TABELLEN<\/h3>\n<p>Diese Tabelle ist f\u00fcr moderne Compoundb\u00f6gen mit IBO-Geschwindigkeiten zwischen 280-330 fps normalisiert. F\u00fcr schnellere B\u00f6gen lesen Sie die Tabelle einen Block nach unten und rechts. F\u00fcr langsamere B\u00f6gen lesen Sie die Tabelle einen Block nach oben und links. Die Tabelle ist nicht anwendbar f\u00fcr traditionelle B\u00f6gen.    HINWEIS: Die tats\u00e4chlichen Pfeilschaftdurchbiegungen entsprechen nicht unbedingt den vom Hersteller vermarkteten Spinegr\u00f6\u00dfen (Gold Tip 5575, Carbon Force 200, Carbon Express 60\/75 usw.). Die Spine-Gr\u00f6\u00dfensysteme der Hersteller <strong>k\u00f6nnen willk\u00fcrlich sein<\/strong> (100, 200, 300, 400) und spiegeln m\u00f6glicherweise nicht die tats\u00e4chlichen Spinedurchbiegungen der Pfeile wider. Beispielsweise hat ein &#8222;Carbon Express Maxima 250&#8220; eine tats\u00e4chliche Spinedurchbiegung von 0,404 Zoll, nicht 0,250 Zoll, wie die Gr\u00f6\u00dfenangabe vermuten l\u00e4sst. In diesem Fall ist das Bewertungssystem willk\u00fcrlich. Um auf der sicheren Seite zu sein, gehen Sie NICHT davon aus, dass die ver\u00f6ffentlichte Spinegr\u00f6\u00dfe eines Pfeils mit der tats\u00e4chlichen Durchbiegung des Pfeils \u00fcbereinstimmt. Beachten Sie die tats\u00e4chlichen Pfeilspezifikationsdaten oben, bevor Sie diese Tabelle verwenden, um eine angemessene Spineh\u00e4rte f\u00fcr Ihren Bogen auszuw\u00e4hlen.      <em><strong>Wenn Sie Hilfe ben\u00f6tigen, rufen Sie unseren Pro-Shop unter +358 45 208 6292 an oder schreiben Sie uns eine E-Mail f\u00fcr Unterst\u00fctzung.<\/strong><\/em><\/p>\n","protected":false},"excerpt":{"rendered":"<p>Karbon umh\u00fcllt von Aluminium. \u00c4u\u00dferst widerstandsf\u00e4hig. <\/p>\n","protected":false},"featured_media":281154,"comment_status":"open","ping_status":"closed","template":"","meta":[],"product_brand":[],"product_cat":[1105,1222],"product_tag":[],"class_list":{"0":"post-281151","1":"product","2":"type-product","3":"status-publish","4":"has-post-thumbnail","6":"product_cat-karbon-jagd-schaefte","7":"product_cat-sonderangebote","9":"first","10":"instock","11":"sale","12":"taxable","13":"shipping-taxable","14":"purchasable","15":"product-type-variable"},"composite_virtual":false,"composite_layout":"","composite_add_to_cart_form_location":"","composite_editable_in_cart":false,"composite_sold_individually_context":"","composite_shop_price_calc":"","composite_components":[],"composite_scenarios":[],"group_of_quantity":0,"min_quantity":0,"max_quantity":"","exclude_order_quantity_value_rules":"no","exclude_category_quantity_rules":"no","combine_variations":"no","exclude_global_add_ons":false,"addons":[{"name":"Zuschnitt","type":"multiple_choice","position":0,"required":true,"title_format":"label","default":"","description_enable":false,"description":null,"placeholder_enable":false,"placeholder":null,"display":"select","restrictions_type":"any_text","adjust_price":false,"price":"","price_type":"flat_fee","restrictions":false,"min":"0","max":"0","options":[{"label":"Nicht schneiden","price":"","price_type":"flat_fee","image":0,"visibility":true},{"label":"Bitte schneiden - f\u00fcgen Sie die gew\u00fcnschte L\u00e4nge im Infofeld beim Auschecken hinzu","price":"","price_type":"flat_fee","image":0,"visibility":true}]},{"name":"Eins\u00e4tze","type":"multiple_choice","position":1,"required":true,"title_format":"label","default":"","description_enable":false,"description":null,"placeholder_enable":false,"placeholder":null,"display":"select","restrictions_type":"any_text","adjust_price":false,"price":"","price_type":"flat_fee","restrictions":false,"min":"0","max":"0","options":[{"label":"Eins\u00e4tze installieren (Dies ist dauerhaft!)","price":"","price_type":"flat_fee","image":0,"visibility":true},{"label":"Eins\u00e4tze nicht installieren (lose beilegen)","price":"","price_type":"flat_fee","image":0,"visibility":true}]}],"_links":{"self":[{"href":"https:\/\/www.huntersfriend.eu\/de\/wp-json\/wp\/v2\/product\/281151","targetHints":{"allow":["GET"]}}],"collection":[{"href":"https:\/\/www.huntersfriend.eu\/de\/wp-json\/wp\/v2\/product"}],"about":[{"href":"https:\/\/www.huntersfriend.eu\/de\/wp-json\/wp\/v2\/types\/product"}],"replies":[{"embeddable":true,"href":"https:\/\/www.huntersfriend.eu\/de\/wp-json\/wp\/v2\/comments?post=281151"}],"wp:featuredmedia":[{"embeddable":true,"href":"https:\/\/www.huntersfriend.eu\/de\/wp-json\/wp\/v2\/media\/281154"}],"wp:attachment":[{"href":"https:\/\/www.huntersfriend.eu\/de\/wp-json\/wp\/v2\/media?parent=281151"}],"wp:term":[{"taxonomy":"product_brand","embeddable":true,"href":"https:\/\/www.huntersfriend.eu\/de\/wp-json\/wp\/v2\/product_brand?post=281151"},{"taxonomy":"product_cat","embeddable":true,"href":"https:\/\/www.huntersfriend.eu\/de\/wp-json\/wp\/v2\/product_cat?post=281151"},{"taxonomy":"product_tag","embeddable":true,"href":"https:\/\/www.huntersfriend.eu\/de\/wp-json\/wp\/v2\/product_tag?post=281151"}],"curies":[{"name":"wp","href":"https:\/\/api.w.org\/{rel}","templated":true}]}}