{"id":281146,"date":"2018-12-21T08:44:03","date_gmt":"2025-06-23T09:36:34","guid":{"rendered":"https:\/\/www.huntersfriend.eu\/product\/black-eagle-vintage-traditionelle-schaefte\/"},"modified":"2025-11-05T14:44:45","modified_gmt":"2025-11-05T12:44:45","slug":"black-eagle-vintage-traditionelle-schaefte","status":"publish","type":"product","link":"https:\/\/www.huntersfriend.eu\/de\/produkt\/black-eagle-vintage-traditionelle-schaefte\/","title":{"rendered":"Black Eagle Vintage Traditionelle Sch\u00e4fte"},"content":{"rendered":"<p>Diese Pfeilsch\u00e4fte sind nicht verziert, sondern weisen lediglich eine Holzoptik-Oberfl\u00e4che auf.<\/p>\n<p>Black Eagle&#8217;s Vintage-Pfeil ist der erste seiner Art auf dem Markt. Viele ernsthaft traditionelle Bogensch\u00fctzen und Compound-Bogensch\u00fctzen suchen nach einem hochwertigen Karbonpfeil mit Holzmaserung &#8211; also haben wir geliefert. Die Beringung jedes Vintage-Pfeils wird von Hand bemalt und auf Qualit\u00e4t gepr\u00fcft. Die Duracoat-Holzmaserung-\u00dcberzugsveredelung erm\u00f6glicht eine Neubefederung und Beringung. Vintage-Pfeile werden auf eine Geradheit von 0,005 Zoll oder besser sortiert, spineabgestimmt und gewichtsabgestimmt, um die Qualit\u00e4t und Robustheit zu gew\u00e4hrleisten, die Sie erwarten.    <\/p>\n<div>Die Verwendung von Hei\u00dfschmelzkleber wird f\u00fcr Black Eagle Pfeilsch\u00e4fte NICHT empfohlen.<\/div>\n<h3>BLACK EAGLE VINTAGE SPEZIFIKATIONEN<\/h3>\n<table>\n<tbody>\n<tr>\n<td><strong>350er<\/strong><br \/>\n0,350&#8243; Durchbiegung<br \/>\n9,8 GPI<br \/>\n+\/-0,005&#8243; Geradheit<br \/>\n0,303&#8243; Au\u00dfendurchmesser<\/td>\n<td><strong>400er<\/strong><br \/>\n0,400&#8243; Durchbiegung<br \/>\n9,2 GPI<br \/>\n+\/-0,005&#8243; Geradheit<br \/>\n0,301&#8243; Au\u00dfendurchmesser<\/td>\n<td><strong>500er<\/strong><br \/>\n0,500&#8243; Durchbiegung<br \/>\n8,5 GPI<br \/>\n+\/-0,005&#8243; Geradheit<br \/>\n0,297&#8243; Au\u00dfendurchmesser<\/td>\n<td><strong>600er<\/strong><br \/>\n0,600&#8243; Durchbiegung<br \/>\n7,9 GPI<br \/>\n+\/-0,005&#8243; Geradheit<br \/>\n0,293&#8243; Au\u00dfendurchmesser<\/td>\n<\/tr>\n<\/tbody>\n<\/table>\n<h3>STANDARDISIERTE PFEIL-SPINE\/DURCHBIEGUNGS-TABELLEN<\/h3>\n<p>Diese Tabelle ist f\u00fcr moderne Compoundb\u00f6gen mit IBO-Geschwindigkeiten zwischen 280-330 fps normalisiert. F\u00fcr schnellere B\u00f6gen lesen Sie die Tabelle einen Block nach unten und rechts. F\u00fcr langsamere B\u00f6gen lesen Sie die Tabelle einen Block nach oben und links. Die Tabelle ist nicht anwendbar f\u00fcr traditionelle B\u00f6gen.    HINWEIS: Die tats\u00e4chlichen Pfeilschaftdurchbiegungen entsprechen nicht unbedingt den vom Hersteller vermarkteten Spinegr\u00f6\u00dfen (Gold Tip 5575, Carbon Force 200, Carbon Express 60\/75 usw.). Die Spine-Gr\u00f6\u00dfensysteme der Hersteller <strong>k\u00f6nnen willk\u00fcrlich sein<\/strong> (100, 200, 300, 400) und spiegeln m\u00f6glicherweise nicht die tats\u00e4chlichen Spinedurchbiegungen der Pfeile wider. Beispielsweise hat ein &#8222;Carbon Express Maxima 250&#8220; eine tats\u00e4chliche Spinedurchbiegung von 0,404 Zoll, nicht 0,250 Zoll, wie die Gr\u00f6\u00dfenangabe vermuten l\u00e4sst. In diesem Fall ist das Bewertungssystem willk\u00fcrlich. Um auf der sicheren Seite zu sein, gehen Sie NICHT davon aus, dass die ver\u00f6ffentlichte Spinegr\u00f6\u00dfe eines Pfeils mit der tats\u00e4chlichen Durchbiegung des Pfeils \u00fcbereinstimmt. Beachten Sie die tats\u00e4chlichen Pfeilspezifikationsdaten oben, bevor Sie diese Tabelle verwenden, um eine angemessene Spineh\u00e4rte f\u00fcr Ihren Bogen auszuw\u00e4hlen.      <em><strong>Wenn Sie Hilfe ben\u00f6tigen, rufen Sie unseren Pro-Shop unter +358 45 208 6292 an oder schreiben Sie uns eine E-Mail f\u00fcr Unterst\u00fctzung.<\/strong><\/em><\/p>\n","protected":false},"excerpt":{"rendered":"<p>Diese Pfeilsch\u00e4fte sind nicht verziert, sondern weisen lediglich eine Holzoptik-Oberfl\u00e4che auf. Black Eagle&#8217;s Vintage-Pfeil ist der erste seiner Art auf dem Markt. Viele ernsthaft traditionelle Bogensch\u00fctzen und Compound-Bogensch\u00fctzen suchen nach einem hochwertigen Karbonpfeil mit Holzmaserung &#8211; also haben wir geliefert. Die Beringung jedes Vintage-Pfeils wird von Hand bemalt und auf Qualit\u00e4t gepr\u00fcft. Die Duracoat-Holzmaserung-\u00dcberzugsveredelung erm\u00f6glicht [&#8230;]\n","protected":false},"featured_media":217119,"comment_status":"open","ping_status":"closed","template":"","meta":[],"product_brand":[],"product_cat":[1105,1220],"product_tag":[],"class_list":{"0":"post-281146","1":"product","2":"type-product","3":"status-publish","4":"has-post-thumbnail","6":"product_cat-karbon-jagd-schaefte","7":"product_cat-karbonschaefte-fuer-das-scheibenschiessen","9":"first","10":"instock","11":"taxable","12":"shipping-taxable","13":"purchasable","14":"product-type-variable"},"composite_virtual":false,"composite_layout":"","composite_add_to_cart_form_location":"","composite_editable_in_cart":false,"composite_sold_individually_context":"","composite_shop_price_calc":"","composite_components":[],"composite_scenarios":[],"group_of_quantity":0,"min_quantity":0,"max_quantity":"","exclude_order_quantity_value_rules":"no","exclude_category_quantity_rules":"no","combine_variations":"no","exclude_global_add_ons":false,"addons":[{"name":"Zuschnitt","type":"multiple_choice","position":0,"required":true,"title_format":"label","default":"","description_enable":false,"description":null,"placeholder_enable":false,"placeholder":null,"display":"select","restrictions_type":"any_text","adjust_price":false,"price":"","price_type":"flat_fee","restrictions":false,"min":"0","max":"0","options":[{"label":"Nicht schneiden","price":"","price_type":"flat_fee","image":0,"visibility":true},{"label":"Bitte schneiden - f\u00fcgen Sie die gew\u00fcnschte L\u00e4nge im Infofeld beim Auschecken hinzu","price":"","price_type":"flat_fee","image":0,"visibility":true}]},{"name":"Eins\u00e4tze","type":"multiple_choice","position":1,"required":true,"title_format":"label","default":"","description_enable":false,"description":null,"placeholder_enable":false,"placeholder":null,"display":"select","restrictions_type":"any_text","adjust_price":false,"price":"","price_type":"flat_fee","restrictions":false,"min":"0","max":"0","options":[{"label":"Eins\u00e4tze installieren (Dies ist dauerhaft!)","price":"","price_type":"flat_fee","image":0,"visibility":true},{"label":"Eins\u00e4tze nicht installieren (lose beilegen)","price":"","price_type":"flat_fee","image":0,"visibility":true}]}],"_links":{"self":[{"href":"https:\/\/www.huntersfriend.eu\/de\/wp-json\/wp\/v2\/product\/281146","targetHints":{"allow":["GET"]}}],"collection":[{"href":"https:\/\/www.huntersfriend.eu\/de\/wp-json\/wp\/v2\/product"}],"about":[{"href":"https:\/\/www.huntersfriend.eu\/de\/wp-json\/wp\/v2\/types\/product"}],"replies":[{"embeddable":true,"href":"https:\/\/www.huntersfriend.eu\/de\/wp-json\/wp\/v2\/comments?post=281146"}],"wp:featuredmedia":[{"embeddable":true,"href":"https:\/\/www.huntersfriend.eu\/de\/wp-json\/wp\/v2\/media\/217119"}],"wp:attachment":[{"href":"https:\/\/www.huntersfriend.eu\/de\/wp-json\/wp\/v2\/media?parent=281146"}],"wp:term":[{"taxonomy":"product_brand","embeddable":true,"href":"https:\/\/www.huntersfriend.eu\/de\/wp-json\/wp\/v2\/product_brand?post=281146"},{"taxonomy":"product_cat","embeddable":true,"href":"https:\/\/www.huntersfriend.eu\/de\/wp-json\/wp\/v2\/product_cat?post=281146"},{"taxonomy":"product_tag","embeddable":true,"href":"https:\/\/www.huntersfriend.eu\/de\/wp-json\/wp\/v2\/product_tag?post=281146"}],"curies":[{"name":"wp","href":"https:\/\/api.w.org\/{rel}","templated":true}]}}