{"id":281117,"date":"2019-02-11T09:20:14","date_gmt":"2025-06-23T09:36:07","guid":{"rendered":"https:\/\/www.huntersfriend.eu\/product\/vpa-vantage-point-archery-2-klingen-vollstahlbreitkoepfe\/"},"modified":"2025-08-27T14:12:30","modified_gmt":"2025-08-27T12:12:30","slug":"vpa-vantage-point-archery-2-klingen-vollstahlbreitkoepfe","status":"publish","type":"product","link":"https:\/\/www.huntersfriend.eu\/de\/produkt\/vpa-vantage-point-archery-2-klingen-vollstahlbreitkoepfe\/","title":{"rendered":"VPA (Vantage Point Archery) 2-Klingen-Vollstahlbreitk\u00f6pfe"},"content":{"rendered":"<p>Die doppelschneidigen VPA 2-Klingen-Breitk\u00f6pfe von V.P.A. werden ihrem Spitznamen &#8218;Penetrator&#8216; wahrhaftig gerecht. Sie werden CNC-gefr\u00e4st aus einem St\u00fcck Kohlenstoffstahl gefertigt und auf 55 Rockwell geh\u00e4rtet. Ihre einzigartig gestaltete T\u00fclle ist facettiert, um dem Sch\u00e4rfwinkel zu entsprechen, was sie zu \u00e4u\u00dferst effektiven Knochenspaltern macht. Die T\u00fclle unterst\u00fctzt den Kopf bis zur doppelten Tanto-Spitze, um ein Verbiegen der Spitze zu verhindern.   <\/p>\n<p><strong>St\u00e4rke \u2013 Zuverl\u00e4ssigkeit \u2013 Leistung<\/strong><\/p>\n<p class=\"text-center\"><strong>\u201eDies ist nicht der Breitkopf Ihres Vaters!\u201c<\/strong><\/p>\n<table>\n<tbody>\n<tr>\n<td>\n<ul>\n<li>Hergestellt aus <strong>Kohlenstoffstahl<\/strong><\/li>\n<li>Einfach zu sch\u00e4rfen und nachzusch\u00e4rfen<\/li>\n<li>Von Bogenj\u00e4gern f\u00fcr Bogenj\u00e4ger konzipiert und hergestellt!<\/li>\n<\/ul>\n<\/td>\n<\/tr>\n<\/tbody>\n<\/table>\n","protected":false},"excerpt":{"rendered":"<p>2-Klingen 150, 175, 200 und 250 Grain 3er-Pack &#8211; Kohlenstoffstahl &#8211; Gro\u00dfwild<\/p>\n","protected":false},"featured_media":64323,"comment_status":"open","ping_status":"closed","template":"","meta":[],"product_brand":[],"product_cat":[1079],"product_tag":[],"class_list":{"0":"post-281117","1":"product","2":"type-product","3":"status-publish","4":"has-post-thumbnail","6":"product_cat-jagd-spitzen","8":"first","9":"instock","10":"taxable","11":"shipping-taxable","12":"purchasable","13":"product-type-variable"},"composite_virtual":false,"composite_layout":"","composite_add_to_cart_form_location":"","composite_editable_in_cart":false,"composite_sold_individually_context":"","composite_shop_price_calc":"","composite_components":[],"composite_scenarios":[],"group_of_quantity":0,"min_quantity":0,"max_quantity":"","exclude_order_quantity_value_rules":"no","exclude_category_quantity_rules":"no","combine_variations":"no","exclude_global_add_ons":[],"addons":[],"_links":{"self":[{"href":"https:\/\/www.huntersfriend.eu\/de\/wp-json\/wp\/v2\/product\/281117","targetHints":{"allow":["GET"]}}],"collection":[{"href":"https:\/\/www.huntersfriend.eu\/de\/wp-json\/wp\/v2\/product"}],"about":[{"href":"https:\/\/www.huntersfriend.eu\/de\/wp-json\/wp\/v2\/types\/product"}],"replies":[{"embeddable":true,"href":"https:\/\/www.huntersfriend.eu\/de\/wp-json\/wp\/v2\/comments?post=281117"}],"wp:featuredmedia":[{"embeddable":true,"href":"https:\/\/www.huntersfriend.eu\/de\/wp-json\/wp\/v2\/media\/64323"}],"wp:attachment":[{"href":"https:\/\/www.huntersfriend.eu\/de\/wp-json\/wp\/v2\/media?parent=281117"}],"wp:term":[{"taxonomy":"product_brand","embeddable":true,"href":"https:\/\/www.huntersfriend.eu\/de\/wp-json\/wp\/v2\/product_brand?post=281117"},{"taxonomy":"product_cat","embeddable":true,"href":"https:\/\/www.huntersfriend.eu\/de\/wp-json\/wp\/v2\/product_cat?post=281117"},{"taxonomy":"product_tag","embeddable":true,"href":"https:\/\/www.huntersfriend.eu\/de\/wp-json\/wp\/v2\/product_tag?post=281117"}],"curies":[{"name":"wp","href":"https:\/\/api.w.org\/{rel}","templated":true}]}}