{"id":281116,"date":"2019-02-13T10:27:28","date_gmt":"2025-06-23T09:36:06","guid":{"rendered":"https:\/\/www.huntersfriend.eu\/product\/victory-v-force-sport-massgefertigte-pfeile\/"},"modified":"2025-06-23T11:36:08","modified_gmt":"2025-06-23T09:36:08","slug":"victory-v-force-sport-massgefertigte-pfeile","status":"publish","type":"product","link":"https:\/\/www.huntersfriend.eu\/de\/produkt\/victory-v-force-sport-massgefertigte-pfeile\/","title":{"rendered":"Victory V-Force Sport Ma\u00dfgefertigte Pfeile"},"content":{"rendered":"<p><em><strong>Alle ma\u00dfgeschneiderten Pfeile werden handgefertigt und entsprechend Ihren Anforderungen vorbereitet. Nach der Fertigstellung ben\u00f6tigen Sie lediglich eine \u00dcbungsspitze oder eine Jagdspitze, um schussbereit zu sein. <\/strong><\/em><\/p>\n<h3>PR\u00c4ZISE LEISTUNG<\/h3>\n<p>Victory&#8217;s beliebtester Jagdpfeil ist noch besser geworden. Dieser Schaft mit Standard-Jagddurchmesser, integriert mit den engsten Toleranzen der Branche, ergibt eine t\u00f6dliche Kombination f\u00fcr Jagdspitzengenauigkeit. Der V-Force wird mit Bohning Blazer Nocken und Eins\u00e4tzen geliefert. Wenn Sie Gold Tips mochten, werden Sie Victory Arrows LIEBEN. Hergestellt aus den hochwertigsten verf\u00fcgbaren Karbonverbundfasern sind Victory Arrows noch leichter und robuster als die Konkurrenz. Der V-Force Sport ist ein Einstiegsmodell mit einer Geradheit von \u00b10,006 Zoll und liefert jeden Schuss mit au\u00dferordentlicher Kraft.     <\/p>\n<h3>ICE-BESCHICHTUNG<\/h3>\n<p>Jeder Victory-Schaft ist nun mit Victory&#8217;s ICE-Beschichtung versehen. Die ICE-Beschichtung erm\u00f6glicht eine leichtere Entfernung aus der Zielscheibe und erh\u00f6ht die Durchdringung bei Wild. Diese ICE-Beschichtung reduziert auch das Pfeilger\u00e4usch w\u00e4hrend des Auszugs. Wir alle kennen das Ger\u00e4usch eines unbeschichteten Pfeilschafts, der durch eine Whisker Biscuit gezogen wird &#8211; es ist ziemlich laut. Mit der ICE-Beschichtung ist dieses Ger\u00e4usch minimal &#8211; gut gemacht, Victory.    <\/p>\n<h3>VICTORY V-FORCE SPORT SPEZIFIKATIONEN:<\/h3>\n<table>\n<tbody>\n<tr>\n<td><strong>300er<\/strong><br \/>\n0,300 Zoll Durchbiegung<br \/>\n9,9 GPI<br \/>\n+\/-0,006 Zoll Geradheit<br \/>\n0,304 Zoll Au\u00dfendurchmesser<\/td>\n<td><strong>350er<\/strong><br \/>\n0,350 Zoll Durchbiegung<br \/>\n8,7 GPI<br \/>\n+\/-0,006 Zoll Geradheit<br \/>\n0,298 Zoll Au\u00dfendurchmesser<\/td>\n<td><strong>400er<\/strong><br \/>\n0,400&#8243; Durchbiegung<br \/>\n8,2 GPI<br \/>\n+\/-0,006&#8243; Geradheit<br \/>\n0,295&#8243; Au\u00dfendurchmesser<\/td>\n<td><strong>500er<\/strong><br \/>\n0,500 Zoll Durchbiegung<br \/>\n6,9 GPI<br \/>\n+\/-0,006 Zoll Geradheit<br \/>\n0,290 Zoll Au\u00dfendurchmesser<\/td>\n<td><strong>600er<\/strong><br \/>\n0,600 Zoll Durchbiegung<br \/>\n6,7 GPI<br \/>\n+\/-0,006 Zoll Geradheit<br \/>\n0,287 Zoll Au\u00dfendurchmesser<\/td>\n<\/tr>\n<\/tbody>\n<\/table>\n<p><span lang=\"EN-US\">Diese Spine-Tabelle ist f\u00fcr moderne Compound-B\u00f6gen mit IBO-Geschwindigkeiten zwischen 280-330 fps normalisiert. F\u00fcr schnellere B\u00f6gen lesen Sie die Tabelle einen Block nach unten und rechts. F\u00fcr langsamere B\u00f6gen lesen Sie die Tabelle einen Block nach oben und links. Die Tabelle ist nicht f\u00fcr traditionelle B\u00f6gen anwendbar. HINWEIS: Die tats\u00e4chlichen Pfeil-Spine-Durchbiegungen entsprechen nicht notwendigerweise den vom Hersteller vermarkteten Spine-Gr\u00f6\u00dfen (Gold Tip 5575, Carbon Force 200, Carbon Express 60\/75 usw.). Die Spine-Gr\u00f6\u00dfensysteme der Hersteller      <\/span><strong><span lang=\"EN-US\">k\u00f6nnen willk\u00fcrlich sein<\/span><\/strong><span lang=\"EN-US\"> (100, 200, 300, 400) und spiegeln m\u00f6glicherweise nicht die tats\u00e4chlichen Spine-Durchbiegungen der Pfeile wider. Beispielsweise hat ein &#8222;Carbon Express Maxima 250&#8243; eine tats\u00e4chliche Spine-Durchbiegung von 0,404&#8243;, nicht 0,250&#8220;, wie die Gr\u00f6\u00dfenangabe vermuten l\u00e4sst. In diesem Fall ist das Bewertungssystem willk\u00fcrlich. Um auf der sicheren Seite zu sein, gehen Sie NICHT davon aus, dass die ver\u00f6ffentlichte Spine-Gr\u00f6\u00dfe eines Pfeils mit der tats\u00e4chlichen Durchbiegung des Pfeils \u00fcbereinstimmt. Beachten Sie die tats\u00e4chlichen Pfeilspezifikationsdaten oben, bevor Sie diese Tabelle verwenden, um eine geeignete Spine-Steifigkeit f\u00fcr Ihren Bogen auszuw\u00e4hlen.     <em><strong>Wenn Sie Hilfe ben\u00f6tigen, rufen Sie unseren Pro-Shop unter +358 45 208 6292 an oder schreiben Sie uns eine E-Mail f\u00fcr Unterst\u00fctzung.<\/strong><\/em><\/span><\/p>\n<h3>\u00dcBER UNSER MASSGESCHNEIDERTES PFEILPROGRAMM:<\/h3>\n<p><strong>JEDER PFEIL WIRD HANDGEFERTIGT AUS ROHEN SCH\u00c4FTEN`<\/strong> Die Handanfertigung von Pfeilen erm\u00f6glicht es uns, Dinge zu tun, die unsere Konkurrenten aus gro\u00dfen Handelsketten nicht k\u00f6nnen. Jeder rohe Schaft und seine Komponenten werden vor der Montage auf Herstellungsfehler \u00fcberpr\u00fcft. Jeder Schaft wird ordnungsgem\u00e4\u00df vorbereitet und jede Befiederung wird manuell auf korrekte Haftung \u00fcberpr\u00fcft. Dann werden alle Nocken ausgerichtet und jeder Pfeil wird gem\u00e4\u00df Ihren Vorgaben auf einer unserer Hochgeschwindigkeits-Pfeils\u00e4gen mit 8.000 U\/min zugeschnitten. Anschlie\u00dfend montieren wir Ihre Eins\u00e4tze und \u00dcbungsspitzen und reinigen die Pfeile, um etwaige \u00d6l- oder Kleber\u00fcckst\u00e4nde zu entfernen. Fertige Pfeils\u00e4tze m\u00fcssen dann eine gr\u00fcndliche mehrstufige Inspektion bestehen, bevor sie f\u00fcr den Versand an unsere Kunden freigegeben werden. Uns ist bewusst, dass wir hier keine ballistischen Raketen bauen, aber wir nehmen unsere Pfeile sehr ernst. Wenn Ihre ma\u00dfgeschneiderten Pfeile ankommen, m\u00f6chten wir, dass Sie beeindruckt sind. Unsere ma\u00dfgeschneiderten Pfeile werden genau nach Ihren Vorgaben geliefert und sind zu 100% schussbereit. Diese Art von Service erhalten Sie nur von einem echten Bogensport-Fachgesch\u00e4ft, und wir sind stolz darauf, einen Qualit\u00e4tsstandard zu setzen, den eine Maschine einfach nicht erreichen kann.         <\/p>\n<p><strong>JEDER PFEIL IST SCHUSSBEREIT<\/strong> Lassen Sie sich nicht von den sogenannten \u201efeldfertigen Pfeilen\u201c t\u00e4uschen, die in Gro\u00dfm\u00e4rkten und bei vielen H\u00e4ndlern angeboten werden. Es sind KEINE <u>fertigen<\/u> Pfeile. Gro\u00dfmarkt-Pfeile sind einfach volle L\u00e4nge Rohsch\u00e4fte, die maschinell mit den billigsten verf\u00fcgbaren Materialien (oft im Ausland) befiedert wurden. Sie sind sicherlich NICHT f\u00fcr den Feldeinsatz bereit und ihre Qualit\u00e4t kann nicht mit handgefertigten Ma\u00dfanfertigungen verglichen werden. Ganz zu schweigen davon, dass der Kunde beim Kauf von maschinell befiederten Fertigprodukten sehr wenig Auswahl hat. Meistens bekommen Sie einfach das, was in der Schachtel ist, und m\u00fcssen damit leben. Wir finden, das ist ein ziemlich niedriger Standard. Daher gehen wir \u00fcber das Angebot von mehr Qualit\u00e4t und Auswahl f\u00fcr die Kunden hinaus und gehen noch einen Schritt weiter, indem wir auch jeden fertigen Pfeilsatz, den wir bauen, wiegen und dokumentieren.        Jeder fertiggestellte Pfeilsatz wird mit unserer exklusiven Pfeilzertifizierungskarte geliefert, die das genaue Endgewicht und die Spezifikationen Ihrer Pfeile detailliert auff\u00fchrt. Sollten Sie jemals Ersatz ben\u00f6tigen, haben Sie Ihre urspr\u00fcnglichen Pfeilspezifikationen zur Hand. Haben wir erw\u00e4hnt, dass wir Pfeile \u00e4u\u00dferst ernst nehmen? Wenn Sie noch nie einen Satz abgestimmter Spezialpfeile ausprobiert haben, sind wir \u00fcberzeugt, dass Sie vom ersten Schuss an beeindruckt sein werden.   <\/p>\n<p><strong>ARBEIT EXKLUSIV F\u00dcR SIE ANGEFERTIGT<\/strong> Ma\u00dfgefertigte Pfeile werden GEM\u00c4SS IHREN TATS\u00c4CHLICHEN BESTELLSPEZIFIKATIONEN HERGESTELLT UND ZUGESCHNITTEN. Nichts wird im Voraus gefertigt. Kein Prozess beginnt, bevor Sie Ihre Bestellung aufgeben. Beachten Sie jedoch, dass wir, sobald wir die Eier aufgeschlagen und Ihr Omelett zubereitet haben, es nicht mehr in die Schale zur\u00fccklegen k\u00f6nnen, um es sp\u00e4ter jemand anderem zu servieren. Ma\u00dfgefertigte Pfeile k\u00f6nnen nicht zur\u00fcck in den Bestand genommen werden. Sobald sie befiedert, eingesetzt oder auf L\u00e4nge zugeschnitten wurden, k\u00f6nnen Bestellungen f\u00fcr ma\u00dfgefertigte Pfeile nicht storniert, zur\u00fcckgegeben oder umgetauscht werden &#8211; au\u00dfer in seltenen F\u00e4llen von Herstellerfehlern oder Bearbeitungsfehlern bei der Bestellung. Vergewissern Sie sich daher vor der Bestellung Ihrer Spezifikationen. Sobald ein ma\u00dfgefertigter Satz Pfeile EXKLUSIV F\u00dcR SIE hergestellt wurde, geh\u00f6ren sie Ihnen. Selbstverst\u00e4ndlich stehen wir bei einem berechtigten Problem hinter unserer Arbeit und werden die Angelegenheit richtigstellen. Dies wird jedoch nicht n\u00f6tig sein. Wir werden sicherstellen, dass Ihre Pfeile von Anfang an hervorragend sind. Sie werden sehen &#8230;           <\/p>\n<p><strong>WIE LANGE DAUERT ES? WANN ERHALTE ICH MEINE PFEILE?  <\/strong>Die Mehrheit (etwa 94%) unserer ma\u00dfgefertigten Pro-Shop-Bestellungen wird innerhalb von 2-4 Werktagen bearbeitet, hergestellt, gepr\u00fcft und versandt. In den ruhigeren Monaten (Januar-Juli) unterschreiten wir diesen Durchschnitt gew\u00f6hnlich um einen Tag. In den gesch\u00e4ftigeren Monaten (August-Dezember) tendieren wir dazu, einen zus\u00e4tzlichen Tag zu ben\u00f6tigen. Unter Ber\u00fccksichtigung aller Faktoren ist eine offizielle Vorlaufzeit von 1-5 Tagen die ehrlichste Sch\u00e4tzung, die wir anbieten k\u00f6nnen. Wir wissen, dass unsere Kunden begierig darauf sind, die Waren in H\u00e4nden zu halten und loszulegen, daher arbeiten wir konzentriert daran, unsere Bestellungen so schnell wie m\u00f6glich zu versenden. Sollte es irgendeine Art von Verz\u00f6gerung oder Ausnahme geben, werden wir Sie dar\u00fcber in Kenntnis setzen.      Generell k\u00f6nnen Sie jedoch davon ausgehen, dass Ihre ma\u00dfgefertigte Pro-Shop-Bestellung innerhalb weniger Werktage auf dem Weg zu Ihnen sein wird. Unser Kundenservice-E-Mail-System wird Sie \u00fcber den Status Ihrer Bestellung auf dem Laufenden halten. Die tats\u00e4chlichen Lieferzeiten variieren je nach Entfernung vom Pro-Shop\/Lager in Finnland.  <\/p>\n","protected":false},"excerpt":{"rendered":"<p>Wir verkaufen in Packungen zu 12, 24 St\u00fcck&#8230;.<\/p>\n","protected":false},"featured_media":281118,"comment_status":"open","ping_status":"closed","template":"","meta":[],"product_brand":[],"product_cat":[1189],"product_tag":[],"class_list":{"0":"post-281116","1":"product","2":"type-product","3":"status-publish","4":"has-post-thumbnail","6":"product_cat-carbon-handgefertigt","8":"first","9":"instock","10":"taxable","11":"shipping-taxable","12":"purchasable","13":"product-type-composite"},"composite_virtual":false,"composite_layout":"single","composite_add_to_cart_form_location":"default","composite_editable_in_cart":false,"composite_sold_individually_context":"product","composite_shop_price_calc":"min_max","composite_components":[{"id":"1550047357","title":"Pfeilschaft","description":"","query_type":"product_ids","query_ids":[281170],"default_option_id":281170,"thumbnail_id":"","thumbnail_src":"","quantity_min":12,"quantity_max":"","priced_individually":true,"shipped_individually":false,"optional":false,"discount":"","options_style":"dropdowns","pagination_style":"classic","display_prices":"absolute","show_sorting_options":false,"show_filtering_options":false,"attribute_filter_ids":[],"select_action":"view","product_title_visible":true,"product_descr_visible":false,"product_price_visible":false,"product_thumb_visible":false,"subtotal_visible_product":true,"subtotal_visible_cart":true,"subtotal_visible_orders":true,"product_addons_visible":true},{"id":"1550047977","title":"Farbe der Leitfeder","description":"<p>Dies ist eine der drei Federn am Pfeil. Alle drei Federn m\u00fcssen vom gleichen Typ sein, jedoch nicht von der gleichen Farbe. <\/p>\n","query_type":"product_ids","query_ids":[281033,281053,281044,281009,280926],"default_option_id":281033,"thumbnail_id":"","thumbnail_src":"","quantity_min":12,"quantity_max":"","priced_individually":false,"shipped_individually":false,"optional":false,"discount":"","options_style":"dropdowns","pagination_style":"classic","display_prices":"absolute","show_sorting_options":false,"show_filtering_options":false,"attribute_filter_ids":[],"select_action":"view","product_title_visible":true,"product_descr_visible":false,"product_price_visible":false,"product_thumb_visible":false,"subtotal_visible_product":true,"subtotal_visible_cart":true,"subtotal_visible_orders":true,"product_addons_visible":true},{"id":"1550047978","title":"Farbe der Henne-Federn","description":"<p>Dies sind zwei der drei Federn am Pfeil. Alle drei Federn m\u00fcssen vom gleichen Typ sein, jedoch nicht von der gleichen Farbe. <\/p>\n","query_type":"product_ids","query_ids":[281033,281044,281053,281009,280926],"default_option_id":281033,"thumbnail_id":"","thumbnail_src":"","quantity_min":24,"quantity_max":"","priced_individually":false,"shipped_individually":false,"optional":false,"discount":"","options_style":"dropdowns","pagination_style":"classic","display_prices":"absolute","show_sorting_options":false,"show_filtering_options":false,"attribute_filter_ids":[],"select_action":"view","product_title_visible":true,"product_descr_visible":false,"product_price_visible":false,"product_thumb_visible":false,"subtotal_visible_product":true,"subtotal_visible_cart":true,"subtotal_visible_orders":true,"product_addons_visible":true}],"composite_scenarios":[],"group_of_quantity":0,"min_quantity":0,"max_quantity":"","exclude_order_quantity_value_rules":"no","exclude_category_quantity_rules":"no","combine_variations":"no","exclude_global_add_ons":false,"addons":[{"name":"Befiederungsstil","type":"multiple_choice","position":0,"required":true,"title_format":"label","default":"","description_enable":false,"description":null,"placeholder_enable":false,"placeholder":null,"display":"select","restrictions_type":"any_text","adjust_price":false,"price":"","price_type":"flat_fee","restrictions":false,"min":"0","max":"0","options":[{"label":"Versatz","price":"","price_type":"flat_fee","image":0,"visibility":true},{"label":"Helikal","price":"","price_type":"flat_fee","image":0,"visibility":true},{"label":"Gerade","price":"","price_type":"flat_fee","image":0,"visibility":true}],"id":1745495335}],"_links":{"self":[{"href":"https:\/\/www.huntersfriend.eu\/de\/wp-json\/wp\/v2\/product\/281116","targetHints":{"allow":["GET"]}}],"collection":[{"href":"https:\/\/www.huntersfriend.eu\/de\/wp-json\/wp\/v2\/product"}],"about":[{"href":"https:\/\/www.huntersfriend.eu\/de\/wp-json\/wp\/v2\/types\/product"}],"replies":[{"embeddable":true,"href":"https:\/\/www.huntersfriend.eu\/de\/wp-json\/wp\/v2\/comments?post=281116"}],"wp:featuredmedia":[{"embeddable":true,"href":"https:\/\/www.huntersfriend.eu\/de\/wp-json\/wp\/v2\/media\/281118"}],"wp:attachment":[{"href":"https:\/\/www.huntersfriend.eu\/de\/wp-json\/wp\/v2\/media?parent=281116"}],"wp:term":[{"taxonomy":"product_brand","embeddable":true,"href":"https:\/\/www.huntersfriend.eu\/de\/wp-json\/wp\/v2\/product_brand?post=281116"},{"taxonomy":"product_cat","embeddable":true,"href":"https:\/\/www.huntersfriend.eu\/de\/wp-json\/wp\/v2\/product_cat?post=281116"},{"taxonomy":"product_tag","embeddable":true,"href":"https:\/\/www.huntersfriend.eu\/de\/wp-json\/wp\/v2\/product_tag?post=281116"}],"curies":[{"name":"wp","href":"https:\/\/api.w.org\/{rel}","templated":true}]}}