{"id":281115,"date":"2019-02-06T17:20:16","date_gmt":"2025-06-23T09:36:05","guid":{"rendered":"https:\/\/www.huntersfriend.eu\/product\/dead-center-aluminium-endkappe\/"},"modified":"2025-07-30T12:53:52","modified_gmt":"2025-07-30T10:53:52","slug":"dead-center-aluminium-endkappe","status":"publish","type":"product","link":"https:\/\/www.huntersfriend.eu\/de\/produkt\/dead-center-aluminium-endkappe\/","title":{"rendered":"Dead Center Aluminium-Endkappe"},"content":{"rendered":"<p>Vervollst\u00e4ndigen Sie Ihren Gewichtsstapel mit der Aluminium-Gewichtskappe. Mit dem Dead Center X-Logo lasergraviert. <\/p>\n<p>O-Ringe an der Au\u00dfenseite erm\u00f6glichen ein \u00fcberlegenes Festziehen und zus\u00e4tzliche Vibrationsd\u00e4mpfung.<\/p>\n<p><strong>Abmessungen:<\/strong> 1,25 Zoll im Durchmesser (entspricht der Gr\u00f6\u00dfe unserer 1-Unzen-Gewichte)<\/p>\n<p><strong>Gewinde:<\/strong> 1\/4-20<\/p>\n<p><strong>Gewicht:<\/strong> 1 Unze (einschlie\u00dflich Gewindestange)<\/p>\n<p><strong>Oberfl\u00e4che:<\/strong> mattschwarze<\/p>\n<p>F\u00fcr Dead Center-Stabilisatorprodukte, die nicht auf unserer Website gezeigt werden, kontaktieren Sie uns bitte direkt. Wir sind der europ\u00e4ische Vertriebspartner f\u00fcr alle Dead Center-Produkte und k\u00f6nnen Ihnen problemlos die gew\u00fcnschte Gr\u00f6\u00dfe und Farbe beschaffen. <\/p>\n","protected":false},"excerpt":{"rendered":"<p>Schwarz<\/p>\n","protected":false},"featured_media":210967,"comment_status":"open","ping_status":"closed","template":"","meta":[],"product_brand":[],"product_cat":[1123],"product_tag":[],"class_list":{"0":"post-281115","1":"product","2":"type-product","3":"status-publish","4":"has-post-thumbnail","6":"product_cat-gewichte","8":"first","9":"instock","10":"taxable","11":"shipping-taxable","12":"purchasable","13":"product-type-simple"},"composite_virtual":false,"composite_layout":"","composite_add_to_cart_form_location":"","composite_editable_in_cart":false,"composite_sold_individually_context":"","composite_shop_price_calc":"","composite_components":[],"composite_scenarios":[],"group_of_quantity":0,"min_quantity":0,"max_quantity":"","exclude_order_quantity_value_rules":"no","exclude_category_quantity_rules":"no","combine_variations":"no","exclude_global_add_ons":[],"addons":[],"_links":{"self":[{"href":"https:\/\/www.huntersfriend.eu\/de\/wp-json\/wp\/v2\/product\/281115","targetHints":{"allow":["GET"]}}],"collection":[{"href":"https:\/\/www.huntersfriend.eu\/de\/wp-json\/wp\/v2\/product"}],"about":[{"href":"https:\/\/www.huntersfriend.eu\/de\/wp-json\/wp\/v2\/types\/product"}],"replies":[{"embeddable":true,"href":"https:\/\/www.huntersfriend.eu\/de\/wp-json\/wp\/v2\/comments?post=281115"}],"wp:featuredmedia":[{"embeddable":true,"href":"https:\/\/www.huntersfriend.eu\/de\/wp-json\/wp\/v2\/media\/210967"}],"wp:attachment":[{"href":"https:\/\/www.huntersfriend.eu\/de\/wp-json\/wp\/v2\/media?parent=281115"}],"wp:term":[{"taxonomy":"product_brand","embeddable":true,"href":"https:\/\/www.huntersfriend.eu\/de\/wp-json\/wp\/v2\/product_brand?post=281115"},{"taxonomy":"product_cat","embeddable":true,"href":"https:\/\/www.huntersfriend.eu\/de\/wp-json\/wp\/v2\/product_cat?post=281115"},{"taxonomy":"product_tag","embeddable":true,"href":"https:\/\/www.huntersfriend.eu\/de\/wp-json\/wp\/v2\/product_tag?post=281115"}],"curies":[{"name":"wp","href":"https:\/\/api.w.org\/{rel}","templated":true}]}}