{"id":281113,"date":"2019-02-06T17:20:16","date_gmt":"2025-06-23T09:36:03","guid":{"rendered":"https:\/\/www.huntersfriend.eu\/product\/dead-center-massgeschneidertes-ausgleichsgewicht-kit\/"},"modified":"2025-06-23T11:36:03","modified_gmt":"2025-06-23T09:36:03","slug":"dead-center-massgeschneidertes-ausgleichsgewicht-kit","status":"publish","type":"product","link":"https:\/\/www.huntersfriend.eu\/de\/produkt\/dead-center-massgeschneidertes-ausgleichsgewicht-kit\/","title":{"rendered":"Dead Center Ma\u00dfgeschneidertes Ausgleichsgewicht-Kit"},"content":{"rendered":"<p>Ma\u00dfgeschneiderte Ausgleichsgewichte k\u00f6nnen am Ende jedes Stabilisators der Diamond Series, Dead Steady, Dead Level Hunter oder Dead Silent Hunting Serie hinzugef\u00fcgt werden, um die Gewichts- und Ausgleichskonfiguration individuell anzupassen und eine wahre Balance zu erreichen.<\/p>\n<p>Bessere Balance = ein besserer Schuss und engere Gruppierungen. Punktum. <\/p>\n<p>O-Ringe an der Au\u00dfenseite erm\u00f6glichen ein \u00fcberlegenes Festziehen und zus\u00e4tzliche Vibrationsd\u00e4mpfung. Gefertigt aus 303 rostfreiem Stahl. <\/p>\n<p><strong>Enth\u00e4lt: <\/strong>(2) 0,5 Unzen Gewichte | (3) 1 Unze Gewichte | (1) 3 Unzen Gewicht | (1) 6 Unzen Gewicht | (3) Gewindestangen aus rostfreiem Stahl<strong><br \/>\n<\/strong><\/p>\n<p><strong>Abmessungen:<\/strong> 0,5 Unzen &#8211; 1 \u201eDurchmesser x 0,220\u201c dick | 1 Unze &#8211; 1,25 \u201eDurchmesser x 0,240\u201c dick | 3 Unzen &#8211; 1,5 \u201eDurchmesser x 0,440\u201c dick | 6 Unzen &#8211; 1,5 \u201eDurchmesser x 0,880\u201c dick<\/p>\n<p><strong>Gewinde:<\/strong> 1\/4-20<\/p>\n<p>F\u00fcr Dead Center-Stabilisatorprodukte, die nicht auf unserer Website gezeigt werden, kontaktieren Sie uns bitte direkt. Wir sind der europ\u00e4ische Vertriebspartner f\u00fcr alle Dead Center-Produkte und k\u00f6nnen Ihnen problemlos die gew\u00fcnschte Gr\u00f6\u00dfe und Farbe beschaffen. <\/p>\n","protected":false},"excerpt":{"rendered":"<p>Schwarz<\/p>\n","protected":false},"featured_media":210971,"comment_status":"open","ping_status":"closed","template":"","meta":[],"product_brand":[],"product_cat":[1123],"product_tag":[],"class_list":{"0":"post-281113","1":"product","2":"type-product","3":"status-publish","4":"has-post-thumbnail","6":"product_cat-gewichte","8":"first","9":"instock","10":"taxable","11":"shipping-taxable","12":"purchasable","13":"product-type-simple"},"composite_virtual":false,"composite_layout":"","composite_add_to_cart_form_location":"","composite_editable_in_cart":false,"composite_sold_individually_context":"","composite_shop_price_calc":"","composite_components":[],"composite_scenarios":[],"group_of_quantity":0,"min_quantity":0,"max_quantity":"","exclude_order_quantity_value_rules":"no","exclude_category_quantity_rules":"no","combine_variations":"no","exclude_global_add_ons":[],"addons":[],"_links":{"self":[{"href":"https:\/\/www.huntersfriend.eu\/de\/wp-json\/wp\/v2\/product\/281113","targetHints":{"allow":["GET"]}}],"collection":[{"href":"https:\/\/www.huntersfriend.eu\/de\/wp-json\/wp\/v2\/product"}],"about":[{"href":"https:\/\/www.huntersfriend.eu\/de\/wp-json\/wp\/v2\/types\/product"}],"replies":[{"embeddable":true,"href":"https:\/\/www.huntersfriend.eu\/de\/wp-json\/wp\/v2\/comments?post=281113"}],"wp:featuredmedia":[{"embeddable":true,"href":"https:\/\/www.huntersfriend.eu\/de\/wp-json\/wp\/v2\/media\/210971"}],"wp:attachment":[{"href":"https:\/\/www.huntersfriend.eu\/de\/wp-json\/wp\/v2\/media?parent=281113"}],"wp:term":[{"taxonomy":"product_brand","embeddable":true,"href":"https:\/\/www.huntersfriend.eu\/de\/wp-json\/wp\/v2\/product_brand?post=281113"},{"taxonomy":"product_cat","embeddable":true,"href":"https:\/\/www.huntersfriend.eu\/de\/wp-json\/wp\/v2\/product_cat?post=281113"},{"taxonomy":"product_tag","embeddable":true,"href":"https:\/\/www.huntersfriend.eu\/de\/wp-json\/wp\/v2\/product_tag?post=281113"}],"curies":[{"name":"wp","href":"https:\/\/api.w.org\/{rel}","templated":true}]}}