{"id":281101,"date":"2019-02-06T17:20:15","date_gmt":"2025-06-23T09:35:54","guid":{"rendered":"https:\/\/www.huntersfriend.eu\/product\/dead-center-durchmesser-v-bar-halterung\/"},"modified":"2026-03-05T19:15:14","modified_gmt":"2026-03-05T17:15:14","slug":"dead-center-durchmesser-v-bar-halterung","status":"publish","type":"product","link":"https:\/\/www.huntersfriend.eu\/de\/produkt\/dead-center-durchmesser-v-bar-halterung\/","title":{"rendered":"Dead Center Durchmesser V-Bar-Halterung"},"content":{"rendered":"<p><em><b>Gewicht: <\/b>232,5 g<\/em><\/p>\n<p><em>Die Diamond-Serie &#8211; konstruiert f\u00fcr absolute Stabilit\u00e4t und perfekte Balance.<\/em><\/p>\n<p>Verf\u00fcgt \u00fcber das neue TaperLok-Design an jeder Verbindung, welches eine notwendige, unendliche Anpassung erm\u00f6glicht und sich unabh\u00e4ngig vom Gewicht des verwendeten Stabilisators nicht l\u00f6st. Lasergravierte Abstimmungsmarkierungen erm\u00f6glichen eine pr\u00e4zise Positionierung. Hergestellt aus pr\u00e4zisionsgefr\u00e4stem 6061-T6 Aluminium ist diese Halterung \u00e4u\u00dferst stabil und leicht. Sie wird komplett mit dem neuen Diamond-Serie-Schnellverschluss-Einstellarm geliefert, der f\u00fcr zus\u00e4tzliche Steifigkeit, Festigkeit und Oberfl\u00e4chenkontakt sorgt, um Flexibilit\u00e4t und Bewegung von Schuss zu Schuss zu minimieren.   <\/p>\n<p><b>F\u00fcr Dead Center Stabilisator-Produkte, die nicht auf unserer Website gezeigt werden, kontaktieren Sie uns bitte direkt. Wir sind der europ\u00e4ische Vertriebspartner f\u00fcr alle Dead Center Produkte und k\u00f6nnen Ihnen problemlos die gew\u00fcnschte Gr\u00f6\u00dfe und Farbe beschaffen. <\/b><\/p>\n","protected":false},"excerpt":{"rendered":"<p>Einstellarme mit Schnellverschluss<\/p>\n","protected":false},"featured_media":210965,"comment_status":"open","ping_status":"closed","template":"","meta":[],"product_brand":[],"product_cat":[1261],"product_tag":[],"class_list":{"0":"post-281101","1":"product","2":"type-product","3":"status-publish","4":"has-post-thumbnail","6":"product_cat-v","8":"first","9":"instock","10":"taxable","11":"shipping-taxable","12":"purchasable","13":"product-type-simple"},"composite_virtual":false,"composite_layout":"","composite_add_to_cart_form_location":"","composite_editable_in_cart":false,"composite_sold_individually_context":"","composite_shop_price_calc":"","composite_components":[],"composite_scenarios":[],"group_of_quantity":0,"min_quantity":0,"max_quantity":"","exclude_order_quantity_value_rules":"no","exclude_category_quantity_rules":"no","combine_variations":"no","exclude_global_add_ons":[],"addons":[],"_links":{"self":[{"href":"https:\/\/www.huntersfriend.eu\/de\/wp-json\/wp\/v2\/product\/281101","targetHints":{"allow":["GET"]}}],"collection":[{"href":"https:\/\/www.huntersfriend.eu\/de\/wp-json\/wp\/v2\/product"}],"about":[{"href":"https:\/\/www.huntersfriend.eu\/de\/wp-json\/wp\/v2\/types\/product"}],"replies":[{"embeddable":true,"href":"https:\/\/www.huntersfriend.eu\/de\/wp-json\/wp\/v2\/comments?post=281101"}],"wp:featuredmedia":[{"embeddable":true,"href":"https:\/\/www.huntersfriend.eu\/de\/wp-json\/wp\/v2\/media\/210965"}],"wp:attachment":[{"href":"https:\/\/www.huntersfriend.eu\/de\/wp-json\/wp\/v2\/media?parent=281101"}],"wp:term":[{"taxonomy":"product_brand","embeddable":true,"href":"https:\/\/www.huntersfriend.eu\/de\/wp-json\/wp\/v2\/product_brand?post=281101"},{"taxonomy":"product_cat","embeddable":true,"href":"https:\/\/www.huntersfriend.eu\/de\/wp-json\/wp\/v2\/product_cat?post=281101"},{"taxonomy":"product_tag","embeddable":true,"href":"https:\/\/www.huntersfriend.eu\/de\/wp-json\/wp\/v2\/product_tag?post=281101"}],"curies":[{"name":"wp","href":"https:\/\/api.w.org\/{rel}","templated":true}]}}