{"id":281094,"date":"2018-12-21T08:44:07","date_gmt":"2025-06-23T09:35:49","guid":{"rendered":"https:\/\/www.huntersfriend.eu\/product\/meat-seeker-lung-buster-schaefte\/"},"modified":"2025-08-27T14:12:07","modified_gmt":"2025-08-27T12:12:07","slug":"meat-seeker-lung-buster-schaefte","status":"publish","type":"product","link":"https:\/\/www.huntersfriend.eu\/de\/produkt\/meat-seeker-lung-buster-schaefte\/","title":{"rendered":"Meat seeker lung Buster Sch\u00e4fte"},"content":{"rendered":"<p>Lung Busters &#8211; Eine am\u00fcsante Anspielung auf die ber\u00fchmte Bunker Buster Bombe der Vereinigten Staaten! \u201eSchlagen Sie hart zu und zerst\u00f6ren Sie heute einige Lungen!\u201c <\/p>\n<ul>\n<li>6,2 mm Innendurchmesser (0,244 Zoll) Schaft (S-Nocken-Gr\u00f6\u00dfe)<\/li>\n<li>0,003 Zoll Geradheit<\/li>\n<li>Sehr konsistentes Gewicht pro Zoll (GPI)<\/li>\n<li>GPI nach Spine<\/li>\n<\/ul>\n<ul>\n<li style=\"list-style-type: none;\">\n<ul>\n<li>250 &#8211; 10,5 GPI<\/li>\n<li>300 &#8211; 9,3 GPI<\/li>\n<li>340 &#8211; 8,9 GPI<\/li>\n<li>400 &#8211; 8 GPI<\/li>\n<\/ul>\n<\/li>\n<\/ul>\n<ul>\n<li>Hochwertiger Karbon<\/li>\n<li>Zwei \u201eBlutstreifen\u201c pro Schaft zur besseren Erkennung von Blut<\/li>\n<li>Eins\u00e4tze sind aus hochwertigem Legierungsmaterial und wiegen 12 Grain<\/li>\n<li>Hochwertige Nocken mit einem Gewicht von 9 Grain<\/li>\n<\/ul>\n<h3>MEAT SEEKER LUNG BUSTER SPEZIFIKATIONEN<\/h3>\n<table>\n<tbody>\n<tr>\n<td>250er<br \/>\n0,250 \u201eDurchbiegung<br \/>\n10,5 GPI<br \/>\n+\/-0,003\u201c Geradheit<br \/>\n6,2 mm Innendurchmesser<\/td>\n<td>300er<br \/>\n0,300 \u201eDurchbiegung<br \/>\n9,3 GPI<br \/>\n+\/-0,003\u201c Geradheit<br \/>\n6,2 mm Innendurchmesser<\/td>\n<td>340er<br \/>\n0,340 \u201eDurchbiegung<br \/>\n8,9 GPI<br \/>\n+\/-0,003\u201c Geradheit<br \/>\n6,2 mm Innendurchmesser<\/td>\n<td>400er<br \/>\n0,400 \u201eDurchbiegung<br \/>\n8,0 GPI<br \/>\n+\/-0,003\u201c Geradheit<br \/>\n6,2 mm Innendurchmesser<\/td>\n<\/tr>\n<\/tbody>\n<\/table>\n<p><span lang=\"EN-US\">Diese Spine-Tabelle ist f\u00fcr moderne Compound-B\u00f6gen mit IBO-Geschwindigkeiten zwischen 280-330 fps normalisiert. F\u00fcr schnellere B\u00f6gen lesen Sie die Tabelle einen Block nach unten und rechts. F\u00fcr langsamere B\u00f6gen lesen Sie die Tabelle einen Block nach oben und links. Die Tabelle ist nicht f\u00fcr traditionelle B\u00f6gen anwendbar. HINWEIS: Die tats\u00e4chlichen Pfeil-Spine-Durchbiegungen entsprechen nicht notwendigerweise den vom Hersteller vermarkteten Spine-Gr\u00f6\u00dfen (Gold Tip 5575, Carbon Force 200, Carbon Express 60\/75 usw.). Die Spine-Gr\u00f6\u00dfensysteme der Hersteller      <\/span><strong><span lang=\"EN-US\">k\u00f6nnen willk\u00fcrlich sein<\/span><\/strong><span lang=\"EN-US\"> (100, 200, 300, 400) und spiegeln m\u00f6glicherweise nicht die tats\u00e4chlichen Spine-Durchbiegungen der Pfeile wider. Beispielsweise hat ein &#8222;Carbon Express Maxima 250&#8243; eine tats\u00e4chliche Spine-Durchbiegung von 0,404&#8243;, nicht 0,250&#8220;, wie die Gr\u00f6\u00dfenangabe vermuten l\u00e4sst. In diesem Fall ist das Bewertungssystem willk\u00fcrlich. Um auf der sicheren Seite zu sein, gehen Sie NICHT davon aus, dass die ver\u00f6ffentlichte Spine-Gr\u00f6\u00dfe eines Pfeils mit der tats\u00e4chlichen Durchbiegung des Pfeils \u00fcbereinstimmt. Beachten Sie die tats\u00e4chlichen Pfeilspezifikationsdaten oben, bevor Sie diese Tabelle verwenden, um eine geeignete Spine-Steifigkeit f\u00fcr Ihren Bogen auszuw\u00e4hlen.     <em><strong>Wenn Sie Hilfe ben\u00f6tigen, rufen Sie unseren Pro-Shop unter +358 45 208 6292 an oder schreiben Sie uns eine E-Mail f\u00fcr Unterst\u00fctzung.<\/strong><\/em><\/span><\/p>\n<p><strong>BITTE GEBEN SIE IM INFORMATIONSFELD BEIM AUSCHECKEN AN, OB SIE DIE PFEILE AUF EINE BESTIMMTE L\u00c4NGE GESCHNITTEN UND\/ODER DIE EINS\u00c4TZE INSTALLIERT HABEN M\u00d6CHTEN!<\/strong><\/p>\n","protected":false},"excerpt":{"rendered":"<p>Erh\u00e4ltlich in den Spinest\u00e4rken 250, 300, 340, 400 und 500 mit integrierten Nocken und Eins\u00e4tzen.<\/p>\n","protected":false},"featured_media":211782,"comment_status":"open","ping_status":"closed","template":"","meta":[],"product_brand":[],"product_cat":[1105],"product_tag":[],"class_list":{"0":"post-281094","1":"product","2":"type-product","3":"status-publish","4":"has-post-thumbnail","6":"product_cat-karbon-jagd-schaefte","8":"first","9":"instock","10":"featured","11":"taxable","12":"shipping-taxable","13":"purchasable","14":"product-type-variable"},"composite_virtual":false,"composite_layout":"","composite_add_to_cart_form_location":"","composite_editable_in_cart":false,"composite_sold_individually_context":"","composite_shop_price_calc":"","composite_components":[],"composite_scenarios":[],"group_of_quantity":0,"min_quantity":0,"max_quantity":"","exclude_order_quantity_value_rules":"no","exclude_category_quantity_rules":"no","combine_variations":"no","exclude_global_add_ons":false,"addons":[{"name":"Zuschnitt","type":"multiple_choice","position":0,"required":true,"title_format":"label","default":"","description_enable":false,"description":null,"placeholder_enable":false,"placeholder":null,"display":"select","restrictions_type":"any_text","adjust_price":false,"price":"","price_type":"flat_fee","restrictions":false,"min":"0","max":"0","options":[{"label":"Nicht schneiden","price":"","price_type":"flat_fee","image":0,"visibility":true},{"label":"Bitte schneiden - f\u00fcgen Sie die gew\u00fcnschte L\u00e4nge im Infofeld beim Auschecken hinzu","price":"","price_type":"flat_fee","image":0,"visibility":true}]},{"name":"Eins\u00e4tze","type":"multiple_choice","position":1,"required":true,"title_format":"label","default":"","description_enable":false,"description":null,"placeholder_enable":false,"placeholder":null,"display":"select","restrictions_type":"any_text","adjust_price":false,"price":"","price_type":"flat_fee","restrictions":false,"min":"0","max":"0","options":[{"label":"Eins\u00e4tze installieren (Dies ist dauerhaft!)","price":"","price_type":"flat_fee","image":0,"visibility":true},{"label":"Eins\u00e4tze nicht installieren (lose beilegen)","price":"","price_type":"flat_fee","image":0,"visibility":true}]}],"_links":{"self":[{"href":"https:\/\/www.huntersfriend.eu\/de\/wp-json\/wp\/v2\/product\/281094","targetHints":{"allow":["GET"]}}],"collection":[{"href":"https:\/\/www.huntersfriend.eu\/de\/wp-json\/wp\/v2\/product"}],"about":[{"href":"https:\/\/www.huntersfriend.eu\/de\/wp-json\/wp\/v2\/types\/product"}],"replies":[{"embeddable":true,"href":"https:\/\/www.huntersfriend.eu\/de\/wp-json\/wp\/v2\/comments?post=281094"}],"wp:featuredmedia":[{"embeddable":true,"href":"https:\/\/www.huntersfriend.eu\/de\/wp-json\/wp\/v2\/media\/211782"}],"wp:attachment":[{"href":"https:\/\/www.huntersfriend.eu\/de\/wp-json\/wp\/v2\/media?parent=281094"}],"wp:term":[{"taxonomy":"product_brand","embeddable":true,"href":"https:\/\/www.huntersfriend.eu\/de\/wp-json\/wp\/v2\/product_brand?post=281094"},{"taxonomy":"product_cat","embeddable":true,"href":"https:\/\/www.huntersfriend.eu\/de\/wp-json\/wp\/v2\/product_cat?post=281094"},{"taxonomy":"product_tag","embeddable":true,"href":"https:\/\/www.huntersfriend.eu\/de\/wp-json\/wp\/v2\/product_tag?post=281094"}],"curies":[{"name":"wp","href":"https:\/\/api.w.org\/{rel}","templated":true}]}}