{"id":281093,"date":"2019-02-06T15:20:15","date_gmt":"2025-06-23T09:35:49","guid":{"rendered":"https:\/\/www.huntersfriend.eu\/product\/dead-center-diamond-einzel-offset-hoyt\/"},"modified":"2025-06-23T11:35:49","modified_gmt":"2025-06-23T09:35:49","slug":"dead-center-diamond-einzel-offset-hoyt","status":"publish","type":"product","link":"https:\/\/www.huntersfriend.eu\/de\/produkt\/dead-center-diamond-einzel-offset-hoyt\/","title":{"rendered":"Dead Center Diamond Einzel-Offset &#8211; Hoyt"},"content":{"rendered":"<p><strong>HOYT-SPEZIFISCHE Halterung<\/strong><\/p>\n<p><strong>F\u00fcr Rechts- oder Linksh\u00e4nder<\/p>\n<p>Gewicht: <\/strong>4,4 Unzen<\/p>\n<p>Die<em> Diamond-Serie &#8211; entwickelt f\u00fcr felsenfeste Leistung und perfekte Balance.<\/em><\/p>\n<p>Verf\u00fcgt \u00fcber unser neues TaperLok-Design an jeder Verbindungsstelle, das eine notwendige unendliche Anpassung erm\u00f6glicht und sich unabh\u00e4ngig vom Gewicht, das am Stabilisator verwendet wird, nicht l\u00f6st. Lasergravierte Abstimmungsmarkierungen erm\u00f6glichen eine pr\u00e4zise Positionierung. Hergestellt aus pr\u00e4zisionsgefr\u00e4stem 6061-T6 Aluminium ist diese Halterung \u00e4u\u00dferst stabil und leicht. Wird komplett mit dem neuen Quick Disconnect Adjusting Arm der Diamond-Serie geliefert, f\u00fcr zus\u00e4tzliche Stabilit\u00e4t, Festigkeit und Oberfl\u00e4chenkontakt, um Flexibilit\u00e4t und Bewegung Schuss f\u00fcr Schuss zu minimieren.   <\/p>\n<p><b>F\u00fcr Dead Center Stabilisator-Produkte, die nicht auf unserer Website gezeigt werden, kontaktieren Sie uns bitte direkt. Wir sind der europ\u00e4ische Vertriebspartner f\u00fcr alle Dead Center Produkte und k\u00f6nnen Ihnen problemlos die gew\u00fcnschte Gr\u00f6\u00dfe und Farbe beschaffen. <\/b><\/p>\n","protected":false},"excerpt":{"rendered":"<p>F\u00fcr Hoyt-B\u00f6gen<\/p>\n","protected":false},"featured_media":210956,"comment_status":"open","ping_status":"closed","template":"","meta":[],"product_brand":[],"product_cat":[1262,1266],"product_tag":[],"class_list":{"0":"post-281093","1":"product","2":"type-product","3":"status-publish","4":"has-post-thumbnail","6":"product_cat-winkelmontagen-und-schnellverbinder","7":"product_cat-versatz-und-seitenmontagen","9":"first","10":"instock","11":"taxable","12":"shipping-taxable","13":"purchasable","14":"product-type-simple"},"composite_virtual":false,"composite_layout":"","composite_add_to_cart_form_location":"","composite_editable_in_cart":false,"composite_sold_individually_context":"","composite_shop_price_calc":"","composite_components":[],"composite_scenarios":[],"group_of_quantity":0,"min_quantity":0,"max_quantity":"","exclude_order_quantity_value_rules":"no","exclude_category_quantity_rules":"no","combine_variations":"no","exclude_global_add_ons":[],"addons":[],"_links":{"self":[{"href":"https:\/\/www.huntersfriend.eu\/de\/wp-json\/wp\/v2\/product\/281093","targetHints":{"allow":["GET"]}}],"collection":[{"href":"https:\/\/www.huntersfriend.eu\/de\/wp-json\/wp\/v2\/product"}],"about":[{"href":"https:\/\/www.huntersfriend.eu\/de\/wp-json\/wp\/v2\/types\/product"}],"replies":[{"embeddable":true,"href":"https:\/\/www.huntersfriend.eu\/de\/wp-json\/wp\/v2\/comments?post=281093"}],"wp:featuredmedia":[{"embeddable":true,"href":"https:\/\/www.huntersfriend.eu\/de\/wp-json\/wp\/v2\/media\/210956"}],"wp:attachment":[{"href":"https:\/\/www.huntersfriend.eu\/de\/wp-json\/wp\/v2\/media?parent=281093"}],"wp:term":[{"taxonomy":"product_brand","embeddable":true,"href":"https:\/\/www.huntersfriend.eu\/de\/wp-json\/wp\/v2\/product_brand?post=281093"},{"taxonomy":"product_cat","embeddable":true,"href":"https:\/\/www.huntersfriend.eu\/de\/wp-json\/wp\/v2\/product_cat?post=281093"},{"taxonomy":"product_tag","embeddable":true,"href":"https:\/\/www.huntersfriend.eu\/de\/wp-json\/wp\/v2\/product_tag?post=281093"}],"curies":[{"name":"wp","href":"https:\/\/api.w.org\/{rel}","templated":true}]}}