{"id":281083,"date":"2019-02-13T13:31:32","date_gmt":"2019-02-13T13:31:32","guid":{"rendered":"https:\/\/www.huntersfriend.eu\/product\/gold-tip-hunter-massgeschneiderte-pfeile\/"},"modified":"2026-04-24T07:51:10","modified_gmt":"2026-04-24T05:51:10","slug":"gold-tip-hunter-massgeschneiderte-pfeile","status":"publish","type":"product","link":"https:\/\/www.huntersfriend.eu\/de\/produkt\/gold-tip-hunter-massgeschneiderte-pfeile\/","title":{"rendered":"Gold Tip Hunter Custom-Pfeile"},"content":{"rendered":"<p><em><strong>Alle Custom-Pfeile werden handgefertigt und nach Ihren W\u00fcnschen vorbereitet. Nach der Fertigstellung ben\u00f6tigen Sie nur noch eine \u00dcbungsspitze oder Jagdspitze, und schon sind Sie schussbereit. <\/strong><\/em><\/p>\n<p>Der Gold Tip Hunter basiert auf dem vielseitigsten Pfeil, der je hergestellt wurde \u2013 dem Original, das Gold Tip bekannt gemacht hat. Wenn Sie einen Pfeil w\u00e4hlen m\u00fcssten, der ein Leben lang h\u00e4lt, w\u00e4re es die Hunter-Serie. Ein mittelschwerer Pfeil, der Geschwindigkeit und Durchschlagskraft perfekt ausbalanciert und f\u00fcr jede Situation bereit ist. Gefertigt mit der Smart Carbon Technology von Gold Tip f\u00fcr un\u00fcbertroffene Haltbarkeit und Geradheit.   <\/p>\n<h3>GOLD TIP HUNTER SPEZIFIKATIONEN:<\/h3>\n<table>\n<tbody>\n<tr>\n<td><strong>300er<\/strong><br \/>\n0,300&#8243; Durchbiegung<br \/>\n9,3 GPI<br \/>\n+\/-0,006&#8243; Geradheit<br \/>\n0,302&#8243; A.D.<\/td>\n<td><strong>340er<\/strong><br \/>\n0,340&#8243; Durchbiegung<br \/>\n8,9 GPI<br \/>\n+\/-0,006&#8243; Geradheit<br \/>\n0,300&#8243; A.D.<\/td>\n<td><strong>400er<\/strong><br \/>\n0,400&#8243; Durchbiegung<br \/>\n8,2 GPI<br \/>\n+\/-0,006&#8243; Geradheit<br \/>\n0,295&#8243; A.D.<\/td>\n<td><strong>500er<\/strong><br \/>\n0,500&#8243; Durchbiegung<br \/>\n7,3 GPI<br \/>\n+\/-0,006&#8243; Geradheit<br \/>\n0,291&#8243; A.D.<\/td>\n<\/tr>\n<\/tbody>\n<\/table>\n<p><span lang=\"EN-US\">Diese Spine-Tabelle ist f\u00fcr moderne Compoundb\u00f6gen mit IBO-Geschwindigkeiten zwischen 280\u2013330 fps normiert. Bei schnelleren B\u00f6gen lesen Sie die Tabelle ein Feld weiter unten rechts ab. Bei langsameren B\u00f6gen ein Feld weiter oben links. Die Tabelle gilt nicht f\u00fcr traditionelle B\u00f6gen. HINWEIS: Die tats\u00e4chliche Spine-Durchbiegung stimmt nicht unbedingt mit den vom Hersteller vermarkteten Spine-Gr\u00f6\u00dfen \u00fcberein (Gold Tip 5575, Carbon Force 200, Carbon Express 60\/75 usw.). Die Spine-Gr\u00f6\u00dfensysteme der Hersteller       <\/span><strong><span lang=\"EN-US\">k\u00f6nnen willk\u00fcrlich sein<\/span><\/strong><span lang=\"EN-US\">  (100, 200, 300, 400) und spiegeln m\u00f6glicherweise nicht die tats\u00e4chliche Spine-Durchbiegung der Pfeile wider. Zum Beispiel hat ein \u201eCarbon Express Maxima 250\u201c eine tats\u00e4chliche Durchbiegung von 0,404&#8243; und nicht 0,250&#8243;, wie die Bezeichnung vermuten l\u00e4sst. In diesem Fall ist das Bewertungssystem willk\u00fcrlich. Gehen Sie zur Sicherheit NICHT davon aus, dass die ver\u00f6ffentlichte Spine-Gr\u00f6\u00dfe eines Pfeils mit seiner tats\u00e4chlichen Durchbiegung \u00fcbereinstimmt. Beachten Sie die oben genannten Spezifikationsdaten, bevor Sie diese Tabelle verwenden, um die passende Spine-Steifigkeit f\u00fcr Ihren Bogen auszuw\u00e4hlen.      <em><strong>Wenn Sie Hilfe ben\u00f6tigen, rufen Sie unseren Pro-Shop unter +358 45 208 6292 an oder schreiben Sie uns eine E-Mail.<\/strong><\/em><\/span><\/p>\n<p><strong>STANDARDISIERTE PFEIL-SPINE\/DURCHBIEGUNGS-TABELLEN<\/strong><\/p>\n<p>Diese Tabelle ist f\u00fcr moderne Compoundb\u00f6gen mit IBO-Geschwindigkeiten zwischen 280\u2013330 fps normiert. Bei schnelleren B\u00f6gen lesen Sie die Tabelle ein Feld weiter unten rechts ab. Bei langsameren B\u00f6gen ein Feld weiter oben links. Die Tabelle gilt nicht f\u00fcr traditionelle B\u00f6gen.    HINWEIS: Die tats\u00e4chliche Spine-Durchbiegung stimmt nicht unbedingt mit den vom Hersteller vermarkteten Spine-Gr\u00f6\u00dfen \u00fcberein (Gold Tip 5575, Carbon Force 200, Carbon Express 60\/75 usw.). Die Spine-Gr\u00f6\u00dfensysteme der Hersteller <strong>k\u00f6nnen willk\u00fcrlich sein<\/strong> (100, 200, 300, 400) und spiegeln m\u00f6glicherweise nicht die tats\u00e4chliche Spine-Durchbiegung der Pfeile wider. Zum Beispiel hat ein \u201eCarbon Express Maxima 250\u201c eine tats\u00e4chliche Durchbiegung von 0,404&#8243; und nicht 0,250&#8243;, wie die Bezeichnung vermuten l\u00e4sst. In diesem Fall ist das Bewertungssystem willk\u00fcrlich. Gehen Sie zur Sicherheit NICHT davon aus, dass die ver\u00f6ffentlichte Spine-Gr\u00f6\u00dfe eines Pfeils mit seiner tats\u00e4chlichen Durchbiegung \u00fcbereinstimmt. Beachten Sie die oben genannten Spezifikationsdaten, bevor Sie diese Tabelle verwenden, um die passende Spine-Steifigkeit f\u00fcr Ihren Bogen auszuw\u00e4hlen. Wenn Sie Hilfe ben\u00f6tigen, rufen Sie unseren Pro-Shop an oder schreiben Sie uns eine E-Mail.      <\/p>\n<p><strong>\u00dcBER UNSER CUSTOM-PFEIL-PROGRAMM:<\/strong><\/p>\n<p><strong>JEDER PFEIL WIRD VON HAND AUS BLANKEN SCH\u00c4FTEN GEFERTIGT. Dadurch erhalten wir gewisse Vorteile in der Herstellung gegen\u00fcber anderen Pfeilen der Wettbewerber.<\/strong> Jeder Rohschaft und seine Komponenten werden vor der Montage auf Herstellungsfehler gepr\u00fcft. Jeder Schaft wird ordnungsgem\u00e4\u00df vorbereitet und jede Befiederung wird von Hand auf korrekte Haftung kontrolliert. Danach werden alle Nocken ausgerichtet und jeder Pfeil auf einer unserer Hochgeschwindigkeits-Pfeils\u00e4gen mit 8.000 U\/min nach Ihren Vorgaben gek\u00fcrzt. Anschlie\u00dfend montieren wir Ihre Inserts und \u00dcbungsspitzen (falls separat bestellt) und reinigen die Pfeile von \u00d6l- oder Kleber\u00fcckst\u00e4nden. Fertige Pfeils\u00e4tze m\u00fcssen eine gr\u00fcndliche Mehrpunkt-Inspektion bestehen, bevor sie f\u00fcr den Versand an unsere Kunden freigegeben werden. Wir wissen, dass wir hier keine ballistischen Raketen bauen, aber wir nehmen unsere Pfeile sehr ernst. Wenn Ihre Custom-Pfeile ankommen, m\u00f6chten wir, dass Sie beeindruckt sind. Unsere Custom-Pfeile werden exakt nach Ihren Spezifikationen geliefert und sind zu 100 % schussbereit. Dies ist die Art von Service, die man nur in einem echten Bogensport-Pro-Shop erh\u00e4lt, und wir sind stolz darauf, einen Qualit\u00e4tsstandard zu setzen, den eine Maschine einfach nicht erreichen kann.        <\/p>\n<p><strong> JEDER PFEIL IST DIREKT ZUM SCHIESSEN BEREIT Lassen Sie sich nicht von den sogenannten &#8222;field ready arrows&#8220; t\u00e4uschen, die in gro\u00dfen L\u00e4den und bei vielen H\u00e4ndlern angeboten werden.<\/strong> Dabei handelt es sich <u>nicht<\/u> um fertige Pfeile. Pfeile von der Stange sind lediglich Rohsch\u00e4fte in voller L\u00e4nge, die maschinell mit den g\u00fcnstigsten verf\u00fcgbaren Materialien (oft aus \u00dcbersee) befiedert wurden. Sie sind definitiv NICHT einsatzbereit und ihre Qualit\u00e4t ist nicht mit handgefertigten Custom-Pfeilen vergleichbar. Ganz zu schweigen davon, dass der Kunde beim Kauf maschinell befiederter Fertigpfeile kaum Auswahlm\u00f6glichkeiten hat. Meistens bekommt man einfach das, was im Karton ist, und muss damit leben. Wir halten das f\u00fcr einen ziemlich niedrigen Standard.    <\/p>\n<p><strong>SPEZIELL F\u00dcR SIE PRODUZIERT<\/strong>Die handgefertigten Pfeile werden nach ihren angebenen Spezifikationen geschnitten und gebaut. Nichts wird im Voraus gefertigt. Kein Prozess beginnt, bevor Sie Ihre Bestellung aufgegeben haben. Aber seien Sie gewarnt: Sobald wir die Eier aufgeschlagen und mit Ihrem Omelett begonnen haben, k\u00f6nnen wir sie nicht mehr f\u00fcr jemand anderen in die Schale zur\u00fccklegen. Custom-Pfeile k\u00f6nnen nicht wieder auf Lager genommen werden. Sobald sie befiedert, mit Inserts versehen oder gek\u00fcrzt wurden, k\u00f6nnen Bestellungen f\u00fcr Custom-Pfeile nicht mehr storniert, zur\u00fcckgegeben oder umgetauscht werden \u2013 au\u00dfer in seltenen F\u00e4llen von Herstellungsfehlern oder Fehlern des Shops bei der Bestellung. Vergewissern Sie sich also vor der Bestellung Ihrer Spezifikationen. Sobald ein Satz Custom-Pfeile NUR F\u00dcR SIE gebaut wurde, geh\u00f6rt er Ihnen. Nat\u00fcrlich stehen wir bei einem berechtigten Problem gerne hinter unserer Arbeit und bringen die Dinge in Ordnung. Aber das wird nicht n\u00f6tig sein. Wir werden daf\u00fcr sorgen, dass Ihre Pfeile gleich beim ersten Mal fantastisch sind. Sie werden sehen &#8230;          <\/p>\n<p><strong>WIE LANGE DAUERT ES? WANN ERHALTE ICH MEINE PFEILE?   <\/strong>Die Mehrheit (etwa 94 %) unserer Custom-Pro-Shop-Bestellungen wird in 2\u20134 Werktagen bearbeitet, gebaut, gepr\u00fcft und versandt. In den ruhigeren Monaten (Januar\u2013Juli) unterbieten wir diesen Durchschnitt meist um einen Tag. In den gesch\u00e4ftigeren Monaten (August\u2013Dezember) dauert es tendenziell einen Tag l\u00e4nger. Alles in allem ist eine offizielle Lieferzeit von 1\u20135 Tagen die ehrlichste Sch\u00e4tzung, die wir abgeben k\u00f6nnen. Wir wissen, dass unsere Kunden darauf brennen, ihre Ware zu erhalten und loszulegen, deshalb arbeiten wir hart daran, unsere Bestellungen so schnell wie m\u00f6glich auszuliefern. Sollte es zu Problemen oder Ausnahmen kommen, geben wir Ihnen Bescheid.      Generell k\u00f6nnen Sie jedoch davon ausgehen, dass Ihre Custom-Pro-Shop-Bestellung in wenigen Werktagen auf dem Weg ist. Unser Kundenservice-E-Mail-System h\u00e4lt Sie \u00fcber den Status Ihrer Bestellung auf dem Laufenden. Die tats\u00e4chlichen Lieferzeiten variieren je nach Entfernung zum Pro-Shop\/Lager in Finnland.  <\/p>\n<table width=\"948\">\n<tbody>\n<tr>\n<td><\/td>\n<\/tr>\n<\/tbody>\n<\/table>\n","protected":false},"excerpt":{"rendered":"<p>Wir verkaufen in Paketen von 12, 24 Stk. &#8230;<\/p>\n","protected":false},"featured_media":281084,"comment_status":"open","ping_status":"closed","template":"","meta":[],"product_brand":[],"product_cat":[1189],"product_tag":[],"class_list":{"0":"post-281083","1":"product","2":"type-product","3":"status-publish","4":"has-post-thumbnail","6":"product_cat-carbon-handgefertigt","8":"first","9":"onbackorder","10":"taxable","11":"shipping-taxable","12":"purchasable","13":"product-type-composite"},"composite_virtual":false,"composite_layout":"single","composite_add_to_cart_form_location":"default","composite_editable_in_cart":false,"composite_sold_individually_context":"product","composite_shop_price_calc":"min_max","composite_components":[{"id":"1550047357","title":"Pfeilschaft","description":"","query_type":"product_ids","query_ids":[281161],"default_option_id":281161,"thumbnail_id":"","thumbnail_src":"","quantity_min":12,"quantity_max":"","priced_individually":true,"shipped_individually":false,"optional":false,"discount":"","options_style":"dropdowns","pagination_style":"classic","display_prices":"absolute","show_sorting_options":false,"show_filtering_options":false,"attribute_filter_ids":[],"select_action":"view","product_title_visible":true,"product_descr_visible":false,"product_price_visible":false,"product_thumb_visible":false,"subtotal_visible_product":true,"subtotal_visible_cart":true,"subtotal_visible_orders":true,"product_addons_visible":true},{"id":"1550047977","title":"Leitfederfarbe","description":"<p>Dies ist eine der drei Federn am Pfeil. Alle drei Federn m\u00fcssen vom gleichen Typ sein, aber nicht von der gleichen Farbe. <\/p>\n","query_type":"product_ids","query_ids":[281033,281044,281053,281009,280926],"default_option_id":281033,"thumbnail_id":"","thumbnail_src":"","quantity_min":12,"quantity_max":"","priced_individually":false,"shipped_individually":false,"optional":false,"discount":"","options_style":"dropdowns","pagination_style":"classic","display_prices":"absolute","show_sorting_options":false,"show_filtering_options":false,"attribute_filter_ids":[],"select_action":"view","product_title_visible":true,"product_descr_visible":false,"product_price_visible":false,"product_thumb_visible":false,"subtotal_visible_product":true,"subtotal_visible_cart":true,"subtotal_visible_orders":true,"product_addons_visible":true},{"id":"1550047978","title":"Beifederfarbe","description":"<p>Dies sind zwei der drei Federn am Pfeil. Alle drei Federn m\u00fcssen vom gleichen Typ sein, aber nicht von der gleichen Farbe. <\/p>\n","query_type":"product_ids","query_ids":[281033,281044,281053,281009,280926],"default_option_id":281033,"thumbnail_id":"","thumbnail_src":"","quantity_min":24,"quantity_max":"","priced_individually":false,"shipped_individually":false,"optional":false,"discount":"","options_style":"dropdowns","pagination_style":"classic","display_prices":"absolute","show_sorting_options":false,"show_filtering_options":false,"attribute_filter_ids":[],"select_action":"view","product_title_visible":true,"product_descr_visible":false,"product_price_visible":false,"product_thumb_visible":false,"subtotal_visible_product":true,"subtotal_visible_cart":true,"subtotal_visible_orders":true,"product_addons_visible":true}],"composite_scenarios":[],"group_of_quantity":0,"min_quantity":0,"max_quantity":"","exclude_order_quantity_value_rules":"no","exclude_category_quantity_rules":"no","combine_variations":"no","exclude_global_add_ons":false,"addons":[{"name":"Befiederungsstil","type":"multiple_choice","position":0,"required":true,"title_format":"label","default":"","description_enable":false,"description":null,"placeholder_enable":false,"placeholder":null,"display":"select","restrictions_type":"any_text","adjust_price":false,"price":"","price_type":"flat_fee","restrictions":false,"min":"0","max":"0","options":[{"label":"Offset","price":"","price_type":"flat_fee","image":0,"visibility":true},{"label":"Helical","price":"","price_type":"flat_fee","image":0,"visibility":true},{"label":"Gerade","price":"","price_type":"flat_fee","image":0,"visibility":true}],"id":1745494852}],"_links":{"self":[{"href":"https:\/\/www.huntersfriend.eu\/de\/wp-json\/wp\/v2\/product\/281083","targetHints":{"allow":["GET"]}}],"collection":[{"href":"https:\/\/www.huntersfriend.eu\/de\/wp-json\/wp\/v2\/product"}],"about":[{"href":"https:\/\/www.huntersfriend.eu\/de\/wp-json\/wp\/v2\/types\/product"}],"replies":[{"embeddable":true,"href":"https:\/\/www.huntersfriend.eu\/de\/wp-json\/wp\/v2\/comments?post=281083"}],"wp:featuredmedia":[{"embeddable":true,"href":"https:\/\/www.huntersfriend.eu\/de\/wp-json\/wp\/v2\/media\/281084"}],"wp:attachment":[{"href":"https:\/\/www.huntersfriend.eu\/de\/wp-json\/wp\/v2\/media?parent=281083"}],"wp:term":[{"taxonomy":"product_brand","embeddable":true,"href":"https:\/\/www.huntersfriend.eu\/de\/wp-json\/wp\/v2\/product_brand?post=281083"},{"taxonomy":"product_cat","embeddable":true,"href":"https:\/\/www.huntersfriend.eu\/de\/wp-json\/wp\/v2\/product_cat?post=281083"},{"taxonomy":"product_tag","embeddable":true,"href":"https:\/\/www.huntersfriend.eu\/de\/wp-json\/wp\/v2\/product_tag?post=281083"}],"curies":[{"name":"wp","href":"https:\/\/api.w.org\/{rel}","templated":true}]}}