{"id":281078,"date":"2019-03-06T14:15:31","date_gmt":"2025-06-23T09:34:01","guid":{"rendered":"https:\/\/www.huntersfriend.eu\/product\/buck-gardner-ultimate-coaxer-fuchslocker\/"},"modified":"2025-07-11T04:08:11","modified_gmt":"2025-07-11T02:08:11","slug":"buck-gardner-ultimate-coaxer-fuchslocker","status":"publish","type":"product","link":"https:\/\/www.huntersfriend.eu\/de\/produkt\/buck-gardner-ultimate-coaxer-fuchslocker\/","title":{"rendered":"Buck Gardner Ultimate Coaxer &#8211; Fuchslocker"},"content":{"rendered":"<p>Der Buck Gardner Ultimate Coaxer ist ein vielseitiger Locker f\u00fcr mittlere Distanzen, der einen Vogel oder ein Nagetier in Not imitiert. Es handelt sich um einen hervorragenden Allzweck-Pr\u00e4datorenlocker, der aus robustem Polycarbonat gefertigt ist und somit jahrelangen, intensiven Einsatz im Feld gew\u00e4hrleistet. <\/p>\n<ul>\n<li>F\u00fcr F\u00fcchse und Waschb\u00e4ren<\/li>\n<li>Hocht\u00f6nend<\/li>\n<\/ul>\n","protected":false},"excerpt":{"rendered":"<p>Hocht\u00f6nender Kleintier-Notschrei<\/p>\n","protected":false},"featured_media":228099,"comment_status":"open","ping_status":"closed","template":"","meta":[],"product_brand":[],"product_cat":[1181],"product_tag":[2292,2300],"class_list":{"0":"post-281078","1":"product","2":"type-product","3":"status-publish","4":"has-post-thumbnail","6":"product_cat-raubwild-locker","7":"product_tag-anrufen","8":"product_tag-raubwild","10":"first","11":"instock","12":"taxable","13":"shipping-taxable","14":"purchasable","15":"product-type-simple"},"composite_virtual":false,"composite_layout":"","composite_add_to_cart_form_location":"","composite_editable_in_cart":false,"composite_sold_individually_context":"","composite_shop_price_calc":"","composite_components":[],"composite_scenarios":[],"group_of_quantity":0,"min_quantity":0,"max_quantity":"","exclude_order_quantity_value_rules":"no","exclude_category_quantity_rules":"no","combine_variations":"no","exclude_global_add_ons":[],"addons":[],"_links":{"self":[{"href":"https:\/\/www.huntersfriend.eu\/de\/wp-json\/wp\/v2\/product\/281078","targetHints":{"allow":["GET"]}}],"collection":[{"href":"https:\/\/www.huntersfriend.eu\/de\/wp-json\/wp\/v2\/product"}],"about":[{"href":"https:\/\/www.huntersfriend.eu\/de\/wp-json\/wp\/v2\/types\/product"}],"replies":[{"embeddable":true,"href":"https:\/\/www.huntersfriend.eu\/de\/wp-json\/wp\/v2\/comments?post=281078"}],"wp:featuredmedia":[{"embeddable":true,"href":"https:\/\/www.huntersfriend.eu\/de\/wp-json\/wp\/v2\/media\/228099"}],"wp:attachment":[{"href":"https:\/\/www.huntersfriend.eu\/de\/wp-json\/wp\/v2\/media?parent=281078"}],"wp:term":[{"taxonomy":"product_brand","embeddable":true,"href":"https:\/\/www.huntersfriend.eu\/de\/wp-json\/wp\/v2\/product_brand?post=281078"},{"taxonomy":"product_cat","embeddable":true,"href":"https:\/\/www.huntersfriend.eu\/de\/wp-json\/wp\/v2\/product_cat?post=281078"},{"taxonomy":"product_tag","embeddable":true,"href":"https:\/\/www.huntersfriend.eu\/de\/wp-json\/wp\/v2\/product_tag?post=281078"}],"curies":[{"name":"wp","href":"https:\/\/api.w.org\/{rel}","templated":true}]}}