{"id":281073,"date":"2019-02-20T09:33:21","date_gmt":"2025-06-23T09:33:58","guid":{"rendered":"https:\/\/www.huntersfriend.eu\/product\/dead-center-dead-level-hunter-v2\/"},"modified":"2026-03-24T15:33:15","modified_gmt":"2026-03-24T13:33:15","slug":"dead-center-dead-level-hunter-v2","status":"publish","type":"product","link":"https:\/\/www.huntersfriend.eu\/de\/produkt\/dead-center-dead-level-hunter-v2\/","title":{"rendered":"Dead Center Dead Level Hunter V2"},"content":{"rendered":"<div class=\"cat_description\">\n<p><b>Produktspezifikationen<\/b><\/p>\n<p>Stabilisatorl\u00e4nge &#8211; 8 \u201e&amp; 6\u201c oder 10 \u201e&amp; 8\u201c<\/p>\n<\/div>\n<div class=\"cat_description\"><\/div>\n<div class=\"cat_description\">\n<p>Der Dead Level Hunter v2 ist das Streben nach Perfektion &#8211; keine Gimmicks, tats\u00e4chliche Leistung und Verbesserung der Balance Ihres Bogens, damit Sie mehr Pfeile dorthin platzieren k\u00f6nnen, wo Sie es w\u00fcnschen, wenn sich dieser fl\u00fcchtige Moment bietet.<\/p>\n<p>Der Dead Level Hunter v2 ist ein komplettes Set mit allem, was ben\u00f6tigt wird, um praktisch jede Bogenjagd-Konfiguration pr\u00e4zise auszubalancieren und einzustellen, f\u00fcr ein optimales Zielerlebnis und erh\u00f6hte Genauigkeit.<\/p>\n<p><strong>Komplettes System beinhaltet<\/strong> &#8211;<br \/>\n2 Dead Silent Hunting Series &#8211; Carbon V2 Stabilisatoren f\u00fcr vibrationsd\u00e4mpfende Stabilit\u00e4t<br \/>\n1 Diamond Series Combo-Halterung f\u00fcr eine unendlich verstellbare, felsenfeste Verbindung, die sich einfach nicht durch Vibrationen l\u00f6st.<br \/>\n6 Custom Balance 1-Unzen-Gewichte f\u00fcr optimale Balanceeinstellung<br \/>\n2 Aluminium-Gewichtskappen f\u00fcr ein schlankes, fertiges Aussehen<\/p>\n<p><span style=\"color: #339966;\"><strong>F\u00fcr Dead Center-Stabilisatorprodukte, die nicht auf unserer Website gezeigt werden, kontaktieren Sie uns bitte direkt. Wir sind der europ\u00e4ische Vertriebspartner f\u00fcr alle Dead Center-Produkte und k\u00f6nnen Ihnen problemlos die gew\u00fcnschte Gr\u00f6\u00dfe und Farbe beschaffen. <\/strong><\/span><\/p>\n<p><strong>Eingesetzte Technologie &#8211;<\/strong><\/p>\n<\/div>\n<div class=\"cat_description\">\n<table class=\"mceItemTable\" style=\"width: 702px; height: 97px;\">\n<tbody>\n<tr>\n<td><img decoding=\"async\" src=\"https:\/\/www.deadcenterarchery.com\/Diamond-Series-Logo-bw.jpg\" alt=\"Diamond-Serie\" width=\"161\" height=\"52\"><\/td>\n<td>Die Hardware der Diamond-Serie ist pr\u00e4zise konstruiert f\u00fcr felsenfeste Leistung und perfekte Balance.<\/td>\n<\/tr>\n<tr>\n<td><img decoding=\"async\" src=\"https:\/\/www.deadcenterarchery.com\/Pultruded-Carbon.png\" alt=\"Pultrudierter Kohlefaser\" width=\"108\" height=\"54\"><\/td>\n<td>Kohlefaserr\u00f6hren bieten die ultimative Kombination aus Ger\u00e4uschd\u00e4mpfung und Stabilit\u00e4t ohne zus\u00e4tzliches Gewicht oder sp\u00fcrbare Vibrationen.<\/td>\n<\/tr>\n<tr>\n<td><img decoding=\"async\" src=\"https:\/\/www.deadcenterarchery.com\/Stabilizer%20Silencer%20icon.jpg\" alt=\"Stabilisator-Schalld\u00e4mpfer\" width=\"148\" height=\"20\"><\/td>\n<td>\n<div class=\"cat_description\">\u00dcberlegene Vibrationsd\u00e4mpfung und Ger\u00e4uschunterdr\u00fcckung. Hergestellt aus bew\u00e4hrtem BowJax-Material. <\/div>\n<div class=\"cat_description\"><\/div>\n<\/td>\n<\/tr>\n<tr>\n<td><img decoding=\"async\" src=\"https:\/\/www.deadcenterarchery.com\/Custom-Balance-Weights.png\" alt=\"Individuelle Ausgleichsgewichte\" width=\"108\" height=\"54\"><\/td>\n<td>V2 Jagdstabilisatoren beinhalten individuelle Ausgleichsgewichte, die es Ihnen erm\u00f6glichen, Ihre Gewichtskonfiguration an Ihre spezifischen Bed\u00fcrfnisse anzupassen.<\/td>\n<\/tr>\n<\/tbody>\n<\/table>\n<\/div>\n","protected":false},"excerpt":{"rendered":"<p>Aluminium-Serie<\/p>\n","protected":false},"featured_media":66947,"comment_status":"open","ping_status":"closed","template":"","meta":[],"product_brand":[],"product_cat":[1121],"product_tag":[],"class_list":{"0":"post-281073","1":"product","2":"type-product","3":"status-publish","4":"has-post-thumbnail","6":"product_cat-jagd-stabilisatoren","8":"first","9":"instock","10":"taxable","11":"shipping-taxable","12":"purchasable","13":"product-type-variable"},"composite_virtual":false,"composite_layout":"","composite_add_to_cart_form_location":"","composite_editable_in_cart":false,"composite_sold_individually_context":"","composite_shop_price_calc":"","composite_components":[],"composite_scenarios":[],"group_of_quantity":0,"min_quantity":0,"max_quantity":"","exclude_order_quantity_value_rules":"no","exclude_category_quantity_rules":"no","combine_variations":"no","exclude_global_add_ons":[],"addons":[],"_links":{"self":[{"href":"https:\/\/www.huntersfriend.eu\/de\/wp-json\/wp\/v2\/product\/281073","targetHints":{"allow":["GET"]}}],"collection":[{"href":"https:\/\/www.huntersfriend.eu\/de\/wp-json\/wp\/v2\/product"}],"about":[{"href":"https:\/\/www.huntersfriend.eu\/de\/wp-json\/wp\/v2\/types\/product"}],"replies":[{"embeddable":true,"href":"https:\/\/www.huntersfriend.eu\/de\/wp-json\/wp\/v2\/comments?post=281073"}],"wp:featuredmedia":[{"embeddable":true,"href":"https:\/\/www.huntersfriend.eu\/de\/wp-json\/wp\/v2\/media\/66947"}],"wp:attachment":[{"href":"https:\/\/www.huntersfriend.eu\/de\/wp-json\/wp\/v2\/media?parent=281073"}],"wp:term":[{"taxonomy":"product_brand","embeddable":true,"href":"https:\/\/www.huntersfriend.eu\/de\/wp-json\/wp\/v2\/product_brand?post=281073"},{"taxonomy":"product_cat","embeddable":true,"href":"https:\/\/www.huntersfriend.eu\/de\/wp-json\/wp\/v2\/product_cat?post=281073"},{"taxonomy":"product_tag","embeddable":true,"href":"https:\/\/www.huntersfriend.eu\/de\/wp-json\/wp\/v2\/product_tag?post=281073"}],"curies":[{"name":"wp","href":"https:\/\/api.w.org\/{rel}","templated":true}]}}