{"id":281054,"date":"2019-02-19T13:51:57","date_gmt":"2025-06-23T09:33:52","guid":{"rendered":"https:\/\/www.huntersfriend.eu\/product\/dead-center-dead-silent-hunting-aluminium-serie\/"},"modified":"2026-03-26T13:44:22","modified_gmt":"2026-03-26T11:44:22","slug":"dead-center-dead-silent-hunting-aluminium-serie","status":"publish","type":"product","link":"https:\/\/www.huntersfriend.eu\/de\/produkt\/dead-center-dead-silent-hunting-aluminium-serie\/","title":{"rendered":"Dead Center Dead Silent Hunting Aluminium-Serie"},"content":{"rendered":"<p><b>Stabilisator-Spezifikationen &#8211;<br \/>\n<\/b><br \/>\nL\u00e4nge &#8211; 4&#8243;<br \/>\nGewicht &#8211; 4,7 Unzen<\/p>\n<p>L\u00e4nge &#8211; 6&#8243;<\/p>\n<div class=\"cat_description\">\n<p>Gewicht &#8211; 6,4 Unzen<\/p>\n<\/div>\n<div class=\"cat_description\">L\u00e4nge &#8211; 8&#8243;<br \/>\nGewicht &#8211; 7,8 Unzen<\/div>\n<div class=\"cat_description\">\n<p>Die Dead Silent Hunting Stabilisatoren werden aus massivem 7\/8&#8243; Aluminium 6061-T6 Hexagonmaterial gefertigt und sind mit unserer integrierten, nach vorne gerichteten Gewichtstechnologie ausgestattet. Vibrationsd\u00e4mpfende O-Ringe und zwei BowJax machen sie zu einem der ger\u00e4usch\u00e4rmsten Stabilisatoren, die ein J\u00e4ger erwerben kann. Der vordere BowJax ist abnehmbar, wodurch die Option besteht, Gewichte dahinter zu platzieren. Jeder Stabilisator ist mit einer hochbest\u00e4ndigen KolorFusion-Beschichtung versehen.   <\/p>\n<p><strong>F\u00fcr Dead Center-Stabilisatorprodukte, die nicht auf unserer Website gezeigt werden, kontaktieren Sie uns bitte direkt. Wir sind der europ\u00e4ische Vertriebspartner f\u00fcr alle Dead Center-Produkte und k\u00f6nnen Ihnen problemlos die gew\u00fcnschte Gr\u00f6\u00dfe und Farbe beschaffen. <\/strong><\/p>\n<div class=\"cat_description\"><strong>Eingesetzte Technologie &#8211;<\/strong><\/div>\n<div class=\"cat_description\">\n<table class=\"mceItemTable\">\n<tbody>\n<tr>\n<td><img alt=\"\" width=\"108\" height=\"54\"><\/td>\n<td>Jeder Stabilisator ist aus pr\u00e4zisionsgefr\u00e4stem 6061-T6 Aluminium konstruiert. Die Endkappe ist mit einem 1\/4-20 Gewinde versehen, um Custom Balance Gewichte und BowJax Zubeh\u00f6r aufzunehmen. Das Befestigungsende ist mit einem standardm\u00e4\u00dfigen 5\/16-24 Gewindestift ausgestattet, zur Montage am Bogen oder an der Befestigungshardware.  <\/td>\n<\/tr>\n<tr>\n<td><img alt=\"\" width=\"108\" height=\"54\"><\/td>\n<td>Vibrationsd\u00e4mpfende doppelte O-Ringe sind bei allen Dead Silent Series Stabilisatoren installiert, um den Sch\u00fctzen einen ruhigen und stabilen Schuss zu erm\u00f6glichen.<\/td>\n<\/tr>\n<tr>\n<td><img alt=\"\" width=\"108\" height=\"54\"><\/td>\n<td>BowJax Gummid\u00e4mpfungszubeh\u00f6r wird dem Stabilisator f\u00fcr eine ultimative Vibrationsd\u00e4mpfung hinzugef\u00fcgt. Custom Color BowJax Sets sind f\u00fcr ein vollst\u00e4ndig individuelles Erscheinungsbild erh\u00e4ltlich! (separat erh\u00e4ltlich)  <\/td>\n<\/tr>\n<tr>\n<td><img alt=\"\" width=\"108\" height=\"54\"><\/td>\n<td>Custom Balance Gewichte k\u00f6nnen am Ende jedes Dead Silent Hunting Series Stabilisators hinzugef\u00fcgt werden, um die Gewichts- und Ausgleichskonfiguration individuell anzupassen und eine wahre Balance zu erreichen.<br \/>\nBessere Balance = ein besserer Schuss und engere Gruppierungen. Punkt. <\/td>\n<\/tr>\n<\/tbody>\n<\/table>\n<\/div>\n<\/div>\n","protected":false},"excerpt":{"rendered":"<p>Aluminium-Serie<\/p>\n","protected":false},"featured_media":66519,"comment_status":"open","ping_status":"closed","template":"","meta":[],"product_brand":[],"product_cat":[1121,1222],"product_tag":[],"class_list":{"0":"post-281054","1":"product","2":"type-product","3":"status-publish","4":"has-post-thumbnail","6":"product_cat-jagd-stabilisatoren","7":"product_cat-sonderangebote","9":"first","10":"instock","11":"sale","12":"taxable","13":"shipping-taxable","14":"purchasable","15":"product-type-variable"},"composite_virtual":false,"composite_layout":"","composite_add_to_cart_form_location":"","composite_editable_in_cart":false,"composite_sold_individually_context":"","composite_shop_price_calc":"","composite_components":[],"composite_scenarios":[],"group_of_quantity":0,"min_quantity":0,"max_quantity":"","exclude_order_quantity_value_rules":"no","exclude_category_quantity_rules":"no","combine_variations":"no","exclude_global_add_ons":[],"addons":[],"_links":{"self":[{"href":"https:\/\/www.huntersfriend.eu\/de\/wp-json\/wp\/v2\/product\/281054","targetHints":{"allow":["GET"]}}],"collection":[{"href":"https:\/\/www.huntersfriend.eu\/de\/wp-json\/wp\/v2\/product"}],"about":[{"href":"https:\/\/www.huntersfriend.eu\/de\/wp-json\/wp\/v2\/types\/product"}],"replies":[{"embeddable":true,"href":"https:\/\/www.huntersfriend.eu\/de\/wp-json\/wp\/v2\/comments?post=281054"}],"wp:featuredmedia":[{"embeddable":true,"href":"https:\/\/www.huntersfriend.eu\/de\/wp-json\/wp\/v2\/media\/66519"}],"wp:attachment":[{"href":"https:\/\/www.huntersfriend.eu\/de\/wp-json\/wp\/v2\/media?parent=281054"}],"wp:term":[{"taxonomy":"product_brand","embeddable":true,"href":"https:\/\/www.huntersfriend.eu\/de\/wp-json\/wp\/v2\/product_brand?post=281054"},{"taxonomy":"product_cat","embeddable":true,"href":"https:\/\/www.huntersfriend.eu\/de\/wp-json\/wp\/v2\/product_cat?post=281054"},{"taxonomy":"product_tag","embeddable":true,"href":"https:\/\/www.huntersfriend.eu\/de\/wp-json\/wp\/v2\/product_tag?post=281054"}],"curies":[{"name":"wp","href":"https:\/\/api.w.org\/{rel}","templated":true}]}}