{"id":281053,"date":"2019-03-03T12:01:27","date_gmt":"2019-03-03T10:01:27","guid":{"rendered":"https:\/\/www.huntersfriend.eu\/product\/vanetec-super-spine-befiederung\/"},"modified":"2026-04-10T11:39:49","modified_gmt":"2026-04-10T09:39:49","slug":"vanetec-super-spine-befiederung","status":"publish","type":"product","link":"https:\/\/www.huntersfriend.eu\/de\/produkt\/vanetec-super-spine-befiederung\/","title":{"rendered":"Vanetec Super Spine Befiederung"},"content":{"rendered":"<h4>Super Spine Serie 2,3 \u201eoder 3,0\u201c<\/h4>\n<p>Flache, leichtgewichtige Befiederungen, die f\u00fcr extreme Pr\u00e4zision bei Weitsch\u00fcssen im Gel\u00e4nde, 3D-Bogenschie\u00dfen und Jagdsituationen konzipiert sind. Super Spine Befiederungen erzeugen weniger Windabdrift, um eine flachere Flugbahn beizubehalten. <\/p>\n<p>&nbsp;<\/p>\n<p>&nbsp;<\/p>\n<p>&nbsp;<\/p>\n<p>&nbsp;<\/p>\n<hr class=\"red\">\n<div id=\"att-instr-links\"><\/div>\n","protected":false},"excerpt":{"rendered":"<p>Pr\u00e4ziseste Befiederung f\u00fcr weite Distanzen.<\/p>\n","protected":false},"featured_media":70321,"comment_status":"open","ping_status":"closed","template":"","meta":[],"product_brand":[],"product_cat":[1097,1222],"product_tag":[],"class_list":{"0":"post-281053","1":"product","2":"type-product","3":"status-publish","4":"has-post-thumbnail","6":"product_cat-fletching-de","7":"product_cat-sonderangebote","9":"first","10":"instock","11":"sale","12":"taxable","13":"shipping-taxable","14":"purchasable","15":"product-type-variable"},"composite_virtual":false,"composite_layout":"","composite_add_to_cart_form_location":"","composite_editable_in_cart":false,"composite_sold_individually_context":"","composite_shop_price_calc":"","composite_components":[],"composite_scenarios":[],"group_of_quantity":0,"min_quantity":0,"max_quantity":"","exclude_order_quantity_value_rules":"no","exclude_category_quantity_rules":"no","combine_variations":"no","exclude_global_add_ons":[],"addons":[],"_links":{"self":[{"href":"https:\/\/www.huntersfriend.eu\/de\/wp-json\/wp\/v2\/product\/281053","targetHints":{"allow":["GET"]}}],"collection":[{"href":"https:\/\/www.huntersfriend.eu\/de\/wp-json\/wp\/v2\/product"}],"about":[{"href":"https:\/\/www.huntersfriend.eu\/de\/wp-json\/wp\/v2\/types\/product"}],"replies":[{"embeddable":true,"href":"https:\/\/www.huntersfriend.eu\/de\/wp-json\/wp\/v2\/comments?post=281053"}],"wp:featuredmedia":[{"embeddable":true,"href":"https:\/\/www.huntersfriend.eu\/de\/wp-json\/wp\/v2\/media\/70321"}],"wp:attachment":[{"href":"https:\/\/www.huntersfriend.eu\/de\/wp-json\/wp\/v2\/media?parent=281053"}],"wp:term":[{"taxonomy":"product_brand","embeddable":true,"href":"https:\/\/www.huntersfriend.eu\/de\/wp-json\/wp\/v2\/product_brand?post=281053"},{"taxonomy":"product_cat","embeddable":true,"href":"https:\/\/www.huntersfriend.eu\/de\/wp-json\/wp\/v2\/product_cat?post=281053"},{"taxonomy":"product_tag","embeddable":true,"href":"https:\/\/www.huntersfriend.eu\/de\/wp-json\/wp\/v2\/product_tag?post=281053"}],"curies":[{"name":"wp","href":"https:\/\/api.w.org\/{rel}","templated":true}]}}