{"id":281052,"date":"2019-02-28T18:20:28","date_gmt":"2019-02-28T16:20:28","guid":{"rendered":"https:\/\/www.huntersfriend.eu\/product\/vanetec-vt-2000-befiederungsklebstoff\/"},"modified":"2026-04-10T11:39:39","modified_gmt":"2026-04-10T09:39:39","slug":"vanetec-vt-2000-befiederungsklebstoff","status":"publish","type":"product","link":"https:\/\/www.huntersfriend.eu\/de\/produkt\/vanetec-vt-2000-befiederungsklebstoff\/","title":{"rendered":"Vanetec VT-2000 Befiederungsklebstoff"},"content":{"rendered":"<p><strong>Beschreibung: <\/strong>Der VT-2000 Handbefiederungsklebstoff (0,7 Unzen Flasche) ist die n\u00e4chste Generation des renommierten VT-1000 Klebstoffs von VaneTec. Er \u00fcbertrifft alle anderen getesteten Produkte und bietet eine beeindruckende Liste von Vorteilen, einschlie\u00dflich: <\/p>\n<ul>\n<li>Schnelle Fixierzeit, die das Ein\u00e4tzen in die Befiederungsoberfl\u00e4che erm\u00f6glicht<\/li>\n<li>Produktfrische*, die eine schnelle Trocknungszeit garantiert, um ein Kr\u00e4useln der Befiederung zu verhindern<\/li>\n<li>Schnelle Trocknung bei k\u00fchlen Temperaturen<\/li>\n<li>Schnelle Trocknung bei niedriger Luftfeuchtigkeit<\/li>\n<li>Funktioniert auf schwierigen Oberfl\u00e4chen, einschlie\u00dflich gl\u00e4nzender Sch\u00e4fte<\/li>\n<li>Perfekte Viskosit\u00e4t f\u00fcr das Auftragen einer kleinen Raupe; Produkt reicht doppelt so weit<\/li>\n<li>Sinnvolles Flaschendesign mit feiner Kegelspitze und weicher Druckapplikation<\/li>\n<\/ul>\n<p>*VT-2000 wird stets frisch verkauft.<\/p>\n<p><strong>Anleitung:<\/strong> Pfeile durch Waschen in einer (50%igen) L\u00f6sung aus Simple Green\u00ae und warmem Wasser vorbereiten. Sch\u00e4fte 5-10 Minuten einweichen, mit warmem Wasser absp\u00fclen und vollst\u00e4ndig an der Luft trocknen lassen. Eine d\u00fcnne Raupe VT-2000 auftragen und unter Verwendung einer gut ausgerichteten Vorrichtung 5-8 Sekunden lang fest andr\u00fccken. Klemme vorsichtig entfernen und f\u00fcr beste Ergebnisse \u00fcber Nacht aush\u00e4rten lassen. Falls sich die Enden der Befiederung nach dem Entfernen der Klemme anheben, mehr Druck aus\u00fcben.    <\/p>\n<p><strong>Tipps:<\/strong> Alle Pfeilbefiederungskomponenten vor dem Befiedern auf Raumtemperatur erw\u00e4rmen (20\u00b0C oder w\u00e4rmer). Gl\u00e4nzende Sch\u00e4fte m\u00fcssen vor dem Einweichen in einer Simple Green\u00ae-L\u00f6sung aufgeraut oder angeschliffen werden. Keine L\u00f6sungsmittel verwenden!  <\/p>\n","protected":false},"excerpt":{"rendered":"<p>20 Gramm<\/p>\n","protected":false},"featured_media":210997,"comment_status":"open","ping_status":"closed","template":"","meta":[],"product_brand":[],"product_cat":[2765,2988,876],"product_tag":[],"class_list":{"0":"post-281052","1":"product","2":"type-product","3":"status-publish","4":"has-post-thumbnail","6":"product_cat-fyndlada-slutrea","7":"product_cat-lim-och-fastmedel","8":"product_cat-bargain-bin-close-outs","10":"first","11":"instock","12":"sale","13":"taxable","14":"shipping-taxable","15":"purchasable","16":"product-type-simple"},"composite_virtual":false,"composite_layout":"","composite_add_to_cart_form_location":"","composite_editable_in_cart":false,"composite_sold_individually_context":"","composite_shop_price_calc":"","composite_components":[],"composite_scenarios":[],"group_of_quantity":0,"min_quantity":0,"max_quantity":"","exclude_order_quantity_value_rules":"no","exclude_category_quantity_rules":"no","combine_variations":"no","exclude_global_add_ons":[],"addons":[],"_links":{"self":[{"href":"https:\/\/www.huntersfriend.eu\/de\/wp-json\/wp\/v2\/product\/281052","targetHints":{"allow":["GET"]}}],"collection":[{"href":"https:\/\/www.huntersfriend.eu\/de\/wp-json\/wp\/v2\/product"}],"about":[{"href":"https:\/\/www.huntersfriend.eu\/de\/wp-json\/wp\/v2\/types\/product"}],"replies":[{"embeddable":true,"href":"https:\/\/www.huntersfriend.eu\/de\/wp-json\/wp\/v2\/comments?post=281052"}],"wp:featuredmedia":[{"embeddable":true,"href":"https:\/\/www.huntersfriend.eu\/de\/wp-json\/wp\/v2\/media\/210997"}],"wp:attachment":[{"href":"https:\/\/www.huntersfriend.eu\/de\/wp-json\/wp\/v2\/media?parent=281052"}],"wp:term":[{"taxonomy":"product_brand","embeddable":true,"href":"https:\/\/www.huntersfriend.eu\/de\/wp-json\/wp\/v2\/product_brand?post=281052"},{"taxonomy":"product_cat","embeddable":true,"href":"https:\/\/www.huntersfriend.eu\/de\/wp-json\/wp\/v2\/product_cat?post=281052"},{"taxonomy":"product_tag","embeddable":true,"href":"https:\/\/www.huntersfriend.eu\/de\/wp-json\/wp\/v2\/product_tag?post=281052"}],"curies":[{"name":"wp","href":"https:\/\/api.w.org\/{rel}","templated":true}]}}