{"id":281051,"date":"2019-03-06T14:15:30","date_gmt":"2025-06-23T09:33:33","guid":{"rendered":"https:\/\/www.huntersfriend.eu\/product\/buck-gardner-notkaninchen-plus-maeusepfeife\/"},"modified":"2025-07-12T05:08:12","modified_gmt":"2025-07-12T03:08:12","slug":"buck-gardner-notkaninchen-plus-maeusepfeife","status":"publish","type":"product","link":"https:\/\/www.huntersfriend.eu\/de\/produkt\/buck-gardner-notkaninchen-plus-maeusepfeife\/","title":{"rendered":"Buck Gardner Notkaninchen plus M\u00e4usepfeife"},"content":{"rendered":"<p>Der Buck Gardner Notkaninchen plus M\u00e4usepfeife ist darauf ausgelegt, das laute, hochfrequente Quieken eines in Not geratenen Kaninchens f\u00fcr Rufe \u00fcber weite Entfernungen zu reproduzieren &#8211; und anschlie\u00dfend die Aufgabe mit sanfteren M\u00e4use- oder Nagerger\u00e4uschen zu vollenden. Der Notkaninchen-Locker ist aus nahezu unzerst\u00f6rbarem Polycarbonat gefertigt, um jahrelanger intensiver Jagdnutzung standzuhalten. <\/p>\n<p><strong>Farbe:<\/strong> Braun<\/p>\n","protected":false},"excerpt":{"rendered":"<p>Raubwildlocker<\/p>\n","protected":false},"featured_media":228096,"comment_status":"open","ping_status":"closed","template":"","meta":[],"product_brand":[],"product_cat":[1181],"product_tag":[2292,2300],"class_list":{"0":"post-281051","1":"product","2":"type-product","3":"status-publish","4":"has-post-thumbnail","6":"product_cat-raubwild-locker","7":"product_tag-anrufen","8":"product_tag-raubwild","10":"first","11":"instock","12":"taxable","13":"shipping-taxable","14":"purchasable","15":"product-type-simple"},"composite_virtual":false,"composite_layout":"","composite_add_to_cart_form_location":"","composite_editable_in_cart":false,"composite_sold_individually_context":"","composite_shop_price_calc":"","composite_components":[],"composite_scenarios":[],"group_of_quantity":0,"min_quantity":0,"max_quantity":"","exclude_order_quantity_value_rules":"no","exclude_category_quantity_rules":"no","combine_variations":"no","exclude_global_add_ons":[],"addons":[],"_links":{"self":[{"href":"https:\/\/www.huntersfriend.eu\/de\/wp-json\/wp\/v2\/product\/281051","targetHints":{"allow":["GET"]}}],"collection":[{"href":"https:\/\/www.huntersfriend.eu\/de\/wp-json\/wp\/v2\/product"}],"about":[{"href":"https:\/\/www.huntersfriend.eu\/de\/wp-json\/wp\/v2\/types\/product"}],"replies":[{"embeddable":true,"href":"https:\/\/www.huntersfriend.eu\/de\/wp-json\/wp\/v2\/comments?post=281051"}],"wp:featuredmedia":[{"embeddable":true,"href":"https:\/\/www.huntersfriend.eu\/de\/wp-json\/wp\/v2\/media\/228096"}],"wp:attachment":[{"href":"https:\/\/www.huntersfriend.eu\/de\/wp-json\/wp\/v2\/media?parent=281051"}],"wp:term":[{"taxonomy":"product_brand","embeddable":true,"href":"https:\/\/www.huntersfriend.eu\/de\/wp-json\/wp\/v2\/product_brand?post=281051"},{"taxonomy":"product_cat","embeddable":true,"href":"https:\/\/www.huntersfriend.eu\/de\/wp-json\/wp\/v2\/product_cat?post=281051"},{"taxonomy":"product_tag","embeddable":true,"href":"https:\/\/www.huntersfriend.eu\/de\/wp-json\/wp\/v2\/product_tag?post=281051"}],"curies":[{"name":"wp","href":"https:\/\/api.w.org\/{rel}","templated":true}]}}