{"id":281044,"date":"2019-03-03T11:52:11","date_gmt":"2019-03-03T09:52:11","guid":{"rendered":"https:\/\/www.huntersfriend.eu\/product\/vanetec-hd-heavy-duty-2-befiederung\/"},"modified":"2026-04-10T11:39:24","modified_gmt":"2026-04-10T09:39:24","slug":"vanetec-hd-heavy-duty-2-befiederung","status":"publish","type":"product","link":"https:\/\/www.huntersfriend.eu\/de\/produkt\/vanetec-hd-heavy-duty-2-befiederung\/","title":{"rendered":"Vanetec HD (Heavy Duty) 2&#8243; Befiederung"},"content":{"rendered":"<p>Die HD-Befiederung weist die gleiche Form und Konsistenz auf wie die 2&#8243;-High-Profile-Befiederung, ist jedoch dicker und verf\u00fcgt \u00fcber eine etwas breitere Basis, was zu einer erheblich robusteren Befiederung f\u00fchrt.<\/p>\n<p>Speziell entwickelt f\u00fcr Bogensch\u00fctzen, die VaneTec-Pr\u00e4zision mit erh\u00f6hter Widerstandsf\u00e4higkeit kombinieren m\u00f6chten.<\/p>\n<p>&nbsp;<\/p>\n<p>&nbsp;<\/p>\n<p>&nbsp;<\/p>\n<p>&nbsp;<\/p>\n<hr class=\"red\">\n<div id=\"att-instr-links\"><\/div>\n","protected":false},"excerpt":{"rendered":"<p>Eine robuste Jagdbefiederung<\/p>\n","protected":false},"featured_media":70320,"comment_status":"open","ping_status":"closed","template":"","meta":[],"product_brand":[],"product_cat":[1097,1222],"product_tag":[],"class_list":{"0":"post-281044","1":"product","2":"type-product","3":"status-publish","4":"has-post-thumbnail","6":"product_cat-fletching-de","7":"product_cat-sonderangebote","9":"first","10":"instock","11":"sale","12":"taxable","13":"shipping-taxable","14":"purchasable","15":"product-type-variable"},"composite_virtual":false,"composite_layout":"","composite_add_to_cart_form_location":"","composite_editable_in_cart":false,"composite_sold_individually_context":"","composite_shop_price_calc":"","composite_components":[],"composite_scenarios":[],"group_of_quantity":0,"min_quantity":0,"max_quantity":"","exclude_order_quantity_value_rules":"no","exclude_category_quantity_rules":"no","combine_variations":"no","exclude_global_add_ons":[],"addons":[],"_links":{"self":[{"href":"https:\/\/www.huntersfriend.eu\/de\/wp-json\/wp\/v2\/product\/281044","targetHints":{"allow":["GET"]}}],"collection":[{"href":"https:\/\/www.huntersfriend.eu\/de\/wp-json\/wp\/v2\/product"}],"about":[{"href":"https:\/\/www.huntersfriend.eu\/de\/wp-json\/wp\/v2\/types\/product"}],"replies":[{"embeddable":true,"href":"https:\/\/www.huntersfriend.eu\/de\/wp-json\/wp\/v2\/comments?post=281044"}],"wp:featuredmedia":[{"embeddable":true,"href":"https:\/\/www.huntersfriend.eu\/de\/wp-json\/wp\/v2\/media\/70320"}],"wp:attachment":[{"href":"https:\/\/www.huntersfriend.eu\/de\/wp-json\/wp\/v2\/media?parent=281044"}],"wp:term":[{"taxonomy":"product_brand","embeddable":true,"href":"https:\/\/www.huntersfriend.eu\/de\/wp-json\/wp\/v2\/product_brand?post=281044"},{"taxonomy":"product_cat","embeddable":true,"href":"https:\/\/www.huntersfriend.eu\/de\/wp-json\/wp\/v2\/product_cat?post=281044"},{"taxonomy":"product_tag","embeddable":true,"href":"https:\/\/www.huntersfriend.eu\/de\/wp-json\/wp\/v2\/product_tag?post=281044"}],"curies":[{"name":"wp","href":"https:\/\/api.w.org\/{rel}","templated":true}]}}